{"id":74,"date":"2015-08-17T02:47:37","date_gmt":"2015-08-17T07:47:37","guid":{"rendered":"https:\/\/my.dev.vanderbilt.edu\/vandyinfrance\/?page_id=74"},"modified":"2017-11-15T13:51:38","modified_gmt":"2017-11-15T18:51:38","slug":"courses","status":"publish","type":"page","link":"https:\/\/my.dev.vanderbilt.edu\/vandyinfrance\/courses\/","title":{"rendered":"Courses"},"content":{"rendered":"<p>Our students come with a wide range of proficiency in French. We modify our program each semester to fit the needs of the students who enroll. If you want to know what courses will be offered during a particular semester, please contact the director of the program,<a href=\"mailto:maite.monchal@vanderbilt.edu\"> Mait\u00e9 Monchal<\/a>.<\/p>\n<p style=\"text-align: center\"><a href=\"https:\/\/cdn-dev.vanderbilt.edu\/t2-my-dev\/wp-content\/uploads\/sites\/1821\/2015\/08\/classroom1.jpg\"><img loading=\"lazy\" decoding=\"async\" class=\"aligncenter size-large wp-image-109\" src=\"https:\/\/cdn-dev.vanderbilt.edu\/t2-my-dev\/wp-content\/uploads\/sites\/1821\/2015\/08\/classroom1-650x365.jpg\" alt=\"\" width=\"650\" height=\"365\" srcset=\"https:\/\/cdn-dev.vanderbilt.edu\/t2-my-dev\/wp-content\/uploads\/sites\/1821\/2015\/08\/classroom1-650x365.jpg 650w, https:\/\/cdn-dev.vanderbilt.edu\/t2-my-dev\/wp-content\/uploads\/sites\/1821\/2015\/08\/classroom1-300x168.jpg 300w, https:\/\/cdn-dev.vanderbilt.edu\/t2-my-dev\/wp-content\/uploads\/sites\/1821\/2015\/08\/classroom1.jpg 800w\" sizes=\"auto, (max-width: 650px) 100vw, 650px\" \/><\/a><\/p>\n<p><strong>FREN 1101 and 1102 INTRODUCTION TO FRENCH IN THE WORLD<\/strong> (Fall, Spring, Summer). For beginners. Assuming no prior knowledge of French, this course moves quickly through two normal semesters worth of material, touching on all of the basic grammar points of the French language. (6 credits)\u00a0<a href=\"https:\/\/cdn-dev.vanderbilt.edu\/t2-my-dev\/wp-content\/uploads\/sites\/1821\/2016\/03\/FR1103-F15-Course-Description.pdf\">syllabus<\/a><\/p>\n<p><strong>FREN 2203 INTERMEDIATE FRENCH\u00a0LANGUAGE &amp; CULTURE<\/strong> (Fall, Spring, Summer). Assumes one year (or one accelerated semester) of French. Reinforces and expands on the work done in first year French. (3 credits) <a href=\"https:\/\/cdn-dev.vanderbilt.edu\/t2-my-dev\/wp-content\/uploads\/sites\/1821\/2016\/03\/VIF-2203-Course-description-.pdf\">syllabus<\/a><\/p>\n<p><strong>FREN 2891 CROSS CULTURAL COMMUNICATION<\/strong> Course taught in English designed to build intercultural competences in a multicultural France. Its objective is to facilitate the integration of students and develop their multicultural sensitivity, based on a cross-cultural analysis of values and assumptions underlying language, behavior and institutions in modern France. Through the study of methodological texts and personal research the students will be invited to move from ethnocentrism to ethnorelativism. (Fall, Spring) Mait\u00e9 MONCHAL. (3 credits) <a href=\"https:\/\/cdn-dev.vanderbilt.edu\/t2-my-dev\/wp-content\/uploads\/sites\/1821\/2016\/03\/Fr-2891-Cross-Cultural-Communication.pdf\">syllabus<\/a><\/p>\n<p><strong>FREN 2550w LES FRAN\u00c7AIS DANS LE MONDE<\/strong>\u00a0Ce cours est destin\u00e9 aux \u00e9tudiants qui auront compl\u00e9t\u00e9 FREN 2203. Il mettra l&#8217;accent sur l&#8217;expression \u00e9crite dans les quatre contextes suivants: lecture, \u00e9criture, expression orale et \u00e9coute. L&#8217;objectif principal, sera le d\u00e9veloppement du vocabulaire et la ma\u00eetrise de structures synthaxiques plus sophistiqu\u00e9es. (Fall, Spring) Maryse SARLIN (3 credits)\u00a0<a href=\"https:\/\/cdn-dev.vanderbilt.edu\/t2-my-dev\/wp-content\/uploads\/sites\/1821\/2016\/03\/FREN2550wsyllabus.pdf\">syllabus<\/a><\/p>\n<p><strong>FREN 2614 CONVERSATION AVANC\u00c9E<\/strong> Ce cours vise \u00e0 d\u00e9velopper la pratique du fran\u00e7ais oral pour les diff\u00e9rents savoir-faire ou pratiques communicatives. Anabelle MARTIN (Fall, Spring, Summer) (3 credits) <a href=\"https:\/\/cdn-dev.vanderbilt.edu\/t2-my-dev\/wp-content\/uploads\/sites\/1821\/2016\/03\/VIF-2614.pdf\">syllabus<\/a><\/p>\n<p><strong>FREN 3180 LA PROVENCE<\/strong> L&#8217;histoire de la Provence est tr\u00e8s riche et tr\u00e8s ancienne. Elle a mis en place une culture r\u00e9gionale tr\u00e8s complexe \u00e0 la fois m\u00e9diterran\u00e9enne et continentale, o\u00f9 Grecs, Romains et Gaulois se sont m\u00eal\u00e9s. Le cours aborde la pr\u00e9sentation socioculturelle de la Provence en se r\u00e9f\u00e9rant \u00e0 la longue dur\u00e9e historique, o\u00f9 la vie contemporaine m\u00e9lange les activit\u00e9s actuelles et les acquis anciens. (Fall, Spring) Yves GERBAL (3 credits)\u00a0<a href=\"https:\/\/cdn-dev.vanderbilt.edu\/t2-my-dev\/wp-content\/uploads\/sites\/1821\/2016\/03\/provence.pdf\">syllabus<\/a><\/p>\n<p><strong>FREN 3188 FRENCH MEDIA AND GLOBAL CONFLICTS <\/strong>A travers l&#8217;apprentissage de la lecture de la presse fran\u00e7aise (quotidiens hebdomadaires) l&#8217;objectif de ce cours est d&#8217;analyser et de discuter les grandes questions d\u00e9battues au sein de la soci\u00e9t\u00e9 fran\u00e7aise, mais aussi d&#8217;appr\u00e9hender les probl\u00e8mes nationaux et internationaux. (Spring) Claude PELOPIDAS (3 credits) <a href=\"https:\/\/cdn-dev.vanderbilt.edu\/t2-my-dev\/wp-content\/uploads\/sites\/1821\/2015\/08\/fr31881.pdf\">syllabus<\/a><\/p>\n<p><strong>FREN 4284 ART ET LITTERATURE XIX SI\u00c8CLE<\/strong><span style=\"font-size: 13px\"> Ce cours propose une \u00e9tude de textes litt\u00e9raires, de peintures et d&#8217;arts graphiques de la premi\u00e8re moiti\u00e9 du XIX si\u00e8cle. (Fall) Colette GAILLIEGUE (3 credits) <\/span><a href=\"https:\/\/cdn-dev.vanderbilt.edu\/t2-my-dev\/wp-content\/uploads\/sites\/1821\/2016\/03\/fr-4284.pdf\">syllabus<\/a><\/p>\n<p><strong>FREN 4285 ART ET LITTERATURE XX SI\u00c8CLE<\/strong> Ce cours est une \u00e9tude des textes, \u0153uvres d&#8217;art et arts graphiques de la fin du XIX si\u00e8cle au XX si\u00e8cle. Colette GAILLIEGUE (Spring) (3 credits) <a href=\"https:\/\/cdn-dev.vanderbilt.edu\/t2-my-dev\/wp-content\/uploads\/sites\/1821\/2016\/03\/VIF-42851.pdf\">syllabus<\/a><\/p>\n<p><strong>FREN 3880 Internship research<\/strong> &#8211; this course is partnered with 3881. All internships involve a research and writing component in addition to work at the placement site.\u00a0 (Fall, Spring, Summer)\u00a0<a href=\"https:\/\/cdn-dev.vanderbilt.edu\/t2-my-dev\/wp-content\/uploads\/sites\/1821\/2015\/08\/fr38803881.pdf\">syllabus<\/a><\/p>\n<p><strong>FREN 3881 Internship training<\/strong> &#8211; see 3880. (Fall, Spring, Summer)<\/p>\n<p><strong>MHS3890 POLITIQUE DE SANTE EN FRANCE ET ORGANISATION DU SYSTEME DE SANTE EN FRANCE ET EN EUROPE<\/strong> This course aims at providing a solid knowledge of the organization of public health systems in France and Europe. Taking the French system as a basis, this course will explore what determines health priority settings, the relationship involved in policy making and how systems are shaped by differences in cultural assumptions about health. Evelyne BERSIER (3 credits) <a href=\"https:\/\/cdn-dev.vanderbilt.edu\/t2-my-dev\/wp-content\/uploads\/sites\/1821\/2016\/03\/SYLLABI-MHS-3890-2016.pdf\">syllabus<\/a><\/p>\n<p><strong>PSCI 3897 L&#8217;UNION EUROP\u00c9ENNE<\/strong>. Claude PELOPIDAS \u00a0\u00a0<a href=\"https:\/\/cdn-dev.vanderbilt.edu\/t2-my-dev\/wp-content\/uploads\/sites\/1821\/2015\/08\/systeme-communautaire-europeen.pdf\">syllabus<\/a><\/p>\n<p><strong>FRENCH AND ENGLISH COURSES AT THE INSTITUT D&#8217;ETUDES POLITIQUES<\/strong> d&#8217;Aix Students have the opportunity to enroll in courses given in French and in English at the Institut d&#8217;Etudes Politiques in Aix. The following courses have been approved for the program and are taught regularly. These courses can and do vary, however, so be prepared for some flexibility:<\/p>\n<p><strong>Fall<\/strong> <a href=\"https:\/\/my.dev.vanderbilt.edu\/vandyinfrance\/wp-content\/uploads\/sites\/1821\/2016\/03\/SYLLABUS-IEP-American-Political-Society%2c-2015-PDF.pdf\">American\u00a0Political Society<\/a>; <a href=\"https:\/\/cdn-dev.vanderbilt.edu\/t2-my-dev\/wp-content\/uploads\/sites\/1821\/2015\/08\/Fighting-economic-crime.pdf\">Fighting Economic Crime in the EU<\/a>; <a href=\"https:\/\/cdn-dev.vanderbilt.edu\/t2-my-dev\/wp-content\/uploads\/sites\/1821\/2016\/03\/syllabus-RI-France-in-a-global-context-pdf.pdf\">France in a Global Context<\/a>; Geopolitics of the Indian Subcontinent; Globalization and Democratic Governance I; <a href=\"https:\/\/cdn-dev.vanderbilt.edu\/t2-my-dev\/wp-content\/uploads\/sites\/1821\/2016\/03\/SYLLABUS-IEP-2015-2016-Globalization-and-Human-Rights.pdf\">Globalization and Human Rights<\/a>;<a href=\"https:\/\/cdn-dev.vanderbilt.edu\/t2-my-dev\/wp-content\/uploads\/sites\/1821\/2016\/03\/History-of-International-relations-1.pdf\"> History of International Relations I<\/a>; \u00a0<a href=\"https:\/\/cdn-dev.vanderbilt.edu\/t2-my-dev\/wp-content\/uploads\/sites\/1821\/2016\/03\/Humanitarian-crise.pdf\">International Relations and Humanitarian Crisis<\/a>; Politics of the European Union; <a href=\"https:\/\/cdn-dev.vanderbilt.edu\/t2-my-dev\/wp-content\/uploads\/sites\/1821\/2016\/03\/SYLLABUS-Religions-and-International-Relations-2015-2016.pdf\">Religion and International Relations<\/a>; <a href=\"https:\/\/cdn-dev.vanderbilt.edu\/t2-my-dev\/wp-content\/uploads\/sites\/1821\/2016\/03\/SYLLABUS-ViolenceandPoliticsMCL.pdf\">Violence and Politics<\/a>; Wine, Economics and Society<\/p>\n<p><strong> Spring<\/strong> <a href=\"https:\/\/cdn-dev.vanderbilt.edu\/t2-my-dev\/wp-content\/uploads\/sites\/1821\/2015\/08\/1433949201-spx-syllabus-american-engagement-and-international-relations-2.pdf\">American Engagement and International Relations<\/a>; Comparative politics; Contemporary China; <a href=\"https:\/\/cdn-dev.vanderbilt.edu\/t2-my-dev\/wp-content\/uploads\/sites\/1821\/2016\/03\/Contemporary-History-of-Mediterranean-DUMASY.pdf\">Contemporary History of the Mediterranean System<\/a>; <a href=\"https:\/\/cdn-dev.vanderbilt.edu\/t2-my-dev\/wp-content\/uploads\/sites\/1821\/2016\/03\/European-Business-Law-BOSCO.pdf\">European Business Law and Strategies of the Firm<\/a>; <a href=\"https:\/\/cdn-dev.vanderbilt.edu\/t2-my-dev\/wp-content\/uploads\/sites\/1821\/2016\/03\/External-relations-of-the-EU-MET-DOMESTICI.pdf\">External Relations of the European Union<\/a>; <a href=\"https:\/\/cdn-dev.vanderbilt.edu\/t2-my-dev\/wp-content\/uploads\/sites\/1821\/2016\/03\/syllabus-RI-fighting-economic-crime.pdf\">Fighting economic crime<\/a>; Financial Globalization and Financial Crisis; <a href=\"https:\/\/cdn-dev.vanderbilt.edu\/t2-my-dev\/wp-content\/uploads\/sites\/1821\/2015\/08\/1433949210-spx-syllabus-gender-and-politics.pdf\">Gender and Politics<\/a>; Geopolitics and Naval Powers; History of International Relations II; <a href=\"https:\/\/cdn-dev.vanderbilt.edu\/t2-my-dev\/wp-content\/uploads\/sites\/1821\/2016\/03\/Law-and-Religions-Blandine-Chelini-Pont.pdf\">Law and Religion<\/a><\/p>\n","protected":false},"excerpt":{"rendered":"<p>Our students come with a wide range of proficiency in French. We modify our program each semester to fit the needs of the students who enroll. If you want to know what courses will be offered during a particular semester, please contact the director of the program, Mait\u00e9 Monchal. FREN 1101 and 1102 INTRODUCTION TO&#8230;<\/p>\n","protected":false},"author":21,"featured_media":0,"parent":0,"menu_order":2,"comment_status":"closed","ping_status":"closed","template":"","meta":{"footnotes":""},"tags":[],"class_list":["post-74","page","type-page","status-publish","hentry"],"_links":{"self":[{"href":"https:\/\/my.dev.vanderbilt.edu\/vandyinfrance\/wp-json\/wp\/v2\/pages\/74","targetHints":{"allow":["GET"]}}],"collection":[{"href":"https:\/\/my.dev.vanderbilt.edu\/vandyinfrance\/wp-json\/wp\/v2\/pages"}],"about":[{"href":"https:\/\/my.dev.vanderbilt.edu\/vandyinfrance\/wp-json\/wp\/v2\/types\/page"}],"author":[{"embeddable":true,"href":"https:\/\/my.dev.vanderbilt.edu\/vandyinfrance\/wp-json\/wp\/v2\/users\/21"}],"replies":[{"embeddable":true,"href":"https:\/\/my.dev.vanderbilt.edu\/vandyinfrance\/wp-json\/wp\/v2\/comments?post=74"}],"version-history":[{"count":42,"href":"https:\/\/my.dev.vanderbilt.edu\/vandyinfrance\/wp-json\/wp\/v2\/pages\/74\/revisions"}],"predecessor-version":[{"id":336,"href":"https:\/\/my.dev.vanderbilt.edu\/vandyinfrance\/wp-json\/wp\/v2\/pages\/74\/revisions\/336"}],"wp:attachment":[{"href":"https:\/\/my.dev.vanderbilt.edu\/vandyinfrance\/wp-json\/wp\/v2\/media?parent=74"}],"wp:term":[{"taxonomy":"post_tag","embeddable":true,"href":"https:\/\/my.dev.vanderbilt.edu\/vandyinfrance\/wp-json\/wp\/v2\/tags?post=74"}],"curies":[{"name":"wp","href":"https:\/\/api.w.org\/{rel}","templated":true}]}}