{"id":6,"date":"2017-08-22T15:29:38","date_gmt":"2017-08-22T15:29:38","guid":{"rendered":"https:\/\/my.dev.vanderbilt.edu\/ndukaifelab\/publications\/"},"modified":"2023-08-28T12:57:32","modified_gmt":"2023-08-28T17:57:32","slug":"publications","status":"publish","type":"page","link":"https:\/\/my.dev.vanderbilt.edu\/ndukaifelab\/publications\/","title":{"rendered":"Publications"},"content":{"rendered":"<p><strong>JOURNAL PUBLICATIONS<\/strong><\/p>\n<ol>\n<li style=\"text-align: left\">Sen Yang, Justus C. Ndukaife, \u201cOptofluidic transport and assembly of nanoparticles using an all dielectric quasi-BIC metasurface\u201d, <strong><span style=\"color: #0000ff\">Light: Science and Applications<\/span><\/strong>, (2023), 12, 188, 11 pages.<\/li>\n<li style=\"text-align: left\">Chuchuan Hong, Justus C. Ndukaife, \u201cExosomes trapping, manipulation and size-based separation using opto-thermo-electrohydrodynamic tweezers\u201d, <strong><span style=\"color: #0000ff\">Nanoscale Advances<\/span><\/strong>, (2023), 5, pp 2973-2978.<\/li>\n<li style=\"text-align: left\">Theodore Anyika, Chuchuan Hong, Justus C. Ndukaife, \u201cHigh-speed nanoscale optical trapping with plasmonic double nanohole aperture\u201d, <span style=\"color: #0000ff\"><strong>Nanoscale<\/strong><\/span>, (2023), 15, pp 9710-9717.<\/li>\n<li style=\"text-align: left\">Sen Yang, Joshua A. Allen, Chuchuan Hong, Kellen P. Arnold, Sharon M. Weiss, Justus C. Ndukaife, \u201cMultiplexed long-range electrohydrodynamic transport and nano-optical trapping with cascaded bowtie photonic crystal nanobeams\u201d, <span style=\"color: #0000ff\"><strong>Physical Review Letters<\/strong><\/span> (2023) 130, 083802, 7 pages.<\/li>\n<li style=\"text-align: left\">Volpe, G.; Marag\u00f2, O. M.; Rubinzstein-Dunlop, H.; Pesce, G.; Stilgoe, A. B.; Volpe, G.; Tkachenko, G.; Truong, V. G.; Chormaic, S. N.; Kalantarifard, F.; Elahi, P.; K\u00e4ll, M.; Callegari, A.; Marqu\u00e9s, M. I.; Neves, A. A. R.; Moreira, W. L.; Fontes, A.; Cesar, C. L.; Saija, R.; Saidi, A.; Beck, P.; Eismann, J. S.; Banzer, P.; Fernandes, T. F. D.; Pedaci, F.; Bowen, W. P.; Vaippully, R.; Lokesh, M.; Roy, B.; Thalhammer, G.; Ritsch-Marte, M.; Garc\u00eda, L. P.; Arzola, A. V.; Castillo, I. P.; Argun, A.; Muenker, T. M.; Vos, B. E.; Betz, T.; Cristiani, I.; Minzioni, P.; Reece, P. J.; Wang, F.; McGloin, D.; Ndukaife, J. C.; Quidant, R.; Roberts, R. P.; Laplane, C.; Volz, T.; Gordon, R.; Hanstorp, D.; Marmolejo, J. T.; Bruce, G. D.; Dholakia, K.; Li, T.; Brzobohaty\u0301, O.; Simpson, S. H.; Zem\u00e1nek, P.; Ritort, F.; Roichman, Y.; Bobkova, V.; Wittkowski, R.; Denz, C.; Kumar, G. V. P.; Foti, A.; Donato, M. G.; Gucciardi, P. G.; Gardini, L.; Bianchi, G.; Kashchuk, A.; Capitanio, M.; Paterson, L.; Jones, P. H.; Berg-S\u00f8rensen, K.; Barooji, Y. F.; Oddershede, L. B.; Pouladian, P.; Preece, D.; Adiels, C. B.; De Luca, A. C.; Magazz\u00f9, A.; Ciriza, D. B.; Iat\u00ec, M. A.; Swartzlander, G. A. \u201cRoadmap for Optical Tweezers\u201d, <strong><span style=\"color: #0000ff\">J. Phys. Photonics<\/span><\/strong> (2023) 5, 022501, 136 pages.<\/li>\n<li style=\"text-align: left\">Chuchuan Hong, Justus C. Ndukaife, \u201cScalable trapping of single nanosized extracellular vesicles using plasmonics\u201d, <strong><span style=\"color: #0000ff\">Nature Communications<\/span><\/strong>, accepted (2023), 8 pages.<\/li>\n<li style=\"text-align: left\">I. Hong, C. Hong, Oleg Tutanov, Clark Massick, Mark Castleberry, Qin Zhang, Dennis K. Jeppesen, James N. Higginbotham, Jeffrey L. Franklin, Kasey Vickers, Robert J. Coffey, Justus C. Ndukaife, \u201cAnapole-assisted low-power optical trapping of nanoscale extracellular vesicles and particles\u201d, <span style=\"color: #0000ff\"><strong>Nano\u00a0<\/strong><\/span><span style=\"color: #0000ff\"><strong>Letters<\/strong><\/span>, accepted (2023), 8 pages.<\/li>\n<li style=\"text-align: left\">Justus C. Ndukaife, \u201cMerging metasurfaces with microfluidics\u201d, [INVITED], <span style=\"color: #0000ff\"><strong>Nature Nanotechnology<\/strong><\/span> (2022) 17, pp 1042-1043.<\/li>\n<li style=\"text-align: left\">Samprity Saha, Chuchuan Hong, Dhruv Fomra, Umit Ozgur, Vitaly Avrutin, Justus C. Ndukaife, Nathaniel Kinsey, \u201cOn-chip integrated quantum emitter with \u2018trap-enhance-guide\u2019: a simulation approach\u201d,<span style=\"color: #0000ff\"> <strong>Optics Express<\/strong> <\/span>(2022) 30, pp 48051-48060.<\/li>\n<li style=\"text-align: left\">Sen Yang, Mingze He, Chuchuan Hong, Josh Caldwell, Justus C. Ndukaife, \u201cEngineering electromagnetic field distribution and resonance quality factor using slotted quasi-BIC metasurfaces\u201d, <span style=\"color: #0000ff\"><strong>Nano Letters<\/strong><\/span> (2022) 22 (20), pp 8060\u20138067.<\/li>\n<li style=\"text-align: left\"><\/li>\n<li style=\"text-align: left\">Chuchuan Hong, Sen Yang, Ivan Kravchenko, <b>Justus C. Ndukaife<\/b>,\u00a0\u201cElectrothermoplasmonic Trapping and Dynamic Manipulation of a Single Colloidal Nanodiamond\u201d, <span style=\"color: #0000ff\"><b>Nano Letters <\/b><\/span>(2021), 21, 12, 4921\u2013492<\/li>\n<li style=\"text-align: left\">Sen Yang, Chuchuan Hong, <strong>Justus C. Ndukaife<\/strong>,\u00a0\u201cNanoparticle trapping in a quasi-BIC system\u201d, <span style=\"color: #0000ff\"><strong>ACS Photonics <\/strong><span style=\"color: #000000\">(2021)\u00a0<\/span><\/span><strong><em>(<\/em><\/strong>https:\/\/doi.org\/10.1021\/acsphotonics.0c01941).<\/li>\n<li style=\"text-align: left\">Chuchuan Hong, Sen Yang, <strong>Justus C. Ndukaife<\/strong>,\u00a0\u201cStand-off trapping and manipulation of sub-10 nm objects and biomolecules using opto-thermo-electrohydrodynamic tweezers\u201d, <span style=\"color: #0000ff\"><strong>Nature Nanotechnology <\/strong><\/span>(2020) DOI: 1038\/s41565-020-0760-z.<\/li>\n<li style=\"text-align: left\">Chuchuan Hong, Sen Yang, Justus C. Ndukaife\u00a0\u201cNanomanipulation with Designer Thermoplasmonic Metasurfaces\u201d, Nanoplasmonics, IntechOpen, 2020<\/li>\n<li>Chuchuan Hong, Sen Yang, Justus C. Ndukaife, &#8220;Optofluidic Control using Plasmonic TiN Bowtie Nanoantenna&#8221; (<strong><em>invited article<\/em><\/strong>), <span style=\"color: #3366ff\">special issue on Advanced Computational Nanophotonics, Optical Materials Express<\/span>, (2019)<\/li>\n<li>Justus C. Ndukaife, Yi Xuan, A. G. Agwu Nnanna, Alexander V. Kildishev, Vladimir M. Shalaev, Steven T. Wereley, Alexandra Boltasseva, &#8220;High-Resolution Large-ensemble Nanoparticles Trapping with Multifunctional Thermoplasmonic Nanohole Metasurface&#8221; <strong><span style=\"color: #3366ff\">ACS Nano<\/span><\/strong> (2018)<\/li>\n<li>Stockman, Mark I., Kneipp, Katrin, Bozhevolnyi, Sergey I., Saha, Soham, Dutta, Aveeka, Justus C. Ndukaife, Kinsey, Natheniel, et. al., Roadmap on plasmonics, <strong><span style=\"color: #3366ff\">Journal of Optics <\/span><\/strong>(2017)<\/li>\n<li>Justus C. Ndukaife, Vladimir M. Shalaev, and Alexandra Boltasseva. &#8220;Plasmonics\u2014turning loss into gain.&#8221; <strong><span style=\"color: #3366ff\">Science<\/span><\/strong>\u00a0351.6271 (2016): 334-335<\/li>\n<li>Justus C. Ndukaife et al., Long-range and rapid transport of individual nano- objects by a hybrid electrothermoplasmonic nanotweezer. <span style=\"color: #0000ff\"><strong>Nature Nanotechnology<\/strong><\/span>\u00a0(2016), doi:10.1038\/NNANO.248<\/li>\n<li>Amr M. Shaltout*, Nathaniel Kinsey*, Jongbum Kim*, Rohith Chandrasekar*, Justus C. Ndukaife*, Alexandra Boltasseva, and Vladimir Shalaev, \u201cDevelopment of Optical Metasurfaces: Emerging Concepts and New Materials\u201d, (accepted in <strong><span style=\"color: #0000ff\">Proceedings of the IEEE)<\/span><\/strong> *Equal contributions<\/li>\n<li>Justus C. Ndukaife, Avanish Mishra, Urcan Guler, George Nnanna, Steven T. Wereley, Alexandra Boltasseva, \u201cPhotothermal Heating Enabled by Plasmonic Nanostructures for Electrokinetic Manipulation and Sorting of Particles\u201d, <strong><span style=\"color: #0000ff\">ACS Nano<\/span><\/strong> 8, no. 9 (2014): 9035\u20139043<\/li>\n<li>Guler, Urcan, Justus C. Ndukaife, Gururaj V. Naik, AG Agwu Nnanna, Alexander V. Kildishev, Vladimir M. Shalaev, and Alexandra Boltasseva. &#8220;Local Heating with Lithographically Fabricated Plasmonic Titanium Nitride Nanoparticles&#8221; <strong><span style=\"color: #0000ff\">Nano \u00a0Letters\u00a0<\/span><\/strong>13, no. 12 (2013): 6078-6083<\/li>\n<li>Justus C. Ndukaife, A. G. Agwu Nnanna, Shadi Salman, Magloire Fandohan \u201cA pump-less discrete opto-fluidic chemical spectrophotometry system (DOCSS) for online in-situ monitoring of dissolved contaminants in aqueous media&#8221;Journal of Water Supply: Research and Technology \u2013AQUA, accepted 2014.<\/li>\n<li>Justus C. Ndukaife, A. G. Agwu Nnanna, and H. W. Pinnick, \u201cDithizone as a Halochromic Material for Fabricating Evanescent Wave-based Chemical Sensors,\u201d Chemical Sensors 2013, 3:1<\/li>\n<\/ol>\n<p><strong>UNITED STATES PATENTS<\/strong><\/p>\n<ul>\n<li>Steven T. Wereley, Agwu Agbai Nnanna, Alexandra Boltasseva, <strong>Justus C. Ndukaife<\/strong> \u201cHybrid Device for On-Chip Concentration, Manipulation, Sorting and Sensing of Particles on a Plasmonic Substrate\u201d U.S. Patent Application Number: 14\/732,673, filed June 6, 2015 (<strong>Patent awarded<\/strong>).<\/li>\n<\/ul>\n<ul>\n<li><strong>Justus C. Ndukaife,<\/strong> Alexandra Boltasseva, A. G. Agwu Nnanna, Steven T. Wereley, Alexander V. Kildishev, Vladimir M. Shalaev, \u201cSystem and method for manipulation of particles\u201d U.S. Patent Application Number: 15\/183,382, filed June 15, 2016 (<strong>Patent awarded<\/strong>).<\/li>\n<\/ul>\n<ul>\n<li><strong>Justus C. Ndukaife,<\/strong> Alexandra Boltasseva, A. G. Agwu Nnanna \u201cSystem and method for trapping and sensing nanoparticles with plasmonic nanopores\u201d U.S. Patent Number:US20170284935A1, filed March 31, 2016 (<strong>Patent awarded<\/strong>).<\/li>\n<\/ul>\n<ul>\n<li><strong>Justus C. Ndukaife<\/strong>, A. G. Agwu Nnanna, Alexander V. Kildishev, Alexandra Boltasseva, \u201cMulti-site Particle Sensing System\u201d U.S. Patent Application Number: 15\/174990, filed June 6, 2016 (<strong>Patent awarded<\/strong>).<\/li>\n<\/ul>\n<ul>\n<li><strong>Justus C. Ndukaife,<\/strong> Directed Assembly of Nanoparticles with Light and Electric Field\u201d U.S. Provisional Application No. 62\/648,738, filed March 27, 2018 (<strong>Patent awarded<\/strong>).<\/li>\n<\/ul>\n<ul>\n<li><strong>Justus C. Ndukaife,<\/strong> \u201cTrapping and Manipulation of Nanoparticles with Light and Electric Field\u201d U.S. Provisional Application No. 63\/056,922, filed July 30, 2020 (<strong>Patent pending<\/strong>).<\/li>\n<\/ul>\n<p><strong>CONFERENCE TALKS<\/strong><br \/>\n1. Justus C. Ndukaife, A. G. Agwu Nnanna, Alexander V. Kildishev, Vladimir M. Shalaev, Steven T. Wereley, Alexandra Boltasseva, \u201cShaping the future of plasmon nano-optical tweezing&#8221;, (invited as late-breaking talk at Gordon Research Conference on Plasmonics and Nanophotonics, 2016)<br \/>\n2. Justus C. Ndukaife, A. G. Agwu Nnanna, Alexander V. Kildishev, Vladimir M. Shalaev, Steven T. Wereley, Alexandra Boltasseva, \u201cOn-demand rapid transport and stable trapping of nanoparticles by a hybrid electrothermoplasmonic nanotweezer\u201d, (submitted to SPIE Optics and Photonics 2016)<br \/>\n3. Justus C. Ndukaife, A. G. Agwu Nnanna, Alexander V. Kildishev, Vladimir M. Shalaev, Steven T. Wereley, Alexandra Boltasseva, \u201cControlled Rapid Delivery and On-chip Trapping of Nanoparticles by a Hybrid Electrothermoplasmonic Nanotweezer\u201d, (submitted to CLEO 2016)<br \/>\n4. Justus C. Ndukaife, A. G. Agwu Nnanna, Vladimir M. Shalaev, Steven T. Wereley, Alexandra Boltasseva, \u201cThe hybrid electrothermoplasmonic nanotweezer: A new paradigm in nanomanipulation\u201d, (to be presented at MRS Spring Meeting, Phoenix, AZ, March 2016)<br \/>\n5. Justus C. Ndukaife, A. G. Agwu Nnanna, Steven T. Wereley, Vladimir M. Shalaev, Alexandra Boltasseva, \u201cPlasmofluidic Device for On-chip Concentration, Manipulation and Sensing of Particles using TiN Plasmonic Nanoantenna Array\u201d, (presented at MRS Fall Meeting, Boston, MA, December 2015)<br \/>\n6. Justus C. Ndukaife, A. G. Agwu Nnanna, Alexander V. Kildishev, Vladimir M. Shalaev, Steven T. Wereley, Alexandra Boltasseva, \u201cHybrid Electroplasmonic Nanotweezer (HENT): Shaping the Future of Nanomanipulation\u201d, (poster presented at ASME IMECE Micro\/Nano Forum 2015, Houston Texas, USA, November 13-19, 2015). (Best paper award)<br \/>\n7. Justus C. Ndukaife, A. G. Agwu Nnanna, Alexandra Boltasseva, Steven T. Wereley, \u201cVersatile Plasmofluidic Device for Long-range Transport and On-chip Capture of Particles\u201d,(oral presentation at 11th International Symposium on PIV, Santa Barbara, CA September 14-16, 2015)<br \/>\n8. Justus C. Ndukaife, Alexander V. Kildishev, A. G. Agwu Nnanna, Steven T. Wereley, Vladimir M. Shalaev, Alexandra Boltasseva, \u201cElectrothermoplasmonic Flow for Plasmon-assisted Optical Trapping\u201d, (invited talk for 2015 SPIE Conference on Plasmonics: Metallic Nanostructures and Their Optical Properties XIII, San Diego, California, USA, August 9-13, 2015)<br \/>\n9. Justus C. Ndukaife, Alexander V. Kildishev, A. G. Agwu Nnanna, Steven T. Wereley, Vladimir M. Shalaev, Alexandra Boltasseva, \u201cHybrid Electroplasmonic Nanotweezer (HENT): Versatile Plasmofluidic Device for On-chip Capture, Manipulation and Printing of Particles on Plasmonic Hotspots\u201d, (poster presented at Summer School on Complex Photonics at the International School of Physics, Enrico Fermi, Varenna, Italy, July 13-18, 2015)<br \/>\n10. Justus C. Ndukaife, Alexander V. Kildishev, A. G. Agwu Nnanna, Steven T. Wereley, Vladimir M. Shalaev, Alexandra Boltasseva, \u201cVersatile Plasmofluidic Device for On-chip Concentration, Manipulation and Sensing of Particles in Suspensions\u201d, (poster presented at the Gordon Research Conference on Microfluidics, Mount Snow, VT, June 2015)<br \/>\n11. Justus C. Ndukaife, Alexander V. Kildishev, A. G. Agwu Nnanna, Steven T. Wereley, Vladimir M. Shalaev, Alexandra Boltasseva, \u201cPlasmon-Assisted Optoelectrofluidics\u201d, (oral presentation AW3K.5, CLEO \/A&amp;T Topical Review &#8211; Optofluidics Microsystems I, 2015 Conference, San Jose, CA, USA, May 10-15, 2015)<br \/>\n12. Justus C. Ndukaife, Avanish Mishra, Urcan Guler, A. G. Agwu Nnanna, Steven T. Wereley, Alexandra Boltasseva, \u201c Photothermal heating enabled by plasmonic nanoantennas for electrokinetic manipulation and sorting of submicron particles\u201d, (oral presentation FTh1K.2, CLEO 2014, San Jose, CA, USA, June 8-13, 2014)<br \/>\n13. Urcan Guler, Justus C. Ndukaife, Gururaj V. Naik, A. G. Agwu Nnanna, Alexander V. Kildishev, Vladimir M. Shalaev, and Alexandra Boltasseva, \u201cLocal heating with titanium nitride nanoparticles,\u201d (oral presentation QTu1A.2, CLEO\/QELS 2013, San Jose, CA, USA, June 9-14, 2013)<br \/>\n14. Justus C. Ndukaife, Avanish Mishra, Urcan Guler, A. G. Agwu Nnanna, Steven T. Wereley, Alexandra Boltasseva, \u201c Thermoplasmonics for Optofluidics\u201d, NSF Center for Photonics and Multiscale Nanomaterials IRG2 Review Meeting, March 28, 2014, Purdue University, W\/L, USA<br \/>\n15. Justus C. Ndukaife, Avanish Mishra, Urcan Guler, A. G. Agwu Nnanna, Steven T. Wereley, Alexandra Boltasseva, \u201cA new Plasmofluidic Device for On-chip Concentration, Manipulation and Sorting of Particles on a Plasmonic Substrate\u201d, (NSF Center for Photonics and Multiscale Nanomaterials All-Hands Meeting, September 26, 2014, University of Michigan, Ann Arbor, USA)<br \/>\n16. Justus C. Ndukaife, A. G. Agwu Nnanna, 2012, \u201cA Microfluidic Chemical-Spectrophotometry (MCS) system for in-situ monitoring of heavy metals\u201d (National Monitoring Conference, Portland, Oregon, April 30-May 4, 2012)<br \/>\n17. Justus C. Ndukaife, A. G. Agwu Nnanna, 2012, \u201cA novel application of dithizone in an evanescent wave sensor for rapid detection of acidic gasses and ammonia\u201d, (National Monitoring Conference, Portland, Oregon, April 30-May 4, 2012)<\/p>\n","protected":false},"excerpt":{"rendered":"<p>JOURNAL PUBLICATIONS Sen Yang, Justus C. Ndukaife, \u201cOptofluidic transport and assembly of nanoparticles using an all dielectric quasi-BIC metasurface\u201d, Light: Science and Applications, (2023), 12, 188, 11 pages. Chuchuan Hong, Justus C. Ndukaife, \u201cExosomes trapping, manipulation and size-based separation using opto-thermo-electrohydrodynamic tweezers\u201d, Nanoscale Advances, (2023), 5, pp 2973-2978. Theodore Anyika, Chuchuan Hong, Justus C. Ndukaife,&#8230;<\/p>\n","protected":false},"author":6871,"featured_media":0,"parent":0,"menu_order":17,"comment_status":"closed","ping_status":"closed","template":"","meta":{"_monsterinsights_skip_tracking":false,"_monsterinsights_sitenote_active":false,"_monsterinsights_sitenote_note":"","_monsterinsights_sitenote_category":0,"footnotes":""},"tags":[],"class_list":["post-6","page","type-page","status-publish","hentry"],"_links":{"self":[{"href":"https:\/\/my.dev.vanderbilt.edu\/ndukaifelab\/wp-json\/wp\/v2\/pages\/6","targetHints":{"allow":["GET"]}}],"collection":[{"href":"https:\/\/my.dev.vanderbilt.edu\/ndukaifelab\/wp-json\/wp\/v2\/pages"}],"about":[{"href":"https:\/\/my.dev.vanderbilt.edu\/ndukaifelab\/wp-json\/wp\/v2\/types\/page"}],"author":[{"embeddable":true,"href":"https:\/\/my.dev.vanderbilt.edu\/ndukaifelab\/wp-json\/wp\/v2\/users\/6871"}],"replies":[{"embeddable":true,"href":"https:\/\/my.dev.vanderbilt.edu\/ndukaifelab\/wp-json\/wp\/v2\/comments?post=6"}],"version-history":[{"count":23,"href":"https:\/\/my.dev.vanderbilt.edu\/ndukaifelab\/wp-json\/wp\/v2\/pages\/6\/revisions"}],"predecessor-version":[{"id":834,"href":"https:\/\/my.dev.vanderbilt.edu\/ndukaifelab\/wp-json\/wp\/v2\/pages\/6\/revisions\/834"}],"wp:attachment":[{"href":"https:\/\/my.dev.vanderbilt.edu\/ndukaifelab\/wp-json\/wp\/v2\/media?parent=6"}],"wp:term":[{"taxonomy":"post_tag","embeddable":true,"href":"https:\/\/my.dev.vanderbilt.edu\/ndukaifelab\/wp-json\/wp\/v2\/tags?post=6"}],"curies":[{"name":"wp","href":"https:\/\/api.w.org\/{rel}","templated":true}]}}