{"id":56,"date":"2014-02-21T16:14:58","date_gmt":"2014-02-21T21:14:58","guid":{"rendered":"https:\/\/my.dev.vanderbilt.edu\/ncgoa14\/?page_id=56"},"modified":"2017-05-03T14:53:42","modified_gmt":"2017-05-03T19:53:42","slug":"participants","status":"publish","type":"page","link":"https:\/\/my.dev.vanderbilt.edu\/ncgoa17\/participants\/","title":{"rendered":"Participants"},"content":{"rendered":"<p><span class=\"wp-table-reloaded-table-description-id-5 wp-table-reloaded-table-description\">This is a list of participants for the NCGOA conference. The minicourse speakers are listed in red, the invited speakers are listed in blue, and all other participants are listed in black.<\/span><\/p>\n<p>&nbsp;<\/p>\n<table id=\"tablepress-1\" class=\"tablepress tablepress-id-1\">\n<thead>\n<tr class=\"row-1 odd\">\n<th class=\"column-1\">First Name<\/th>\n<th class=\"column-2\">Last Name<\/th>\n<th class=\"column-3\">Title<\/th>\n<th class=\"column-4\">Institution<\/th>\n<\/tr>\n<\/thead>\n<tbody>\n<tr class=\"row-2 even\">\n<td class=\"column-1\">Roy<\/td>\n<td class=\"column-2\">Araiza<\/td>\n<td class=\"column-3\">Graduate Student<\/td>\n<td class=\"column-4\">Purdue University<\/td>\n<\/tr>\n<tr class=\"row-3 odd\">\n<td class=\"column-1\">Scott<\/td>\n<td class=\"column-2\">Atkinson<\/td>\n<td class=\"column-3\">Postdoc<\/td>\n<td class=\"column-4\">Vanderbilt University<\/td>\n<\/tr>\n<tr class=\"row-4 even\">\n<td class=\"column-1\">Bartosova<\/td>\n<td class=\"column-2\">Dana<\/td>\n<td class=\"column-3\">Postdoc<\/td>\n<td class=\"column-4\">Carnegie Mellon University<\/td>\n<\/tr>\n<tr class=\"row-5 odd\">\n<td class=\"column-1\">Anton<\/td>\n<td class=\"column-2\">Bernshteyn<\/td>\n<td class=\"column-3\">Graduate Student<\/td>\n<td class=\"column-4\">University of Illinois at Urbana-Champaign<\/td>\n<\/tr>\n<tr class=\"row-6 even\">\n<td class=\"column-1\">Dietmar<\/td>\n<td class=\"column-2\">Bisch<\/td>\n<td class=\"column-3\">Professor<\/td>\n<td class=\"column-4\">Vanderbilt University<\/td>\n<\/tr>\n<tr class=\"row-7 odd\">\n<td class=\"column-1\">Marcel<\/td>\n<td class=\"column-2\">Bischoff<\/td>\n<td class=\"column-3\">Postdoc<\/td>\n<td class=\"column-4\">Vanderbilt University<\/td>\n<\/tr>\n<tr class=\"row-8 even\">\n<td class=\"column-1\">Filippo<\/td>\n<td class=\"column-2\">Calderoni<\/td>\n<td class=\"column-3\">Graduate Student<\/td>\n<td class=\"column-4\">University of Turin<\/td>\n<\/tr>\n<tr class=\"row-9 odd\">\n<td class=\"column-1\"><span style=\"color: #0000ff\">Alessandro<\/span><\/td>\n<td class=\"column-2\"><span style=\"color: #0000ff\">Carderi<\/span><\/td>\n<td class=\"column-3\"><span style=\"color: #0000ff\">Postdoc<\/span><\/td>\n<td class=\"column-4\"><span style=\"color: #0000ff\">TU Dresden<\/span><\/td>\n<\/tr>\n<tr class=\"row-10 even\">\n<td class=\"column-1\">Ian<\/td>\n<td class=\"column-2\">Charlesworth<\/td>\n<td class=\"column-3\">Graduate Student<\/td>\n<td class=\"column-4\">University of California, Los Angeles<\/td>\n<\/tr>\n<tr class=\"row-11 odd\">\n<td class=\"column-1\"><span style=\"color: #0000ff\">Ionut<\/span><\/td>\n<td class=\"column-2\"><span style=\"color: #0000ff\">Chifan<\/span><\/td>\n<td class=\"column-3\"><span style=\"color: #0000ff\">Professor<\/span><\/td>\n<td class=\"column-4\"><span style=\"color: #0000ff\">University of Iowa<\/span><\/td>\n<\/tr>\n<tr class=\"row-12 even\">\n<td class=\"column-1\"><span style=\"color: #0000ff\">Clinton<\/span><\/td>\n<td class=\"column-2\"><span style=\"color: #0000ff\">Conley<\/span><\/td>\n<td class=\"column-3\"><span style=\"color: #0000ff\">Professor<\/span><\/td>\n<td class=\"column-4\"><span style=\"color: #0000ff\">Carnegie Mellon University<\/span><\/td>\n<\/tr>\n<tr class=\"row-13 odd\">\n<td class=\"column-1\">Kristin<\/td>\n<td class=\"column-2\">Courtney<\/td>\n<td class=\"column-3\">Graduate Student<\/td>\n<td class=\"column-4\">University of Virginia<\/td>\n<\/tr>\n<tr class=\"row-14 even\">\n<td class=\"column-1\">Sayan<\/td>\n<td class=\"column-2\">Das<\/td>\n<td class=\"column-3\">Graduate Student<\/td>\n<td class=\"column-4\">Vanderbilt University<\/td>\n<\/tr>\n<tr class=\"row-15 odd\">\n<td class=\"column-1\">Zachary<\/td>\n<td class=\"column-2\">Dell<\/td>\n<td class=\"column-3\">Graduate Student<\/td>\n<td class=\"column-4\">The Ohio State University<\/td>\n<\/tr>\n<tr class=\"row-16 even\">\n<td class=\"column-1\">Rolando<\/td>\n<td class=\"column-2\">de Santiago<\/td>\n<td class=\"column-3\">Graduate Student<\/td>\n<td class=\"column-4\">The University of Iowa<\/td>\n<\/tr>\n<tr class=\"row-17 odd\">\n<td class=\"column-1\">Alec<\/td>\n<td class=\"column-2\">Diaz-Arias<\/td>\n<td class=\"column-3\">Graduate Student<\/td>\n<td class=\"column-4\">The University of Iowa<\/td>\n<\/tr>\n<tr class=\"row-18 even\">\n<td class=\"column-1\">Daniel<\/td>\n<td class=\"column-2\">Drimbe<\/td>\n<td class=\"column-3\">Graduate Student<\/td>\n<td class=\"column-4\">University of California, San Diego<\/td>\n<\/tr>\n<tr class=\"row-19 odd\">\n<td class=\"column-1\"><span style=\"color: #0000ff\">Isaac<\/span><\/td>\n<td class=\"column-2\"><span style=\"color: #0000ff\">Goldbring<\/span><\/td>\n<td class=\"column-3\"><span style=\"color: #0000ff\">Professor<\/span><\/td>\n<td class=\"column-4\"><span style=\"color: #0000ff\">UC Irvine<\/span><\/td>\n<\/tr>\n<tr class=\"row-20 even\">\n<td class=\"column-1\">Andreas<\/td>\n<td class=\"column-2\">Hallb\u00e4ck<\/td>\n<td class=\"column-3\">Graduate Student<\/td>\n<td class=\"column-4\">Universit\u00e9 Paris Diderot<\/td>\n<\/tr>\n<tr class=\"row-21 odd\">\n<td class=\"column-1\"><span style=\"color: #ff0000\">Bradd<\/span><\/td>\n<td class=\"column-2\"><span style=\"color: #ff0000\">Hart<\/span><\/td>\n<td class=\"column-3\"><span style=\"color: #ff0000\">Professor<\/span><\/td>\n<td class=\"column-4\"><span style=\"color: #ff0000\">McMaster University<\/span><\/td>\n<\/tr>\n<tr class=\"row-22 even\">\n<td class=\"column-1\">Michael<\/td>\n<td class=\"column-2\">Hartglass<\/td>\n<td class=\"column-3\">Postdoc<\/td>\n<td class=\"column-4\">UC Riverside<\/td>\n<\/tr>\n<tr class=\"row-23 odd\">\n<td class=\"column-1\">Benjamin<\/td>\n<td class=\"column-2\">Hayes<\/td>\n<td class=\"column-3\">Postdoc<\/td>\n<td class=\"column-4\">Vanderbilt University<\/td>\n<\/tr>\n<tr class=\"row-24 even\">\n<td class=\"column-1\">Ishan<\/td>\n<td class=\"column-2\">Ishan<\/td>\n<td class=\"column-3\">Graduate Student<\/td>\n<td class=\"column-4\">Vanderbilt University<\/td>\n<\/tr>\n<tr class=\"row-25 odd\">\n<td class=\"column-1\">Vaughan<\/td>\n<td class=\"column-2\">Jones<\/td>\n<td class=\"column-3\">Professor<\/td>\n<td class=\"column-4\">Vanderbilt University<\/td>\n<\/tr>\n<tr class=\"row-26 even\">\n<td class=\"column-1\">Joshua<\/td>\n<td class=\"column-2\">Keneda<\/td>\n<td class=\"column-3\">Graduate Student<\/td>\n<td class=\"column-4\">University of California, Los Angeles<\/td>\n<\/tr>\n<tr class=\"row-27 odd\">\n<td class=\"column-1\">Krishnendu<\/td>\n<td class=\"column-2\">Khan<\/td>\n<td class=\"column-3\">Graduate Student<\/td>\n<td class=\"column-4\">Vanderbilt University<\/td>\n<\/tr>\n<tr class=\"row-28 even\">\n<td class=\"column-1\"><span style=\"color: #0000ff\">Aleksandra<\/span><\/td>\n<td class=\"column-2\"><span style=\"color: #0000ff\">Kwiatkowska<\/span><\/td>\n<td class=\"column-3\"><span style=\"color: #0000ff\">Postdoc<\/span><\/td>\n<td class=\"column-4\"><span style=\"color: #0000ff\">University of M\u00fcnster<\/span><\/td>\n<\/tr>\n<tr class=\"row-29 odd\">\n<td class=\"column-1\">Brian<\/td>\n<td class=\"column-2\">Leary<\/td>\n<td class=\"column-3\">Professor<\/td>\n<td class=\"column-4\">WVU Tech<\/td>\n<\/tr>\n<tr class=\"row-30 even\">\n<td class=\"column-1\"><span style=\"color: #0000ff\">Yash<\/span><\/td>\n<td class=\"column-2\"><span style=\"color: #0000ff\">Lodha<\/span><\/td>\n<td class=\"column-3\"><span style=\"color: #0000ff\">Postdoc<\/span><\/td>\n<td class=\"column-4\"><span style=\"color: #0000ff\">\u00c9cole polytechnique f\u00e9d\u00e9rale de Lausanne<\/span><\/td>\n<\/tr>\n<tr class=\"row-31 odd\">\n<td class=\"column-1\"><span style=\"color: #0000ff\">Martino<\/span><\/td>\n<td class=\"column-2\"><span style=\"color: #0000ff\">Lupini<\/span><\/td>\n<td class=\"column-3\"><span style=\"color: #0000ff\">Postdoc<\/span><\/td>\n<td class=\"column-4\"><span style=\"color: #0000ff\">California Institute of Technology<\/span><\/td>\n<\/tr>\n<tr class=\"row-32 even\">\n<td class=\"column-1\"><span style=\"color: #0000ff\">Andrew<\/span><\/td>\n<td class=\"column-2\"><span style=\"color: #0000ff\">Marks<\/span><\/td>\n<td class=\"column-3\"><span style=\"color: #0000ff\">Professor<\/span><\/td>\n<td class=\"column-4\"><span style=\"color: #0000ff\">University of California, Los Angeles<\/span><\/td>\n<\/tr>\n<tr class=\"row-33 odd\">\n<td class=\"column-1\">Hodjat<\/td>\n<td class=\"column-2\">Mariji<\/td>\n<td class=\"column-3\">External Collaborator<\/td>\n<td class=\"column-4\">University of Porto<\/td>\n<\/tr>\n<tr class=\"row-34 even\">\n<td class=\"column-1\">Kevin<\/td>\n<td class=\"column-2\">Matthews<\/td>\n<td class=\"column-3\">Graduate Student<\/td>\n<td class=\"column-4\">University of California, Los Angeles<\/td>\n<\/tr>\n<tr class=\"row-35 odd\">\n<td class=\"column-1\"><span style=\"color: #0000ff\">Paul<\/span><\/td>\n<td class=\"column-2\"><span style=\"color: #0000ff\">McKenney<\/span><\/td>\n<td class=\"column-3\"><span style=\"color: #0000ff\">Postdoc<\/span><\/td>\n<td class=\"column-4\"><span style=\"color: #0000ff\">Miami University of Ohio<\/span><\/td>\n<\/tr>\n<tr class=\"row-36 even\">\n<td class=\"column-1\">Robert<\/td>\n<td class=\"column-2\">McRae<\/td>\n<td class=\"column-3\">Postdoc<\/td>\n<td class=\"column-4\">Vanderbilt University<\/td>\n<\/tr>\n<tr class=\"row-37 odd\">\n<td class=\"column-1\"><span style=\"color: #ff0000\">Justin<\/span><\/td>\n<td class=\"column-2\"><span style=\"color: #ff0000\">Moore<\/span><\/td>\n<td class=\"column-3\"><span style=\"color: #ff0000\">Professor<\/span><\/td>\n<td class=\"column-4\"><span style=\"color: #ff0000\">Cornell University<\/span><\/td>\n<\/tr>\n<tr class=\"row-38 even\">\n<td class=\"column-1\">Brent<\/td>\n<td class=\"column-2\">Nelson<\/td>\n<td class=\"column-3\">Postdoc<\/td>\n<td class=\"column-4\">University of California, Berkeley<\/td>\n<\/tr>\n<tr class=\"row-39 odd\">\n<td class=\"column-1\">Roberto<\/td>\n<td class=\"column-2\">Palomares<\/td>\n<td class=\"column-3\">Graduate Student<\/td>\n<td class=\"column-4\">The Ohio State University<\/td>\n<\/tr>\n<tr class=\"row-40 even\">\n<td class=\"column-1\">Aristotelis<\/td>\n<td class=\"column-2\">Panagiotopoulos<\/td>\n<td class=\"column-3\">Graduate Student<\/td>\n<td class=\"column-4\">University of Illinois at Urbana Champaign<\/td>\n<\/tr>\n<tr class=\"row-41 odd\">\n<td class=\"column-1\">Sujan<\/td>\n<td class=\"column-2\">Pant<\/td>\n<td class=\"column-3\">Graduate Student<\/td>\n<td class=\"column-4\">University of Iowa<\/td>\n<\/tr>\n<tr class=\"row-42 even\">\n<td class=\"column-1\">Jesse<\/td>\n<td class=\"column-2\">Peterson<\/td>\n<td class=\"column-3\">Professor<\/td>\n<td class=\"column-4\">Vanderbilt University<\/td>\n<\/tr>\n<tr class=\"row-43 odd\">\n<td class=\"column-1\">Vibeke<\/td>\n<td class=\"column-2\">Quorning<\/td>\n<td class=\"column-3\">Graduate Student<\/td>\n<td class=\"column-4\">University of Copenhagen<\/td>\n<\/tr>\n<tr class=\"row-44 even\">\n<td class=\"column-1\"><span style=\"color: #0000ff\">Christian<\/span><\/td>\n<td class=\"column-2\"><span style=\"color: #0000ff\">Rosendal<\/span><\/td>\n<td class=\"column-3\"><span style=\"color: #0000ff\">Professor<\/span><\/td>\n<td class=\"column-4\"><span style=\"color: #0000ff\">University of Illinois at Chicago<\/span><\/td>\n<\/tr>\n<tr class=\"row-45 odd\">\n<td class=\"column-1\"><span style=\"color: #0000ff\">Marcin<\/span><\/td>\n<td class=\"column-2\"><span style=\"color: #0000ff\">Sabok<\/span><\/td>\n<td class=\"column-3\"><span style=\"color: #0000ff\">Professor<\/span><\/td>\n<td class=\"column-4\"><span style=\"color: #0000ff\">McGill University<\/span><\/td>\n<\/tr>\n<tr class=\"row-46 even\">\n<td class=\"column-1\"><span style=\"color: #ff0000\">Roman<\/span><\/td>\n<td class=\"column-2\"><span style=\"color: #ff0000\">Sasyk<\/span><\/td>\n<td class=\"column-3\"><span style=\"color: #ff0000\">Professor<\/span><\/td>\n<td class=\"column-4\"><span style=\"color: #ff0000\">University of Buenos Aires<\/span><\/td>\n<\/tr>\n<tr class=\"row-47 odd\">\n<td class=\"column-1\">Forte<\/td>\n<td class=\"column-2\">Shinko<\/td>\n<td class=\"column-3\">Graduate Student<\/td>\n<td class=\"column-4\">McGill University<\/td>\n<\/tr>\n<tr class=\"row-48 even\">\n<td class=\"column-1\">Stephen<\/td>\n<td class=\"column-2\">Simpson<\/td>\n<td class=\"column-3\">Professor<\/td>\n<td class=\"column-4\">Vanderbilt University<\/td>\n<\/tr>\n<tr class=\"row-49 odd\">\n<td class=\"column-1\"><span style=\"color: #0000ff\">Thomas<\/span><\/td>\n<td class=\"column-2\"><span style=\"color: #0000ff\">Sinclair<\/span><\/td>\n<td class=\"column-3\"><span style=\"color: #0000ff\">Professor<\/span><\/td>\n<td class=\"column-4\"><span style=\"color: #0000ff\">Purdue University<\/span><\/td>\n<\/tr>\n<tr class=\"row-50 even\">\n<td class=\"column-1\"><span style=\"color: #0000ff\">David<\/span><\/td>\n<td class=\"column-2\"><span style=\"color: #0000ff\">Sherman<\/span><\/td>\n<td class=\"column-3\"><span style=\"color: #0000ff\">Professor<\/span><\/td>\n<td class=\"column-4\"><span style=\"color: #0000ff\">University of Virginia<\/span><\/td>\n<\/tr>\n<tr class=\"row-51 odd\">\n<td class=\"column-1\">Levi<\/td>\n<td class=\"column-2\">Sledd<\/td>\n<td class=\"column-3\">Graduate Student<\/td>\n<td class=\"column-4\">Vanderbilt University<\/td>\n<\/tr>\n<tr class=\"row-52 even\">\n<td class=\"column-1\">Iian<\/td>\n<td class=\"column-2\">Smythe<\/td>\n<td class=\"column-3\">Graduate Student<\/td>\n<td class=\"column-4\">Cornell University<\/td>\n<\/tr>\n<tr class=\"row-53 odd\">\n<td class=\"column-1\"><span style=\"color: #0000ff\">Slawek<\/span><\/td>\n<td class=\"column-2\"><span style=\"color: #0000ff\">Solecki<\/span><\/td>\n<td class=\"column-3\"><span style=\"color: #0000ff\">Professor<\/span><\/td>\n<td class=\"column-4\"><span style=\"color: #0000ff\">University of Illinois at Urbana-Champaign<\/span><\/td>\n<\/tr>\n<tr class=\"row-54 even\">\n<td class=\"column-1\">Pieter<\/td>\n<td class=\"column-2\">Spaas<\/td>\n<td class=\"column-3\">Graduate Student<\/td>\n<td class=\"column-4\">University of California, San Diego<\/td>\n<\/tr>\n<tr class=\"row-55 odd\">\n<td class=\"column-1\">Wanchalerm<\/td>\n<td class=\"column-2\">Sucpikarnon<\/td>\n<td class=\"column-3\">Graduate Student<\/td>\n<td class=\"column-4\">University of Iowa<\/td>\n<\/tr>\n<tr class=\"row-56 even\">\n<td class=\"column-1\">Hjvorje<\/td>\n<td class=\"column-2\">Stojanovic<\/td>\n<td class=\"column-3\">Graduate Student<\/td>\n<td class=\"column-4\">Vanderbilt University<\/td>\n<\/tr>\n<tr class=\"row-57 odd\">\n<td class=\"column-1\"><span style=\"color: #0000ff\">Gabor<\/span><\/td>\n<td class=\"column-2\"><span style=\"color: #0000ff\">Szabo<\/span><\/td>\n<td class=\"column-3\"><span style=\"color: #0000ff\">Postdoc<\/span><\/td>\n<td class=\"column-4\"><span style=\"color: #0000ff\">University of Aberdeen<\/span><\/td>\n<\/tr>\n<tr class=\"row-58 even\">\n<td class=\"column-1\"><span style=\"color: #ff0000\">Simon<\/span><\/td>\n<td class=\"column-2\"><span style=\"color: #ff0000\">Thomas<\/span><\/td>\n<td class=\"column-3\"><span style=\"color: #ff0000\">Professor<\/span><\/td>\n<td class=\"column-4\"><span style=\"color: #ff0000\">Rutgers University<\/span><\/td>\n<\/tr>\n<tr class=\"row-59 odd\">\n<td class=\"column-1\">Riley<\/td>\n<td class=\"column-2\">Thornton<\/td>\n<td class=\"column-3\">Graduate Student<\/td>\n<td class=\"column-4\">University of California,\u00a0Los Angeles<\/td>\n<\/tr>\n<tr class=\"row-60 even\">\n<td class=\"column-1\"><span style=\"color: #0000ff\">Aaron<\/span><\/td>\n<td class=\"column-2\"><span style=\"color: #0000ff\">Tikuisis<\/span><\/td>\n<td class=\"column-3\"><span style=\"color: #0000ff\">Professor<\/span><\/td>\n<td class=\"column-4\"><span style=\"color: #0000ff\">University of Aberdeen<\/span><\/td>\n<\/tr>\n<tr class=\"row-61 odd\">\n<td class=\"column-1\"><span style=\"color: #0000ff\">Andrew<\/span><\/td>\n<td class=\"column-2\"><span style=\"color: #0000ff\">Toms<\/span><\/td>\n<td class=\"column-3\"><span style=\"color: #0000ff\">Professor<\/span><\/td>\n<td class=\"column-4\"><span style=\"color: #0000ff\">Purdue University<\/span><\/td>\n<\/tr>\n<tr class=\"row-62 even\">\n<td class=\"column-1\"><span style=\"color: #0000ff\">Asger<\/span><\/td>\n<td class=\"column-2\"><span style=\"color: #0000ff\">Tornquist<\/span><\/td>\n<td class=\"column-3\"><span style=\"color: #0000ff\">Professor<\/span><\/td>\n<td class=\"column-4\"><span style=\"color: #0000ff\">University of Copenhagen<\/span><\/td>\n<\/tr>\n<tr class=\"row-63 odd\">\n<td class=\"column-1\"><span style=\"color: #ff0000\">Anush<\/span><\/td>\n<td class=\"column-2\"><span style=\"color: #ff0000\">Tserunyan<\/span><\/td>\n<td class=\"column-3\"><span style=\"color: #ff0000\">Professor<\/span><\/td>\n<td class=\"column-4\"><span style=\"color: #ff0000\">University of Illinois at Urbana-Champaign<\/span><\/td>\n<\/tr>\n<tr class=\"row-64 even\">\n<td class=\"column-1\"><span style=\"color: #0000ff\">Robin<\/span><\/td>\n<td class=\"column-2\"><span style=\"color: #0000ff\">Tucker-Drob<\/span><\/td>\n<td class=\"column-3\"><span style=\"color: #0000ff\">Professor<\/span><\/td>\n<td class=\"column-4\"><span style=\"color: #0000ff\">Texas A&amp;M University<\/span><\/td>\n<\/tr>\n<tr class=\"row-65 odd\">\n<td class=\"column-1\">Mary<\/td>\n<td class=\"column-2\">Tursi<\/td>\n<td class=\"column-3\">Graduate Student<\/td>\n<td class=\"column-4\">University of Illinois at Urbana-Champaign<\/td>\n<\/tr>\n<tr class=\"row-66 even\">\n<td class=\"column-1\"><span style=\"color: #0000ff\">Todor<\/span><\/td>\n<td class=\"column-2\"><span style=\"color: #0000ff\">Tsankov<\/span><\/td>\n<td class=\"column-3\"><span style=\"color: #0000ff\">Professor<\/span><\/td>\n<td class=\"column-4\"><span style=\"color: #0000ff\">Institut de Mathematiques de Jussieu\u2013PRG<\/span><\/td>\n<\/tr>\n<tr class=\"row-67 odd\">\n<td class=\"column-1\">Andrea<\/td>\n<td class=\"column-2\">Vaccaro<\/td>\n<td class=\"column-3\">Graduate Student<\/td>\n<td class=\"column-4\">University of Pisa<\/td>\n<\/tr>\n<tr class=\"row-68 even\">\n<td class=\"column-1\"><span style=\"color: #0000ff\">Anatoly<\/span><\/td>\n<td class=\"column-2\"><span style=\"color: #0000ff\">Vershik<\/span><\/td>\n<td class=\"column-3\"><span style=\"color: #0000ff\">Professor<\/span><\/td>\n<td class=\"column-4\"><span style=\"color: #0000ff\">St. Petersburg State University<\/span><\/td>\n<\/tr>\n<tr class=\"row-69 odd\">\n<td class=\"column-1\">Viola<\/td>\n<td class=\"column-2\">Maria Grazia<\/td>\n<td class=\"column-3\">Professor<\/td>\n<td class=\"column-4\">Lakehead University<\/td>\n<\/tr>\n<tr class=\"row-70 even\">\n<td class=\"column-1\">Alessandro<\/td>\n<td class=\"column-2\">Vignati<\/td>\n<td class=\"column-3\">Graduate Student<\/td>\n<td class=\"column-4\">York University<\/td>\n<\/tr>\n<tr class=\"row-71 odd\">\n<td class=\"column-1\">Konrad<\/td>\n<td class=\"column-2\">Wrobel<\/td>\n<td class=\"column-3\">Graduate Student<\/td>\n<td class=\"column-4\">Texas A&amp;M University<\/td>\n<\/tr>\n<tr class=\"row-72 even\">\n<td class=\"column-1\">Jun<\/td>\n<td class=\"column-2\">Yang<\/td>\n<td class=\"column-3\">Graduate Student<\/td>\n<td class=\"column-4\">Vanderbilt University<\/td>\n<\/tr>\n<tr class=\"row-73 odd\">\n<td class=\"column-1\">Joseph<\/td>\n<td class=\"column-2\">Zielinski<\/td>\n<td class=\"column-3\">Postdoc<\/td>\n<td class=\"column-4\">Carnegie Mellon University<\/td>\n<\/tr>\n<\/tbody>\n<\/table>\n","protected":false},"excerpt":{"rendered":"<p>This is a list of participants for the NCGOA conference. The minicourse speakers are listed in red, the invited speakers are listed in blue, and all other participants are listed in black. &nbsp; First Name Last Name Title Institution Roy Araiza Graduate Student Purdue University Scott Atkinson Postdoc Vanderbilt University Bartosova Dana Postdoc Carnegie Mellon&#8230;<\/p>\n","protected":false},"author":4749,"featured_media":0,"parent":0,"menu_order":0,"comment_status":"closed","ping_status":"closed","template":"","meta":{"footnotes":""},"tags":[],"class_list":["post-56","page","type-page","status-publish","hentry"],"_links":{"self":[{"href":"https:\/\/my.dev.vanderbilt.edu\/ncgoa17\/wp-json\/wp\/v2\/pages\/56","targetHints":{"allow":["GET"]}}],"collection":[{"href":"https:\/\/my.dev.vanderbilt.edu\/ncgoa17\/wp-json\/wp\/v2\/pages"}],"about":[{"href":"https:\/\/my.dev.vanderbilt.edu\/ncgoa17\/wp-json\/wp\/v2\/types\/page"}],"author":[{"embeddable":true,"href":"https:\/\/my.dev.vanderbilt.edu\/ncgoa17\/wp-json\/wp\/v2\/users\/4749"}],"replies":[{"embeddable":true,"href":"https:\/\/my.dev.vanderbilt.edu\/ncgoa17\/wp-json\/wp\/v2\/comments?post=56"}],"version-history":[{"count":21,"href":"https:\/\/my.dev.vanderbilt.edu\/ncgoa17\/wp-json\/wp\/v2\/pages\/56\/revisions"}],"predecessor-version":[{"id":609,"href":"https:\/\/my.dev.vanderbilt.edu\/ncgoa17\/wp-json\/wp\/v2\/pages\/56\/revisions\/609"}],"wp:attachment":[{"href":"https:\/\/my.dev.vanderbilt.edu\/ncgoa17\/wp-json\/wp\/v2\/media?parent=56"}],"wp:term":[{"taxonomy":"post_tag","embeddable":true,"href":"https:\/\/my.dev.vanderbilt.edu\/ncgoa17\/wp-json\/wp\/v2\/tags?post=56"}],"curies":[{"name":"wp","href":"https:\/\/api.w.org\/{rel}","templated":true}]}}