{"id":59,"date":"2013-04-04T14:37:19","date_gmt":"2013-04-04T19:37:19","guid":{"rendered":"https:\/\/my.dev.vanderbilt.edu\/markuseberl\/?page_id=59"},"modified":"2023-08-18T15:30:22","modified_gmt":"2023-08-18T20:30:22","slug":"presentations","status":"publish","type":"page","link":"https:\/\/my.dev.vanderbilt.edu\/markuseberl\/presentations\/","title":{"rendered":"Presentations"},"content":{"rendered":"<h2>Invited presentations<\/h2>\n<p>2016\u00a0\u00a0\u00a0\u00a0\u00a0\u00a0\u00a0\u00a0\u00a0\u00a0\u00a0 (Eberl, Markus)\u00a0 Becoming God. The Transformation into Divine Beings in Mesoamerica. Presentation during to the conference <em>As Above, So Below: Cosmic Roads to Mesoamerican Underworlds (the 5<sup>th<\/sup> H. B. Nicholson Award for Excellence in Mesoamerican Studies presented to Saburo Sugiyama)<\/em>, organized by Dav\u00edd Carrasco. Moses Mesoamerican Archive, The Peabody Museum, Harvard University, Cambridge.<\/p>\n<p>2016\u00a0\u00a0\u00a0\u00a0\u00a0\u00a0\u00a0\u00a0\u00a0\u00a0\u00a0 (Eberl, Markus)\u00a0Classic Maya commoners in the Petexbatun region. Presentation during to the <em>2016 Maya Meetings<\/em>, organized by David Stuart. January 15. University of Texas, Austin.<\/p>\n<p>2015\u00a0\u00a0\u00a0\u00a0\u00a0\u00a0\u00a0\u00a0\u00a0\u00a0\u00a0 (Eberl, Markus)\u00a0Divine Fire. Transformation in Highland Mexican Thought and Practice. Presentation during to the Pre-Columbian Studies Symposium on <em><a href=\"http:\/\/www.doaks.org\/research\/pre-columbian\/scholarly-activities\/past\/smoke-flames-and-the-human-body-in-mesoamerican-ritual-practice\">Smoke, Flames, and the Human Body in Mesoamerican Ritual Practice<\/a><\/em>, organized by Vera Tiesler and Andrew Scherer. October 9. Dumbarton Oaks, Washington, D.C.<\/p>\n<p>2012\u00a0\u00a0\u00a0\u00a0\u00a0\u00a0\u00a0\u00a0\u00a0\u00a0\u00a0 (Eberl, Markus) \u201cTo Put in Order.\u201d Classic Maya Concepts of Time and Space. Invited presentation at the 2012 Dumbarton Oaks Pre-Columbian Studies symposium <em><a href=\"http:\/\/www.doaks.org\/research\/pre-columbian\/resources-for-pre-columbian-scholars-1\/the-measure-and-meaning-of-time-in-the-americas\">The Measure and Meaning of Time in the Americas<\/a><\/em>, organized by Anthony Aveni (Colgate University). October 6, Dumbarton Oaks, Washington, D.C.<\/p>\n<p>2012\u00a0\u00a0\u00a0\u00a0\u00a0\u00a0\u00a0\u00a0\u00a0\u00a0\u00a0 (Eberl, Markus) <a href=\"http:\/\/newmedia.ufm.edu\/gsm\/index.php?title=Eberlmayasybuhos\">Reyes Mayas y B\u00fahos de Guerra. Gente Com\u00fan de la Regi\u00f3n Petexbat\u00fan en la V\u00edspera del Colapso Maya<\/a>. Conference at the Museo Popol Vuh in Guatemala City. (June 21)<\/p>\n<p>2009\u00a0\u00a0\u00a0\u00a0\u00a0\u00a0\u00a0\u00a0\u00a0\u00a0\u00a0 (Eberl, Markus) Reyes Mayas y B\u00fahos de Guerra. Gente Com\u00fan de la Regi\u00f3n Petexbat\u00fan en la V\u00edspera del Colapso Maya. Presentation on December 3 at the conference <em>Investigaciones recientes en la zona del R\u00edo de la Pasi\u00f3n y la regi\u00f3n Petexbatun: nuevos datos, nuevas interpretaciones <\/em>at the Instituto de Investigaciones Filol\u00f3gicas de la Universidad Nacional Aut\u00f3noma de M\u00e9xico, M\u00e9xico City.<\/p>\n<p>2009\u00a0\u00a0\u00a0\u00a0\u00a0\u00a0\u00a0\u00a0\u00a0\u00a0\u00a0 (Eberl, Markus, and Judith M. Maxwell) <em>Writing the Sacred: Maya Text Through Time.<\/em> Colloqium on April 27 for the The Latin American and Caribbean Center of Excellence, the LAS program, and the Department of Languages and Cultures at Loyola University in New Orleans.<\/p>\n<p>2007\u00a0\u00a0\u00a0\u00a0\u00a0\u00a0\u00a0\u00a0\u00a0\u00a0\u00a0 (Eberl, Markus) <em>The diffusion of ceramic innovations. Late Classic ceramic change at Nacimiento and Dos Ceibas in the Petexbatun region.<\/em> Presentation at Vanderbilt University, Nashville, on October 26, 2007.<\/p>\n<p>2007\u00a0\u00a0\u00a0\u00a0\u00a0\u00a0\u00a0\u00a0\u00a0\u00a0\u00a0 (Eberl, Markus) <em>Creating social memory. Mortuary rituals and ancestor veneration among the Classic Maya<\/em>. Paper read at the conference \u201cWriting, Ritual and Cultural Memory. Comparative Research on Ancient China and Mesoamerica,\u201d organized by Xiaobing Wang-Riese and Daniel Gra\u00f1a-Behrens. Munich, Germany, November 5, 2007.<\/p>\n<p>2002\u00a0\u00a0\u00a0\u00a0\u00a0\u00a0\u00a0\u00a0\u00a0\u00a0\u00a0 (Eberl, Markus) <em>Classic Maya Culture<\/em>. Presentation at the Episcopal High School in Baton Rouge, Louisiana.<\/p>\n<p>2002\u00a0\u00a0\u00a0\u00a0\u00a0\u00a0\u00a0\u00a0\u00a0\u00a0\u00a0 (Eberl, Markus, and Christian Prager) B\u2019olon Yokte\u2019 K\u2019uh. Maya conceptions of war, conflict, and the underworld. Paper read during the symposium <em>Roads to war and pipes of peace. Conflict and cooperation in the Americas, past and present<\/em>, organized by the Soci\u00e9t\u00e9 des Am\u00e9ricanistes de Belgique (Brussels, November 16\u201317, 2002).<\/p>\n<h2>Conference presentations<\/h2>\n<p>2023\u00a0\u00a0 Markus Eberl. <em>AI in Archaeology<\/em>. AI Revolutions symposium, Vanderbilt University\u2019s Data Science Institute, March 28.<\/p>\n<p>2022\u00a0\u00a0 Markus Eberl and M\u00f3nica de Le\u00f3n 2022 <em>Ciudad sobre un monte: Segunda temporada de campo del Proyecto Arqueol\u00f3gico Tzikin Tzakan<\/em>. Presentation during the 35<sup>th<\/sup> Simposio de Investigaciones Arqueol\u00f3gicas en Guatemala. July 20, 2022<\/p>\n<p>2022\u00a0\u00a0 Nareerat Boonchai, Markus Eberl, Marc Philippe \u201cGuatemalan petrified forests and its first fossil wood anatomical investigation.\u201d IPC6 \u2013 Session 21 (6<sup>th<\/sup> International Paleontological Congress; Khon Kaen, Northeast Thailand; 11\/7\u201311\/2022)<\/p>\n<p>2022\u00a0\u00a0 Markus Eberl, Michael McBride, and Jesse Spencer-Smith <em>Identifying lithic microdebitage with experimental archaeology, <\/em><em>dynamic image analysis<\/em><em>, and machine learning<\/em>. Paper presented at the session \u201cNew Directions in Microdebitage Analysis,\u201d organized by Phyllis Johnson and Markus Eberl. 87th Annual Meeting of the Society for American Archaeology. April 3 in Chicago.<\/p>\n<p>2018\u00a0\u00a0 Markus Eberl, Sven Gronemeyer, and Claudia Marie Vela Gonz\u00e1lez<em> Ritualization: A Termination Ritual at Tamarindito<\/em>. Paper presented at the session \u201cReconceptualizing Rurality: Current Research in Ancient Maya Hinterlands,\u201d organized by C\u00e9line Lamb. 83<sup>rd<\/sup> Annual Meeting of the Society for American Archaeology. April 12 in Washington, D.C.<\/p>\n<p>2017\u00a0\u00a0 Omar Schwendener and Markus Eberl 2017 <em>El Uso de las Nuevas Tecnolog\u00edas en el Registro Arqueol\u00f3gico: Notas de Campo, Control de Material, Dibujo y Fotograf\u00eda \u00a1Todo en una Tablet!<\/em> Paper presented at the the XXXI Simposio de Investigaciones Arqueol\u00f3gicas en Guatemala in the Museo Nacional de Arqueolog\u00eda y Etnolog\u00eda, Guatemala City.<\/p>\n<p>2016\u00a0\u00a0 (Eberl, Markus)\u00a0<em>Watery Scroll Revealed. Ideology and Landscape at the Classic Maya Capital of Tamarindito, Guatemala.<\/em> Paper presented at American Society for Ethnohistory 2016 Conference. November 10 in Nashville.<\/p>\n<p>2015\u00a0\u00a0 (Eberl, Markus)\u00a0<em>Aztec Children and Gods. Birth in Highland Mexican Codices.<\/em> Paper presented at American Society for Ethnohistory 2015 Conference. November 7 in Las Vegas.<\/p>\n<p>2015\u00a0\u00a0 (Eberl, Markus)\u00a0<em>Divine Fire. Highland Mexican Life Forces as Essences and Symbols. <\/em>Paper presented at the 80<sup>th<\/sup> Annual Meeting of the Society for American Archaeology. April 17 in San Francisco, CA.<\/p>\n<p>2015\u00a0\u00a0 (Eberl, Markus)\u00a0<em>Ancient Agriculture at the Ancient Maya Capital of Tamarindito<\/em>. Paper presented at the 38<sup>th<\/sup> Annual Midwest Conference on Mesoamerican Archaeology and Ethnohistory. March 7 in Murfreesboro, TN.<\/p>\n<p>2014\u00a0\u00a0\u00a0\u00a0 (Vela, Claudia and Markus Eberl) Investigaciones recientes del Proyecto Arqueol\u00f3gico Tamarindito, Temporada 2014. Presentation during the XXVIII Simposio de Investigaciones Arqueol\u00f3gicas en Guatemala; July 14, 2014 in the Museo Nacional de Arqueolog\u00eda y Etnolog\u00eda, Guatemala City.<\/p>\n<p>2013\u00a0\u00a0\u00a0\u00a0 (Gronemeyer, Sven and Markus Eberl) Royal Downfall and Peasant Survival: Tamarindito and the Fragmented Petexbatun Collapse. Presentation at the 18th European Maya Conference \u201cPost-Apocalypto: Crisis and Resilience in the Maya World\u201d to be held in Brussels, Belgium on 1\u20132 November 2013.<\/p>\n<p>2012\u00a0\u00a0\u00a0\u00a0\u00a0\u00a0\u00a0\u00a0\u00a0\u00a0\u00a0 (Eberl, Markus) Forgeries and systems of scientific knowledge. Identifying a forged manuscript on early Colonial Maya. Paper presented during the symposium <em>Pseudoarchaeology: Proactive dialogue and research in response to extraordinary and esoteric archaeological claims<\/em>, organized by David Anderson. 77<sup>th<\/sup> Annual SAA Meeting in Memphis, April 19.<\/p>\n<p>2012\u00a0\u00a0\u00a0\u00a0\u00a0\u00a0\u00a0\u00a0\u00a0\u00a0\u00a0 (Levithol, Sarah, and Markus Eberl) Late Classic ceramic change at Nacimiento and Dos Ceibas in Guatemala\u2019s Petexbatun region. Paper presented during the symposium <em>Routes and rulers: Shifting networks of power and exchange among the Classic Maya<\/em>, organized by Arthur Demarest, Marcello Canuto, and Brent Woodfill. 77<sup>th<\/sup> Annual SAA Meetings in Memphis, April 20.<\/p>\n<p>2012\u00a0\u00a0\u00a0\u00a0\u00a0\u00a0\u00a0\u00a0\u00a0\u00a0\u00a0 (Eberl, Markus, and Claudia Vela) Investigaciones recientes del Proyecto Arqueol\u00f3gico Tamarindito: Temporada 2012. Presentation during the XXVI Simposio de Investigaciones Arqueol\u00f3gicas en Guatemala; July 16, 2012 in the Museo Nacional de Arqueolog\u00eda y Etnolog\u00eda, Guatemala City.<\/p>\n<p>2011\u00a0\u00a0\u00a0\u00a0\u00a0\u00a0\u00a0\u00a0\u00a0\u00a0\u00a0 (Eberl, Markus, and Claudia Vela) Investigaciones recientes del Proyecto Arqueol\u00f3gico Tamarindito: Temporada de 2011. Presentation on July 19 during the XXV Simposio de Investigaciones Arqueol\u00f3gicas en Guatemala. Guatemala City.<\/p>\n<p>2010\u00a0\u00a0\u00a0\u00a0\u00a0\u00a0\u00a0\u00a0\u00a0\u00a0\u00a0 (Eberl, Markus)<em> Real\/Fictive Lords\/Vessels. A List of M.A.R.I. Lords on the Newly Discovered Andrews Coffee Mug.<\/em> Society for American Archaeology presentation on April 17, 2010<\/p>\n<p>2010\u00a0\u00a0\u00a0\u00a0\u00a0\u00a0\u00a0\u00a0\u00a0\u00a0\u00a0 (Vela Gonz\u00e1lez, Claudia, and Markus Eberl) <em>El Proyecto Arqueol\u00f3gico Tamarindito: La Temporada de 2009<\/em>. Presentation to the Guatemalan Institute of Archaeology and History (IDAEH), February 23, 2010.<\/p>\n<p>2010\u00a0\u00a0\u00a0\u00a0\u00a0\u00a0\u00a0\u00a0\u00a0\u00a0\u00a0 (Eberl, Markus, Claudia Vela de Bellamy, and Sven Gronemeyer) Investigaciones recientes del Proyecto Arqueol\u00f3gico Tamarindito: La Temporada 2010. Presentation during the XXIV Simposio de Investigaciones Arqueol\u00f3gicas en Guatemala on July 14. Guatemala City.<\/p>\n<p>2009\u00a0\u00a0\u00a0\u00a0\u00a0\u00a0\u00a0\u00a0\u00a0\u00a0\u00a0 (Eberl, Markus, Claudia Vela Gonz\u00e1lez, and Juan Manuel Palomo) <em>Investigaciones <\/em><em>recientes del Proyecto Arqueol\u00f3gico Tamarindito: La Temporada 2009.<\/em> Presentation on July 13 during the XXIII Simposio de Investigaciones Arqueol\u00f3gicas en Guatemala. Museo Nacional de Arqueolog\u00eda y Etnolog\u00eda, Guatemala.<\/p>\n<p>2008\u00a0\u00a0\u00a0\u00a0\u00a0\u00a0\u00a0\u00a0\u00a0\u00a0\u00a0 (Eberl, Markus)<em> Diffusion of ceramic innovations. Late Classic ceramic change at Nacimiento and Dos Ceibas in Guatemala\u2019s Petexbatun region.<\/em> TASA Colloquium series. Department of Anthropology, Tulane University, New Orleans.<\/p>\n<p>2008\u00a0\u00a0\u00a0\u00a0\u00a0\u00a0\u00a0\u00a0\u00a0\u00a0\u00a0 (Eberl, Markus, Alejandro Seijas, Jenny Guerra Ruiz, Mar\u00eda de los \u00c1ngeles Corado, and Claudia Vela Gonz\u00e1lez) <em>Comunidades en contacto. Investigaciones recientes en el sitio arqueol\u00f3gico Dos Ceibas.<\/em> Presentation during the XXII Simposio de Investigaciones Arqueol\u00f3gicas en Guatemala, 23 de julio de 2008. Museo Nacional de Arqueolog\u00eda y Etnolog\u00eda de Guatemala<\/p>\n<p>2008\u00a0\u00a0\u00a0\u00a0\u00a0\u00a0\u00a0\u00a0\u00a0\u00a0\u00a0 (Eberl, Markus)<em> Internal and external aspects of community integration: A study of ceramic motifs south of Aguateca<\/em>. Paper read during the session <em>Community Integration in Eastern Mesoamerica<\/em>, organized by Markus Eberl and Matt Moriarty at the 73<sup>rd<\/sup> meeting of the Society for American Archaeology in Vancouver on March 29, 2008.<\/p>\n<p>2008\u00a0\u00a0\u00a0\u00a0\u00a0\u00a0\u00a0\u00a0\u00a0\u00a0\u00a0 (Earnest, Howard H., Jr., Markus Eberl, and Kathryn Sampeck) Competing styles, competing identities. Identity formation on the post-Ilopango frontier. Paper read during the session <em>Community Integration in Eastern Mesoamerica<\/em>, organized by Markus Eberl and Matt Moriarty at the 73<sup>rd<\/sup> meeting of the Society for American Archaeology in Vancouver on March 29, 2008.<\/p>\n<p>2007\u00a0\u00a0\u00a0\u00a0\u00a0\u00a0\u00a0\u00a0\u00a0\u00a0\u00a0 (Eberl, Markus)<em> Introduction to<\/em> <em>Classic Maya Culture<\/em>. Presentation for a teacher\u2019s workshop at the Stone Center for Latin American Studies at Tulane University (the workshop accompanied the Fourth Annual Maya Symposium and Workshop on <em>Murals and Painted Texts by Maya <\/em>Ah Tz\u2019ibob at Tulane University, February 2\u20134, 2007).<\/p>\n<p>2006\u00a0\u00a0\u00a0\u00a0\u00a0\u00a0\u00a0\u00a0\u00a0\u00a0\u00a0 (Eberl, Markus)<em> Mayan Hieroglyphic Writing and Literacy.<\/em> Presentation during the Oxlajuj Aj: Kaqchikel Maya Intensive Language &amp; Culture course, directed by Judith M. Maxwell and Walter Little. Antigua, Guatemala.<\/p>\n<p>2006\u00a0\u00a0\u00a0\u00a0\u00a0\u00a0\u00a0\u00a0\u00a0\u00a0\u00a0 (Eberl, Markus)<em> Divide and rule! How the Classic Maya kingdom of Dos Pilas became a regional power<\/em>. Paper read during the session <em>Late Classic Maya sociopolitical organization. Insights from recent investigations at Aguateca and the Petexbatun Region<\/em>, organized by Markus Eberl at the 71st Annual Meeting of the Society for American Archaeology in Puerto Rico on April 28, 2006.<\/p>\n<p>2006\u00a0\u00a0\u00a0\u00a0\u00a0\u00a0\u00a0\u00a0\u00a0\u00a0\u00a0 (Eberl, Markus, and Marco Antonio Monroy) <em>Refinando la secuencia cer\u00e1mica del Cl\u00e1sico Tard\u00edo en la Regi\u00f3n Petexbat\u00fan<\/em>. Presentation during the XX Simposio de Investigaciones Arqueol\u00f3gicas en Guatemala, 27 de julio de 2006. Museo Nacional de Arqueolog\u00eda y Etnolog\u00eda de Guatemala<\/p>\n<p>2005\u00a0\u00a0\u00a0\u00a0\u00a0\u00a0\u00a0\u00a0\u00a0\u00a0\u00a0 (Eberl, Markus, Daniela Triadan, Takeshi Inomata, Fiona Finke, Katja Stengert, Pablo Rodas, and Omar Schwendener)<em> Comunidades en tiempos dif\u00edciles. Nacimiento y Dos Ceibas al inicio del cl\u00e1sico tard\u00edo.<\/em> Presentation during the XIX Simposio de Investigaciones Arqueol\u00f3gicas en Guatemala, 22 de julio de 2005. Museo Nacional de Arqueolog\u00eda y Etnolog\u00eda de Guatemala.<\/p>\n<p>2004\u00a0\u00a0\u00a0\u00a0\u00a0\u00a0\u00a0\u00a0\u00a0\u00a0\u00a0 (Eberl, Markus, and Claudia Vela Gonz\u00e1lez) <em>Exploraciones en el sitio de Nacimiento, Petexbatun<\/em>. Presentation during the XVIII Simposio de Investigaciones Arqueol\u00f3gicas en Guatemala, 21 de julio de 2004. Museo Nacional de Arqueolog\u00eda y Etnolog\u00eda de Guatemala<\/p>\n<p>2004\u00a0\u00a0\u00a0\u00a0\u00a0\u00a0\u00a0\u00a0\u00a0\u00a0\u00a0 (Eberl, Markus)<em> Introduction to the Glyphic Inscriptions of the Northern Maya Lowlands<\/em>. Presentation at the Third Annual Tulane Maya Symposium and Workshop on <em>Fifteen Centuries of Maya Literature<\/em>. October 30, 2004, Tulane University, New Orleans.<\/p>\n<p>2004\u00a0\u00a0\u00a0\u00a0\u00a0\u00a0\u00a0\u00a0\u00a0\u00a0\u00a0 (Eberl, Markus)<em> Merle Greene Robertson\u2019s Rubbings<\/em>. Presentation for a teacher\u2019s workshop at the Stone Center of Latin American Studies at Tulane University (the workshop accompanied the Third Annual Tulane Maya Symposium and Workshop on <em>Fifteen Centuries of Maya Literature<\/em>).<\/p>\n<p>2004\u00a0\u00a0\u00a0\u00a0\u00a0\u00a0\u00a0\u00a0\u00a0\u00a0\u00a0 (Eberl, Markus, Takeshi Inomata, and Erick Ponciano) Aguateca and the <em>Decline of Royal Power in the Petexbatun Region<\/em>. Paper read during the SAA session The Decline of the West: New Insights into the Final Century of the Classic Maya Kingdoms of the Greater Pasi\u00f3n-Usumacinta Valley, organized by Arthur Demarest and Gair Tourtellot. 69<sup>th<\/sup> SAA Annual Meeting in Montreal (March 31\u2013April 4, 2004)<\/p>\n<p>2003\u00a0\u00a0\u00a0\u00a0\u00a0\u00a0\u00a0\u00a0\u00a0\u00a0\u00a0 (Eberl, Markus, and Victoria R. Bricker) <em>Unwinding the rubber ball. The Glyphic Expression nahb\u2019 as a Numeral Classifier for \u201cHandspan\u201d.<\/em> TASA Colloquium series, October 24, 2003. Department of Anthropology, Tulane University, New Orleans.<\/p>\n<p>2003\u00a0\u00a0\u00a0\u00a0\u00a0\u00a0\u00a0\u00a0\u00a0\u00a0\u00a0 (Eberl, Markus) <em>Exploraciones iniciales en el sitio Nacimiento (Petexbatun).<\/em> XVII Simposio de Investigaciones Arqueol\u00f3gicas en Guatemala, 25 de Julio de 2003. Museo Nacional de Arqueolog\u00eda y Etnolog\u00eda de Guatemala, Guatemala.<\/p>\n<p>2002\u00a0\u00a0\u00a0\u00a0\u00a0\u00a0\u00a0\u00a0\u00a0\u00a0\u00a0 (Eberl, Markus) <em>Buried in stone. On burial customs of Classic Maya rulers. <\/em>Paper read at the 7<sup>th<\/sup> European Maya Conference (<em>Jaws of the Underworld: Life, Death and Rebirth among the Ancient Maya<\/em>) at The British Museum, London (5\u201310 November 2002).<\/p>\n<p>2002\u00a0\u00a0\u00a0\u00a0\u00a0\u00a0\u00a0\u00a0\u00a0\u00a0\u00a0 (Eberl, Markus) <em>Excavaciones en el \u201c\u00c1rea de la Barranca Escondida\u201d de Aguateca.<\/em> XVI Simposio de Investigaciones Arqueol\u00f3gicas en Guatemala on July 16. Museo Nacional de Arqueolog\u00eda y Etnolog\u00eda de Guatemala.<\/p>\n<p>2001\u00a0\u00a0\u00a0\u00a0\u00a0\u00a0\u00a0\u00a0\u00a0\u00a0\u00a0 (Eberl, Markus)<em> Proper Names and Throne Names. On the Naming Practice of Classic Maya Rulers.<\/em> TASA Colloquium series. Department of Anthropology, Tulane University, New Orleans.<\/p>\n<p>2001\u00a0\u00a0\u00a0\u00a0\u00a0\u00a0\u00a0\u00a0\u00a0\u00a0\u00a0 (Eberl, Markus, and Stephen D. Houston) <em>Epigraphic Research at Aguateca (Petexbatun, Guatemala).<\/em> Paper read at the 66th annual meeting of the Society for American Archaeology, April 18\u201322, 2001. New Orleans.<\/p>\n<p>2000\u00a0\u00a0\u00a0\u00a0\u00a0\u00a0\u00a0\u00a0\u00a0\u00a0\u00a0 (Eberl, Markus, and Daniel Gra\u00f1a-Behrens) <em>Change of Names, Change of Titles. The Accession Ritual of Classic Maya Rulers.<\/em> Paper read at the fifth European Maya Conference at the Rheinische Friedrich-Wilhelms Universit\u00e4t (Bonn, Germany), December 8\u201310, 2000.<\/p>\n<p>1999\u00a0\u00a0\u00a0\u00a0\u00a0\u00a0\u00a0\u00a0\u00a0\u00a0\u00a0 (Eberl, Markus) <em>Descubrimiento de nuevas estelas en Aguateca (Petexbatun).<\/em> XIII Simposio de Arqueolog\u00eda Guatemalteca, 21 de Julio de 1999<\/p>\n<p>1999\u00a0\u00a0\u00a0\u00a0\u00a0\u00a0\u00a0\u00a0\u00a0\u00a0\u00a0 (Eberl, Markus) <em>Arch\u00e4ologische Ausgrabungen 1999 in Aguateca (Guatemala)<\/em> [Archaeological excavations at Aguateca (Guatemala) in 1999]. Colloquium series of the Institut f\u00fcr Altamerikanistik und Ethnologie at the Rheinische Friedrich-Wilhelms-Universit\u00e4t, Bonn, Germany.<\/p>\n<p>1998\u00a0\u00a0\u00a0\u00a0\u00a0\u00a0\u00a0\u00a0\u00a0\u00a0\u00a0 (Eberl, Markus) <em>Tod und Begr\u00e4bnis: Rituale der klassischen Mayakultur<\/em> [Death and burial: Classic Maya Rituals]. Colloquium series of the Institut f\u00fcr Altamerikanistik und Ethnologie at the Rheinische Friedrich-Wilhelms-Universit\u00e4t, Bonn, Germany.<\/p>\n<p>1997\u00a0\u00a0\u00a0\u00a0\u00a0\u00a0\u00a0\u00a0\u00a0\u00a0\u00a0 (L\u00f3pez Varela, Sandra L., Markus Eberl, and Carsten Deichmann) Defining Tools for Maya Ceramic Production: An Experimental study at K\u2019axob, Northern Belize. Presentation during the Conference <em>Ethno-Analogy and the Reconstruction of Prehistoric Artefact Use and Production<\/em>, on July 6 at the Department of Early Prehistory and Quaternary Ecology, Institute of Prehistory, University of T\u00fcbingen, Germany.<\/p>\n<p>1995\u00a0\u00a0\u00a0\u00a0\u00a0\u00a0\u00a0\u00a0\u00a0\u00a0\u00a0 (Eberl, Markus) <em>\u201cForm Follows Function.\u201d Die Architektur von Las Sepulturas (Cop\u00e1n, Honduras)<\/em> [\u201cForm Follows Function.\u201d The architecture of Las Sepulturas (Cop\u00e1n, Honduras)]. Colloquium series of the Institut f\u00fcr Altamerikanistik und Ethnologie at the Rheinische Friedrich-Wilhelms-Universit\u00e4t, Bonn, Germany.<\/p>\n<h2>Workshops<\/h2>\n<p>2011\u00a0\u00a0\u00a0\u00a0\u00a0\u00a0\u00a0\u00a0\u00a0\u00a0\u00a0 <em>Introduction to Maya Hieroglyphic Writing<\/em>. Workshop during the 8th Tulane Maya Symposium on February 13. Tulane University, New Orleans.<\/p>\n<p>2010\u00a0\u00a0\u00a0\u00a0\u00a0\u00a0\u00a0\u00a0\u00a0\u00a0\u00a0 <em>Maya Workshop<\/em>. Center for Latin American Studies, Vanderbilt University (November 10).<\/p>\n<p>2010 <em>Introduction to Maya Hieroglyphic Writing.<\/em> Workshop on February 28 during the Seventh Tulane Symposium (February 26\u201328). Tulane University, New Orleans.<\/p>\n<p>2009 <em>Counting Time the Maya Way<\/em>. Workshop during the Sixth Annual Tulane Maya Symposium on <em>Maya Calendars and Creation<\/em> (February 6\u20137; Tulane University).<\/p>\n<p>2008 <em>Maya glyphic inscriptions in the Naj Tunich cave<\/em>. Workshop during the Fifth Annual Tulane Maya Symposium on <em>Sacred Cenotes, Hidden Caverns: Rituals, Beliefs, and Everyday Activities Related to Caves and Cenotes among the Maya <\/em>(February 15\u201316; Tulane University)<\/p>\n<p>2004 <em>Sports in Latin America: The Maya Ballgame.<\/em> Workshop at the Stone Center for Latin American Studies at Tulane University, New Orleans (March 27).<\/p>\n<p>2002 <em>Precolumbian art<\/em>. Workshop at the New Orleans Museum of Art on September 4, 2002<\/p>\n<p>2002 <em>Texts from the Northern Lowlands.<\/em> Intermediate\/advanced workshop during the First Annual Tulane Maya Symposium on <em>Archaeology, Astronomy, and Texts from the Northern Maya Lowlands <\/em>(November 1\u20133; Tulane University)<\/p>\n<p>2002\u00a0\u00a0\u00a0\u00a0\u00a0\u00a0\u00a0\u00a0\u00a0\u00a0\u00a0 <em>Introduction to the Teachers\u2019 Workshop<\/em>. (The workshop introduced highschool teachers to the First Annual Tulane Maya Symposium and Workshop on <em>Archaeology, Astronomy, and Texts from the Northern Maya Lowlands<\/em> at Tulane University).<\/p>\n<p>2002 <em>Spirituality and sacrificial sport. Inside the Mayan Ballgame<\/em> at the New Orleans Museum of Art, Audubon Zoo, and Tulane University\u2019s Latin American Resource Center (together with Matt Moriarty on February 22 and 23)<\/p>\n<p>2001 Workshop at the Sixth European Maya Conference at the University of Hamburg, Germany (in English; December)<\/p>\n<p>2001 Workshop at the Tercer Taller de Epigraf\u00eda Maya in Villahermosa, Mexico (in Spanish; July 27\u2013August 4)<\/p>\n<p>2000 Workshop at the Fifth European Maya Conference at the University of Bonn, Germany (in German; December 8\u201310)<\/p>\n<p>2000 Workshop at the Segundo Taller de Epigraf\u00eda Maya in M\u00e9rida, Mexico (in Spanish; June 19\u201324)<\/p>\n<p>1999\u00a0\u00a0\u00a0\u00a0\u00a0\u00a0\u00a0\u00a0\u00a0\u00a0\u00a0 Workshop at the Primer Taller de Epigraf\u00eda Maya in Palenque, Mexico (in Spanish; June 27\u2013July 4)<\/p>\n<p>&nbsp;<\/p>\n<p>&nbsp;<\/p>\n","protected":false},"excerpt":{"rendered":"<p>Invited presentations 2016\u00a0\u00a0\u00a0\u00a0\u00a0\u00a0\u00a0\u00a0\u00a0\u00a0\u00a0 (Eberl, Markus)\u00a0 Becoming God. The Transformation into Divine Beings in Mesoamerica. Presentation during to the conference As Above, So Below: Cosmic Roads to Mesoamerican Underworlds (the 5th H. B. Nicholson Award for Excellence in Mesoamerican Studies presented to Saburo Sugiyama), organized by Dav\u00edd Carrasco. Moses Mesoamerican Archive, The Peabody Museum, Harvard University,&#8230;<\/p>\n","protected":false},"author":1819,"featured_media":0,"parent":0,"menu_order":0,"comment_status":"closed","ping_status":"closed","template":"","meta":{"footnotes":""},"tags":[],"class_list":["post-59","page","type-page","status-publish","hentry"],"_links":{"self":[{"href":"https:\/\/my.dev.vanderbilt.edu\/markuseberl\/wp-json\/wp\/v2\/pages\/59","targetHints":{"allow":["GET"]}}],"collection":[{"href":"https:\/\/my.dev.vanderbilt.edu\/markuseberl\/wp-json\/wp\/v2\/pages"}],"about":[{"href":"https:\/\/my.dev.vanderbilt.edu\/markuseberl\/wp-json\/wp\/v2\/types\/page"}],"author":[{"embeddable":true,"href":"https:\/\/my.dev.vanderbilt.edu\/markuseberl\/wp-json\/wp\/v2\/users\/1819"}],"replies":[{"embeddable":true,"href":"https:\/\/my.dev.vanderbilt.edu\/markuseberl\/wp-json\/wp\/v2\/comments?post=59"}],"version-history":[{"count":16,"href":"https:\/\/my.dev.vanderbilt.edu\/markuseberl\/wp-json\/wp\/v2\/pages\/59\/revisions"}],"predecessor-version":[{"id":403,"href":"https:\/\/my.dev.vanderbilt.edu\/markuseberl\/wp-json\/wp\/v2\/pages\/59\/revisions\/403"}],"wp:attachment":[{"href":"https:\/\/my.dev.vanderbilt.edu\/markuseberl\/wp-json\/wp\/v2\/media?parent=59"}],"wp:term":[{"taxonomy":"post_tag","embeddable":true,"href":"https:\/\/my.dev.vanderbilt.edu\/markuseberl\/wp-json\/wp\/v2\/tags?post=59"}],"curies":[{"name":"wp","href":"https:\/\/api.w.org\/{rel}","templated":true}]}}