{"id":5,"date":"2013-04-04T18:14:37","date_gmt":"2013-04-04T18:14:37","guid":{"rendered":"https:\/\/my.dev.vanderbilt.edu\/markuseberl\/cv\/"},"modified":"2024-08-09T14:43:26","modified_gmt":"2024-08-09T19:43:26","slug":"cv","status":"publish","type":"page","link":"https:\/\/my.dev.vanderbilt.edu\/markuseberl\/cv\/","title":{"rendered":"Curriculum Vitae"},"content":{"rendered":"<p><a href=\"https:\/\/cdn-dev.vanderbilt.edu\/t2-my-dev\/wp-content\/uploads\/sites\/914\/2013\/04\/MarkusEberl.jpg\"><img loading=\"lazy\" decoding=\"async\" class=\"aligncenter size-medium wp-image-102\" src=\"https:\/\/cdn-dev.vanderbilt.edu\/t2-my-dev\/wp-content\/uploads\/sites\/914\/2013\/04\/MarkusEberl-222x300.jpg\" alt=\"\" width=\"222\" height=\"300\" srcset=\"https:\/\/cdn-dev.vanderbilt.edu\/t2-my-dev\/wp-content\/uploads\/sites\/914\/2013\/04\/MarkusEberl-222x300.jpg 222w, https:\/\/cdn-dev.vanderbilt.edu\/t2-my-dev\/wp-content\/uploads\/sites\/914\/2013\/04\/MarkusEberl-482x650.jpg 482w, https:\/\/cdn-dev.vanderbilt.edu\/t2-my-dev\/wp-content\/uploads\/sites\/914\/2013\/04\/MarkusEberl.jpg 500w\" sizes=\"auto, (max-width: 222px) 100vw, 222px\" \/><\/a><\/p>\n<h2>Academic Employment<\/h2>\n<p>Associate professor, 2016\u2013present at the Department of Anthropology at Vanderbilt University<\/p>\n<p>Assistant professor, 2009\u20132016 at the Department of Anthropology at Vanderbilt University<\/p>\n<p>Postdoctoral fellow, 2007\u20132009 at the Department of Anthropology at Tulane University<\/p>\n<h2>Education<\/h2>\n<p>Ph.D. in Anthropology (Tulane University)\u00a0\u00a0\u00a0\u00a0\u00a0\u00a0\u00a0\u00a0\u00a0\u00a0\u00a0 August 2007<\/p>\n<ul>\n<li>Dissertation title: <em>Community Heterogeneity and Integration: The Maya Sites of Nacimiento, Dos Ceibas, and Cerro de Cheyo (El Peten, Guatemala) during the Late Classic.<\/em><\/li>\n<li>Master of Arts: May 2004<\/li>\n<li>Graduate study at the Department of Anthropology, Tulane University, New Orleans: 2000\u20132007.<\/li>\n<\/ul>\n<p>Master of Arts (University of Bonn, Germany)\u00a0\u00a0\u00a0\u00a0\u00a0\u00a0\u00a0\u00a0\u00a0\u00a0\u00a0 June 1999<\/p>\n<ul>\n<li>Master\u2019s thesis on death and burial in Classic Maya culture.<\/li>\n<li>Undergraduate study at the Institut f\u00fcr Altamerikanistik und Ethnologie at the Rheinische Friedrich-Wilhelms-Universit\u00e4t, Bonn, Germany (1992 to 1999)<\/li>\n<li>Major: Anthropology with focus on Latin America. Minors: archaeology; communication science and phonetics.<\/li>\n<li>Exchange student at the University of New Mexico, Albuquerque (academic year 1995\/1996)<\/li>\n<\/ul>\n<h2>Archaeological Work<\/h2>\n<p class=\"CV\">Project director of the\u00a0Tzikin Tzakan\u00a0Archaeological Project (field and lab seasons in \u00a02021, 2022, 2023, and 2024)<\/p>\n<p class=\"CV\">Director of the National Geographic-funded project &#8220;Guatemala\u2019s First Petrified Forest: Dead trees and the stories they tell&#8221; (2023 to 2025)<\/p>\n<p class=\"CV\">Director of the ancient mortars from\u00a0Caesarea project (2023 and 2024)<\/p>\n<p class=\"CV\">Project director\u00a0of the Project &#8220;Sourcing ancient Maya petrified wood (Guatemala)&#8221; in 2019<\/p>\n<p class=\"CV\">Field director\u00a0of the\u00a0Caesarea Archaeological Project (field seasons in 2018 and 2019).<\/p>\n<p>Project director of the <a href=\"http:\/\/en.wikipedia.org\/wiki\/Tamarindito\">Tamarindito<\/a> Archaeological Project (field and lab seasons in 2009, 2010, 2011, 2012, 2014, 2016, 2017, 2021, 2022, and 2024)<\/p>\n<ul>\n<li>Field season: mapping, test-pitting program, and survey<\/li>\n<li>Lab season: analysis of all materials from the excavations<\/li>\n<\/ul>\n<p>&nbsp;<\/p>\n<p>Project director of the Dos Ceibas Archaeological Project (field and lab season in 2008)<\/p>\n<ul>\n<li>Field season: extensive test-pitting program that focused on three-room structures and the Preclassic occupation at the site of Dos Ceibas<\/li>\n<li>Lab season: analysis of all materials from the 2008 excavations<\/li>\n<\/ul>\n<p>&nbsp;<\/p>\n<p>Operations director of the second phase Aguateca Archaeological Project directed by Dr. Takeshi Inomata at <a href=\"http:\/\/en.wikipedia.org\/wiki\/Aguateca\">Aguateca<\/a>, Guatemala (field seasons in 2004 and 2005; laboratory seasons in 2004 and 2005\u20132006)<\/p>\n<ul>\n<li>Laboratory analysis of all materials from Nacimiento and the South Transect in 2005 and 2006<\/li>\n<li>Field season in 2005: test-pitting and extensive excavations at Nacimiento, survey and test-pitting of the South Transect<\/li>\n<li>Lab season in 2004: initial analysis of the 2004 material<\/li>\n<li>Field season in 2004: test-pitting and extensive excavations at Nacimiento<\/li>\n<\/ul>\n<p>&nbsp;<\/p>\n<p>Operations director for the supplementary program of the Aguateca Restoration Project directed by Architect Oscar Santos at Aguateca, Guatemala<\/p>\n<ul>\n<li>Field season in 2003: Mapping and test-pitting at Nacimiento; lab analysis on site<\/li>\n<li>Field season in 2002: Survey of the Aguateca national reserve; mapping and test-pitting at Nacimiento south of Aguateca<\/li>\n<\/ul>\n<p>&nbsp;<\/p>\n<p>Operations director of the Chunchucmil Archaeological Project directed by Dr. Bruce Dahlin at <a href=\"http:\/\/en.wikipedia.org\/wiki\/Chunchucmil\">Chunchucmil<\/a>, Yucat\u00e1n, M\u00e9xico<\/p>\n<ul>\n<li>Field season in 2001: supervision of the test-pitting program<\/li>\n<\/ul>\n<p>&nbsp;<\/p>\n<p>First phase of the Aguateca Archaeological Project directed by Dr. Takeshi Inomata at <a href=\"http:\/\/en.wikipedia.org\/wiki\/Aguateca\">Aguateca<\/a>, Guatemala<\/p>\n<ul>\n<li>Lab analysis of the Barranca Escondida materials in 2001<\/li>\n<li>Supervision of the excavations at the Barranca Escondida in 1999; participation in the laboratory in 1999<\/li>\n<li>Participation as volunteer in the excavation of the rapidly abandoned \u201cHouse of the Axes\u201d (Structure M8-8) in 1998<\/li>\n<\/ul>\n<p>&nbsp;<\/p>\n<p>Contract archaeologist for CRM projects in Germany<\/p>\n<ul>\n<li><a href=\"http:\/\/www.ngz-online.de\/juechen\/nachrichten\/dorf-gartzwilre-1283-zum-ersten-mal-erwaehnt-1.122582\">Alte Kirche<\/a> at <a href=\"http:\/\/en.wikipedia.org\/wiki\/Garzweiler\">Garzweiler<\/a>, Northrhine-Westfalia, in 2000: Excavation of the medieval cemetery<\/li>\n<li>Kappelberg 1 and \u00c4u\u00dferes Pfaffeng\u00e4\u00dfchen in <a href=\"http:\/\/en.wikipedia.org\/wiki\/Augsburg\">Augsburg<\/a>, Bavaria, in 1993: Excavation of a medieval monastery and a Roman drainage canal (pages\u00a026\u201328 and 15\u201317 in)<\/li>\n<li>Stephansgasse in <a href=\"http:\/\/en.wikipedia.org\/wiki\/Augsburg\">Augsburg<\/a>, Bavaria, in 1992 and 1993: Excavation of a Roman warehouse and market (pages 15\u201317 in)<\/li>\n<\/ul>\n<h2>Editorial Work<\/h2>\n<p>Managing Editor of <em>Human Mosaic<\/em> in 2003 and 2004<\/p>\n<ul>\n<li><span style=\"line-height: 19px\">Issue 34, Numbers 1-2 in 2003<\/span><\/li>\n<li><span style=\"line-height: 19px\">Issue 35, Number 1 in 2004<\/span><\/li>\n<\/ul>\n<h2>Internships<\/h2>\n<p>1998 Internship with the <a href=\"http:\/\/www.unv.org\/\">United Nations Volunteers<\/a> in Bonn, Germany; completed the evaluation of databases on UNV programs as part of UNV\u2019s Research and Development Unit.<\/p>\n<p>1994 and 1995 Internships at the <a href=\"http:\/\/www.museenkoeln.de\/rautenstrauch-joest-museum\/\">Rautenstrauch-Joest-Museum<\/a> (an anthropology museum) in Cologne, Germany; guided tours; maintenance and reorganization of its collections on Mesoamerica and Indonesia<\/p>\n<h2>Graphic Design<\/h2>\n<p>Graphic Designer for the bimonthly journal <em>Mexicon <\/em>(1996 to 2007)<\/p>\n<ul>\n<li><span style=\"font-size: 13px;line-height: 19px\">Sample issues:\u00a0<\/span><\/li>\n<\/ul>\n<p>&nbsp;<\/p>\n","protected":false},"excerpt":{"rendered":"<p>Academic Employment Associate professor, 2016\u2013present at the Department of Anthropology at Vanderbilt University Assistant professor, 2009\u20132016 at the Department of Anthropology at Vanderbilt University Postdoctoral fellow, 2007\u20132009 at the Department of Anthropology at Tulane University Education Ph.D. in Anthropology (Tulane University)\u00a0\u00a0\u00a0\u00a0\u00a0\u00a0\u00a0\u00a0\u00a0\u00a0\u00a0 August 2007 Dissertation title: Community Heterogeneity and Integration: The Maya Sites of Nacimiento, Dos&#8230;<\/p>\n","protected":false},"author":1819,"featured_media":0,"parent":0,"menu_order":0,"comment_status":"open","ping_status":"open","template":"","meta":{"footnotes":""},"tags":[],"class_list":["post-5","page","type-page","status-publish","hentry"],"_links":{"self":[{"href":"https:\/\/my.dev.vanderbilt.edu\/markuseberl\/wp-json\/wp\/v2\/pages\/5","targetHints":{"allow":["GET"]}}],"collection":[{"href":"https:\/\/my.dev.vanderbilt.edu\/markuseberl\/wp-json\/wp\/v2\/pages"}],"about":[{"href":"https:\/\/my.dev.vanderbilt.edu\/markuseberl\/wp-json\/wp\/v2\/types\/page"}],"author":[{"embeddable":true,"href":"https:\/\/my.dev.vanderbilt.edu\/markuseberl\/wp-json\/wp\/v2\/users\/1819"}],"replies":[{"embeddable":true,"href":"https:\/\/my.dev.vanderbilt.edu\/markuseberl\/wp-json\/wp\/v2\/comments?post=5"}],"version-history":[{"count":27,"href":"https:\/\/my.dev.vanderbilt.edu\/markuseberl\/wp-json\/wp\/v2\/pages\/5\/revisions"}],"predecessor-version":[{"id":421,"href":"https:\/\/my.dev.vanderbilt.edu\/markuseberl\/wp-json\/wp\/v2\/pages\/5\/revisions\/421"}],"wp:attachment":[{"href":"https:\/\/my.dev.vanderbilt.edu\/markuseberl\/wp-json\/wp\/v2\/media?parent=5"}],"wp:term":[{"taxonomy":"post_tag","embeddable":true,"href":"https:\/\/my.dev.vanderbilt.edu\/markuseberl\/wp-json\/wp\/v2\/tags?post=5"}],"curies":[{"name":"wp","href":"https:\/\/api.w.org\/{rel}","templated":true}]}}