{"id":27,"date":"2013-04-04T13:50:31","date_gmt":"2013-04-04T18:50:31","guid":{"rendered":"https:\/\/my.dev.vanderbilt.edu\/markuseberl\/?page_id=27"},"modified":"2022-10-06T11:57:32","modified_gmt":"2022-10-06T16:57:32","slug":"tamarindito-project","status":"publish","type":"page","link":"https:\/\/my.dev.vanderbilt.edu\/markuseberl\/tamarindito-project\/","title":{"rendered":"Tamarindito Project"},"content":{"rendered":"<p style=\"text-align: left\"><a href=\"https:\/\/cdn-dev.vanderbilt.edu\/t2-my-dev\/wp-content\/uploads\/sites\/914\/2013\/04\/Tamarindito2009.jpg\"><img loading=\"lazy\" decoding=\"async\" class=\"aligncenter size-medium wp-image-96\" src=\"https:\/\/cdn-dev.vanderbilt.edu\/t2-my-dev\/wp-content\/uploads\/sites\/914\/2013\/04\/Tamarindito2009-300x292.jpg\" alt=\"\" width=\"300\" height=\"292\" srcset=\"https:\/\/cdn-dev.vanderbilt.edu\/t2-my-dev\/wp-content\/uploads\/sites\/914\/2013\/04\/Tamarindito2009-300x292.jpg 300w, https:\/\/cdn-dev.vanderbilt.edu\/t2-my-dev\/wp-content\/uploads\/sites\/914\/2013\/04\/Tamarindito2009-650x634.jpg 650w, https:\/\/cdn-dev.vanderbilt.edu\/t2-my-dev\/wp-content\/uploads\/sites\/914\/2013\/04\/Tamarindito2009.jpg 700w\" sizes=\"auto, (max-width: 300px) 100vw, 300px\" \/><\/a><br \/>\nMarkus Eberl is director of the Tamarindito Archaeological Project (the Guatemalan co-director is Claudia Vela who teaches at the <a href=\"http:\/\/www.evelynrogers.edu.gt\/\">Colegio Evelyn Rogers<\/a>).\u00a0Tamarindito, the capital of a Classic Maya kingdom, was occupied during Preclassic and Classic times (300 B.C.E.\u2013900 C.E.) and served as the capital of a kingdom from 400\u2013800 C.E. Previous investigations concentrated on Tamarindito\u2019s center with elite residential groups, royal palaces, and temple-pyramids; terraces were noted during the mapping of the center. I started the archaeological project at Tamarindito in 2009 and completed\u00a0the ninth field season in 2022. While my team and I are still analyzing the results of our work, we are wrapping the Tamarindito project up and pivoting to the site of Tzikin Tzakan.<\/p>\n<p class=\"Body\">Sarah Levithol, Byron Hern\u00e1ndez, and I surveyed and mapped Tamarindito. Excavation crews that included the project directors, Juan Manuel Palomo, Laura Vel\u00e1<span lang=\"FR\">squez,<\/span>\u00a0Sarah Levithol, Sven Gronemeyer, Andrea D\u00edaz, and Omar Schwendener test-pitted and excavated especially non-elite residential groups. We built up a comprehensive database on architecture and artifacts. Sven Gronemeyer completed a new catalog of all monuments at the site. Paul Graf measured ground conductivity and flew a drone to detect \u2018invisible\u2019 buildings in the southern and western part of the site. Phyllis Johnson took soil samples from dozens of residential groups to analyze them for microdebitage, that is, evidence for ancient stone knapping. In 2016, Marie Vela and I summarized our archaeological findings in the edited volume <i><span lang=\"ES-TRAD\">Entre reyes y campesinos<\/span><\/i>.<\/p>\n<p style=\"text-align: left\">Community archaeology has been a key component of our project. We have been working very closely with local communities, in particular the residents of Las Maravillas, a village about 30 walking-minutes from the site. In 2017, Santiago Cho Coc and I published a book \u2013 <i>Xch<span dir=\"RTL\" lang=\"AR-SA\">\u2019<\/span><\/i><i><span lang=\"SV\">och<\/span><span dir=\"RTL\" lang=\"AR-SA\">\u2019<\/span>el li Kiib<span dir=\"RTL\" lang=\"AR-SA\">\u2019 <\/span><span lang=\"ES-TRAD\">Tenamit. Tierra de las Dos <\/span><span dir=\"RTL\" lang=\"AR-SA\">\u201c<\/span><span lang=\"NL\">Razas<\/span>\u201d<\/i> \u2013 that describes the history of Las Maravillas and contains local stories.<\/p>\n<p style=\"text-align: center\">Wikipedia Page on <a href=\"http:\/\/en.wikipedia.org\/wiki\/Tamarindito\">Tamarindito<\/a><\/p>\n<p style=\"text-align: center\"><a href=\"http:\/\/www.facebook.com\/TamarinditoGuatemala\">Facebook<\/a> page of the Tamarindito Archaeological Project<br \/>\n(like us if you are interested in updates)<\/p>\n<h2 style=\"text-align: left\">Community outreach<\/h2>\n<p class=\"Body\">Members of the Tamarindito Archaeological Project have worked closely with local communities in the vicinity of the archaeological site. Most of our local collaborators live in Las Maravillas and El Excarbado II and they often struggle to access basic necessities. Dirt roads make it difficult to get around especially in the rainy season. Only about ten years ago did they get access to electricity. Sayaxch\u00e9, the closest town, is about two car-hours away and locals have to travel there to use bank services, go to the hospital or attend a secondary school. As part of the Tamarindito project, we have helped to build a community health center at El Excarvado. We have also given talks to school children at the primary school of Las Maravillas and given them site tours. With funding from the Henkel Foundation, we conducted an ethnographic survey and in-depth interviews at Las Maravillas in 2016 and 2017.<\/p>\n<p class=\"Body\"><a href=\"https:\/\/cdn-dev.vanderbilt.edu\/t2-my-dev\/wp-content\/uploads\/sites\/914\/2013\/04\/ElExcarbadoII-CentroDeSalud3.jpg\"><img loading=\"lazy\" decoding=\"async\" class=\"aligncenter size-medium wp-image-378\" src=\"https:\/\/cdn-dev.vanderbilt.edu\/t2-my-dev\/wp-content\/uploads\/sites\/914\/2013\/04\/ElExcarbadoII-CentroDeSalud3-300x161.jpg\" alt=\"ElExcarbadoII-CentroDeSalud3\" width=\"300\" height=\"161\" srcset=\"https:\/\/cdn-dev.vanderbilt.edu\/t2-my-dev\/wp-content\/uploads\/sites\/914\/2013\/04\/ElExcarbadoII-CentroDeSalud3-300x161.jpg 300w, https:\/\/cdn-dev.vanderbilt.edu\/t2-my-dev\/wp-content\/uploads\/sites\/914\/2013\/04\/ElExcarbadoII-CentroDeSalud3-768x413.jpg 768w, https:\/\/cdn-dev.vanderbilt.edu\/t2-my-dev\/wp-content\/uploads\/sites\/914\/2013\/04\/ElExcarbadoII-CentroDeSalud3-650x350.jpg 650w, https:\/\/cdn-dev.vanderbilt.edu\/t2-my-dev\/wp-content\/uploads\/sites\/914\/2013\/04\/ElExcarbadoII-CentroDeSalud3.jpg 1500w\" sizes=\"auto, (max-width: 300px) 100vw, 300px\" \/><\/a><\/p>\n<p class=\"Body\" style=\"text-align: center\">The health center in El Excarbado II<\/p>\n<p class=\"Body\"><a href=\"https:\/\/cdn-dev.vanderbilt.edu\/t2-my-dev\/wp-content\/uploads\/sites\/914\/2013\/04\/IGERstudents3.jpg\"><img loading=\"lazy\" decoding=\"async\" class=\"aligncenter size-medium wp-image-377\" src=\"https:\/\/cdn-dev.vanderbilt.edu\/t2-my-dev\/wp-content\/uploads\/sites\/914\/2013\/04\/IGERstudents3-300x258.jpg\" alt=\"IGERstudents3\" width=\"300\" height=\"258\" srcset=\"https:\/\/cdn-dev.vanderbilt.edu\/t2-my-dev\/wp-content\/uploads\/sites\/914\/2013\/04\/IGERstudents3-300x258.jpg 300w, https:\/\/cdn-dev.vanderbilt.edu\/t2-my-dev\/wp-content\/uploads\/sites\/914\/2013\/04\/IGERstudents3-768x661.jpg 768w, https:\/\/cdn-dev.vanderbilt.edu\/t2-my-dev\/wp-content\/uploads\/sites\/914\/2013\/04\/IGERstudents3-650x559.jpg 650w, https:\/\/cdn-dev.vanderbilt.edu\/t2-my-dev\/wp-content\/uploads\/sites\/914\/2013\/04\/IGERstudents3.jpg 1500w\" sizes=\"auto, (max-width: 300px) 100vw, 300px\" \/><\/a><\/p>\n<p class=\"Body\" style=\"text-align: center\">Giving school children from\u00a0Las Maravillas a tour of the site<\/p>\n<h2 style=\"text-align: left\">Field Crews<\/h2>\n<p style=\"text-align: center\"><a href=\"https:\/\/cdn-dev.vanderbilt.edu\/t2-my-dev\/wp-content\/uploads\/sites\/914\/2013\/04\/TM-Season2009-Crew1.jpg\"><img loading=\"lazy\" decoding=\"async\" class=\"aligncenter size-medium wp-image-187\" src=\"https:\/\/cdn-dev.vanderbilt.edu\/t2-my-dev\/wp-content\/uploads\/sites\/914\/2013\/04\/TM-Season2009-Crew1-300x206.jpg\" alt=\"\" width=\"300\" height=\"206\" srcset=\"https:\/\/cdn-dev.vanderbilt.edu\/t2-my-dev\/wp-content\/uploads\/sites\/914\/2013\/04\/TM-Season2009-Crew1-300x206.jpg 300w, https:\/\/cdn-dev.vanderbilt.edu\/t2-my-dev\/wp-content\/uploads\/sites\/914\/2013\/04\/TM-Season2009-Crew1-650x446.jpg 650w, https:\/\/cdn-dev.vanderbilt.edu\/t2-my-dev\/wp-content\/uploads\/sites\/914\/2013\/04\/TM-Season2009-Crew1.jpg 750w\" sizes=\"auto, (max-width: 300px) 100vw, 300px\" \/><\/a>(2009)<\/p>\n<p style=\"text-align: center\"><a href=\"https:\/\/cdn-dev.vanderbilt.edu\/t2-my-dev\/wp-content\/uploads\/sites\/914\/2013\/04\/2010.jpg\"><img loading=\"lazy\" decoding=\"async\" class=\"aligncenter size-medium wp-image-258\" src=\"https:\/\/cdn-dev.vanderbilt.edu\/t2-my-dev\/wp-content\/uploads\/sites\/914\/2013\/04\/2010-300x225.jpg\" alt=\"\" width=\"300\" height=\"225\" srcset=\"https:\/\/cdn-dev.vanderbilt.edu\/t2-my-dev\/wp-content\/uploads\/sites\/914\/2013\/04\/2010-300x225.jpg 300w, https:\/\/cdn-dev.vanderbilt.edu\/t2-my-dev\/wp-content\/uploads\/sites\/914\/2013\/04\/2010-650x487.jpg 650w, https:\/\/cdn-dev.vanderbilt.edu\/t2-my-dev\/wp-content\/uploads\/sites\/914\/2013\/04\/2010.jpg 960w\" sizes=\"auto, (max-width: 300px) 100vw, 300px\" \/><\/a><\/p>\n<p style=\"text-align: center\">(2010)<\/p>\n<p style=\"text-align: center\"><a href=\"https:\/\/cdn-dev.vanderbilt.edu\/t2-my-dev\/wp-content\/uploads\/sites\/914\/2013\/04\/FieldCrew2011c.jpg\"><img loading=\"lazy\" decoding=\"async\" class=\"aligncenter size-medium wp-image-186\" src=\"https:\/\/cdn-dev.vanderbilt.edu\/t2-my-dev\/wp-content\/uploads\/sites\/914\/2013\/04\/FieldCrew2011c-300x152.jpg\" alt=\"\" width=\"300\" height=\"152\" srcset=\"https:\/\/cdn-dev.vanderbilt.edu\/t2-my-dev\/wp-content\/uploads\/sites\/914\/2013\/04\/FieldCrew2011c-300x152.jpg 300w, https:\/\/cdn-dev.vanderbilt.edu\/t2-my-dev\/wp-content\/uploads\/sites\/914\/2013\/04\/FieldCrew2011c-650x331.jpg 650w, https:\/\/cdn-dev.vanderbilt.edu\/t2-my-dev\/wp-content\/uploads\/sites\/914\/2013\/04\/FieldCrew2011c.jpg 750w\" sizes=\"auto, (max-width: 300px) 100vw, 300px\" \/><\/a>(2011)<\/p>\n<p style=\"text-align: center\"><a href=\"https:\/\/cdn-dev.vanderbilt.edu\/t2-my-dev\/wp-content\/uploads\/sites\/914\/2013\/04\/ExcavationCrew2012c.jpg\"><img loading=\"lazy\" decoding=\"async\" class=\"aligncenter size-medium wp-image-185\" src=\"https:\/\/cdn-dev.vanderbilt.edu\/t2-my-dev\/wp-content\/uploads\/sites\/914\/2013\/04\/ExcavationCrew2012c-300x190.jpg\" alt=\"\" width=\"300\" height=\"190\" srcset=\"https:\/\/cdn-dev.vanderbilt.edu\/t2-my-dev\/wp-content\/uploads\/sites\/914\/2013\/04\/ExcavationCrew2012c-300x190.jpg 300w, https:\/\/cdn-dev.vanderbilt.edu\/t2-my-dev\/wp-content\/uploads\/sites\/914\/2013\/04\/ExcavationCrew2012c-650x411.jpg 650w, https:\/\/cdn-dev.vanderbilt.edu\/t2-my-dev\/wp-content\/uploads\/sites\/914\/2013\/04\/ExcavationCrew2012c.jpg 750w\" sizes=\"auto, (max-width: 300px) 100vw, 300px\" \/><\/a>(2012)<\/p>\n<h2 style=\"text-align: left\">Maps<\/h2>\n<p><a href=\"https:\/\/cdn-dev.vanderbilt.edu\/t2-my-dev\/wp-content\/uploads\/sites\/914\/2013\/04\/Local_DEM.jpg\"><img loading=\"lazy\" decoding=\"async\" class=\"aligncenter size-medium wp-image-115\" src=\"https:\/\/cdn-dev.vanderbilt.edu\/t2-my-dev\/wp-content\/uploads\/sites\/914\/2013\/04\/Local_DEM-300x190.jpg\" alt=\"\" width=\"300\" height=\"190\" srcset=\"https:\/\/cdn-dev.vanderbilt.edu\/t2-my-dev\/wp-content\/uploads\/sites\/914\/2013\/04\/Local_DEM-300x190.jpg 300w, https:\/\/cdn-dev.vanderbilt.edu\/t2-my-dev\/wp-content\/uploads\/sites\/914\/2013\/04\/Local_DEM-650x413.jpg 650w, https:\/\/cdn-dev.vanderbilt.edu\/t2-my-dev\/wp-content\/uploads\/sites\/914\/2013\/04\/Local_DEM.jpg 750w\" sizes=\"auto, (max-width: 300px) 100vw, 300px\" \/><\/a><\/p>\n<p style=\"text-align: center\">Local DEM by Sarah Levithol.<\/p>\n<p style=\"text-align: center\"><a href=\"https:\/\/cdn-dev.vanderbilt.edu\/t2-my-dev\/wp-content\/uploads\/sites\/914\/2013\/04\/TM-Centro.jpg\"><img loading=\"lazy\" decoding=\"async\" class=\"aligncenter size-medium wp-image-116\" src=\"https:\/\/cdn-dev.vanderbilt.edu\/t2-my-dev\/wp-content\/uploads\/sites\/914\/2013\/04\/TM-Centro-300x193.jpg\" alt=\"\" width=\"300\" height=\"193\" srcset=\"https:\/\/cdn-dev.vanderbilt.edu\/t2-my-dev\/wp-content\/uploads\/sites\/914\/2013\/04\/TM-Centro-300x193.jpg 300w, https:\/\/cdn-dev.vanderbilt.edu\/t2-my-dev\/wp-content\/uploads\/sites\/914\/2013\/04\/TM-Centro.jpg 600w\" sizes=\"auto, (max-width: 300px) 100vw, 300px\" \/><\/a>Map of Tamarindito&#8217;s Plaza A (right) and Plaza B (left; map by Markus Eberl and Sarah Levithol).<\/p>\n<h2>Database<\/h2>\n<p><a href=\"https:\/\/cdn-dev.vanderbilt.edu\/t2-my-dev\/wp-content\/uploads\/sites\/914\/2013\/04\/database.jpg\"><img loading=\"lazy\" decoding=\"async\" class=\"aligncenter size-medium wp-image-231\" src=\"https:\/\/cdn-dev.vanderbilt.edu\/t2-my-dev\/wp-content\/uploads\/sites\/914\/2013\/04\/database-300x164.jpg\" alt=\"\" width=\"300\" height=\"164\" srcset=\"https:\/\/cdn-dev.vanderbilt.edu\/t2-my-dev\/wp-content\/uploads\/sites\/914\/2013\/04\/database-300x164.jpg 300w, https:\/\/cdn-dev.vanderbilt.edu\/t2-my-dev\/wp-content\/uploads\/sites\/914\/2013\/04\/database-650x356.jpg 650w, https:\/\/cdn-dev.vanderbilt.edu\/t2-my-dev\/wp-content\/uploads\/sites\/914\/2013\/04\/database.jpg 874w\" sizes=\"auto, (max-width: 300px) 100vw, 300px\" \/><\/a><\/p>\n<p><a href=\"https:\/\/cdn-dev.vanderbilt.edu\/t2-my-dev\/wp-content\/uploads\/sites\/914\/2013\/04\/database1.jpg\"><img loading=\"lazy\" decoding=\"async\" class=\"aligncenter size-medium wp-image-236\" src=\"https:\/\/cdn-dev.vanderbilt.edu\/t2-my-dev\/wp-content\/uploads\/sites\/914\/2013\/04\/database1-300x164.jpg\" alt=\"\" width=\"300\" height=\"164\" srcset=\"https:\/\/cdn-dev.vanderbilt.edu\/t2-my-dev\/wp-content\/uploads\/sites\/914\/2013\/04\/database1-300x164.jpg 300w, https:\/\/cdn-dev.vanderbilt.edu\/t2-my-dev\/wp-content\/uploads\/sites\/914\/2013\/04\/database1-650x356.jpg 650w, https:\/\/cdn-dev.vanderbilt.edu\/t2-my-dev\/wp-content\/uploads\/sites\/914\/2013\/04\/database1.jpg 830w\" sizes=\"auto, (max-width: 300px) 100vw, 300px\" \/><\/a><a href=\"https:\/\/cdn-dev.vanderbilt.edu\/t2-my-dev\/wp-content\/uploads\/sites\/914\/2013\/04\/database2.png\"><img loading=\"lazy\" decoding=\"async\" class=\"aligncenter size-medium wp-image-237\" src=\"https:\/\/cdn-dev.vanderbilt.edu\/t2-my-dev\/wp-content\/uploads\/sites\/914\/2013\/04\/database2-300x165.png\" alt=\"\" width=\"300\" height=\"165\" srcset=\"https:\/\/cdn-dev.vanderbilt.edu\/t2-my-dev\/wp-content\/uploads\/sites\/914\/2013\/04\/database2-300x165.png 300w, https:\/\/cdn-dev.vanderbilt.edu\/t2-my-dev\/wp-content\/uploads\/sites\/914\/2013\/04\/database2-650x358.png 650w, https:\/\/cdn-dev.vanderbilt.edu\/t2-my-dev\/wp-content\/uploads\/sites\/914\/2013\/04\/database2.png 809w\" sizes=\"auto, (max-width: 300px) 100vw, 300px\" \/><\/a><a href=\"https:\/\/cdn-dev.vanderbilt.edu\/t2-my-dev\/wp-content\/uploads\/sites\/914\/2013\/04\/database3.png\"><img loading=\"lazy\" decoding=\"async\" class=\"aligncenter size-medium wp-image-238\" src=\"https:\/\/cdn-dev.vanderbilt.edu\/t2-my-dev\/wp-content\/uploads\/sites\/914\/2013\/04\/database3-300x160.png\" alt=\"\" width=\"300\" height=\"160\" srcset=\"https:\/\/cdn-dev.vanderbilt.edu\/t2-my-dev\/wp-content\/uploads\/sites\/914\/2013\/04\/database3-300x160.png 300w, https:\/\/cdn-dev.vanderbilt.edu\/t2-my-dev\/wp-content\/uploads\/sites\/914\/2013\/04\/database3-650x346.png 650w, https:\/\/cdn-dev.vanderbilt.edu\/t2-my-dev\/wp-content\/uploads\/sites\/914\/2013\/04\/database3.png 847w\" sizes=\"auto, (max-width: 300px) 100vw, 300px\" \/><\/a><\/p>\n<h2>Artifacts<\/h2>\n<p style=\"text-align: center\"><a href=\"https:\/\/cdn-dev.vanderbilt.edu\/t2-my-dev\/wp-content\/uploads\/sites\/914\/2013\/04\/TM18D-310516-SaxchePalmarCylinder.jpg\"><img loading=\"lazy\" decoding=\"async\" class=\"aligncenter size-medium wp-image-198\" src=\"https:\/\/cdn-dev.vanderbilt.edu\/t2-my-dev\/wp-content\/uploads\/sites\/914\/2013\/04\/TM18D-310516-SaxchePalmarCylinder-208x300.jpg\" alt=\"\" width=\"208\" height=\"300\" srcset=\"https:\/\/cdn-dev.vanderbilt.edu\/t2-my-dev\/wp-content\/uploads\/sites\/914\/2013\/04\/TM18D-310516-SaxchePalmarCylinder-208x300.jpg 208w, https:\/\/cdn-dev.vanderbilt.edu\/t2-my-dev\/wp-content\/uploads\/sites\/914\/2013\/04\/TM18D-310516-SaxchePalmarCylinder-450x650.jpg 450w, https:\/\/cdn-dev.vanderbilt.edu\/t2-my-dev\/wp-content\/uploads\/sites\/914\/2013\/04\/TM18D-310516-SaxchePalmarCylinder.jpg 555w\" sizes=\"auto, (max-width: 208px) 100vw, 208px\" \/><\/a><br \/>\nCylinder Vessel (drawing by M. Eberl).<\/p>\n<p style=\"text-align: center\"><a href=\"https:\/\/cdn-dev.vanderbilt.edu\/t2-my-dev\/wp-content\/uploads\/sites\/914\/2013\/04\/TM37E-6-4-2-no276-ShellTinkler.jpg\"><img loading=\"lazy\" decoding=\"async\" class=\"aligncenter size-medium wp-image-193\" src=\"https:\/\/cdn-dev.vanderbilt.edu\/t2-my-dev\/wp-content\/uploads\/sites\/914\/2013\/04\/TM37E-6-4-2-no276-ShellTinkler-180x300.jpg\" alt=\"\" width=\"180\" height=\"300\" srcset=\"https:\/\/cdn-dev.vanderbilt.edu\/t2-my-dev\/wp-content\/uploads\/sites\/914\/2013\/04\/TM37E-6-4-2-no276-ShellTinkler-180x300.jpg 180w, https:\/\/cdn-dev.vanderbilt.edu\/t2-my-dev\/wp-content\/uploads\/sites\/914\/2013\/04\/TM37E-6-4-2-no276-ShellTinkler-390x650.jpg 390w, https:\/\/cdn-dev.vanderbilt.edu\/t2-my-dev\/wp-content\/uploads\/sites\/914\/2013\/04\/TM37E-6-4-2-no276-ShellTinkler.jpg 504w\" sizes=\"auto, (max-width: 180px) 100vw, 180px\" \/><\/a><\/p>\n<p style=\"text-align: center\">Perforated shell (drawing by M. Eberl).<\/p>\n<p style=\"text-align: center\"><a href=\"https:\/\/cdn-dev.vanderbilt.edu\/t2-my-dev\/wp-content\/uploads\/sites\/914\/2013\/04\/TM37E-2-2-2-no193-OwlWhistle.jpg\"><img loading=\"lazy\" decoding=\"async\" class=\"aligncenter size-medium wp-image-192\" src=\"https:\/\/cdn-dev.vanderbilt.edu\/t2-my-dev\/wp-content\/uploads\/sites\/914\/2013\/04\/TM37E-2-2-2-no193-OwlWhistle-300x147.jpg\" alt=\"\" width=\"300\" height=\"147\" srcset=\"https:\/\/cdn-dev.vanderbilt.edu\/t2-my-dev\/wp-content\/uploads\/sites\/914\/2013\/04\/TM37E-2-2-2-no193-OwlWhistle-300x147.jpg 300w, https:\/\/cdn-dev.vanderbilt.edu\/t2-my-dev\/wp-content\/uploads\/sites\/914\/2013\/04\/TM37E-2-2-2-no193-OwlWhistle-650x319.jpg 650w, https:\/\/cdn-dev.vanderbilt.edu\/t2-my-dev\/wp-content\/uploads\/sites\/914\/2013\/04\/TM37E-2-2-2-no193-OwlWhistle.jpg 700w\" sizes=\"auto, (max-width: 300px) 100vw, 300px\" \/><\/a>Owl figurine (drawing by M. Eberl).<\/p>\n<h2>Monuments<\/h2>\n<p><a href=\"https:\/\/cdn-dev.vanderbilt.edu\/t2-my-dev\/wp-content\/uploads\/sites\/914\/2013\/04\/TAM-St.-02-B-Gronemeyer-2010-Left-Right-Side.jpg\"><img loading=\"lazy\" decoding=\"async\" class=\"aligncenter size-large wp-image-151\" src=\"https:\/\/cdn-dev.vanderbilt.edu\/t2-my-dev\/wp-content\/uploads\/sites\/914\/2013\/04\/TAM-St.-02-B-Gronemeyer-2010-Left-Right-Side-190x650.jpg\" alt=\"\" width=\"190\" height=\"650\" srcset=\"https:\/\/cdn-dev.vanderbilt.edu\/t2-my-dev\/wp-content\/uploads\/sites\/914\/2013\/04\/TAM-St.-02-B-Gronemeyer-2010-Left-Right-Side-190x650.jpg 190w, https:\/\/cdn-dev.vanderbilt.edu\/t2-my-dev\/wp-content\/uploads\/sites\/914\/2013\/04\/TAM-St.-02-B-Gronemeyer-2010-Left-Right-Side.jpg 234w\" sizes=\"auto, (max-width: 190px) 100vw, 190px\" \/><\/a><\/p>\n<p style=\"text-align: center\">Stela 2, right side (drawing by Sven Gronemeyer).<\/p>\n<p style=\"text-align: center\"><a href=\"https:\/\/cdn-dev.vanderbilt.edu\/t2-my-dev\/wp-content\/uploads\/sites\/914\/2013\/04\/TAM-HS.jpg\"><img loading=\"lazy\" decoding=\"async\" class=\"aligncenter size-large wp-image-152\" src=\"https:\/\/cdn-dev.vanderbilt.edu\/t2-my-dev\/wp-content\/uploads\/sites\/914\/2013\/04\/TAM-HS-650x133.jpg\" alt=\"\" width=\"650\" height=\"133\" srcset=\"https:\/\/cdn-dev.vanderbilt.edu\/t2-my-dev\/wp-content\/uploads\/sites\/914\/2013\/04\/TAM-HS-650x133.jpg 650w, https:\/\/cdn-dev.vanderbilt.edu\/t2-my-dev\/wp-content\/uploads\/sites\/914\/2013\/04\/TAM-HS-300x61.jpg 300w, https:\/\/cdn-dev.vanderbilt.edu\/t2-my-dev\/wp-content\/uploads\/sites\/914\/2013\/04\/TAM-HS.jpg 800w\" sizes=\"auto, (max-width: 650px) 100vw, 650px\" \/><\/a>Step from Hieroglyphic Stairway 1 (drawing by Sven Gronemeyer).<\/p>\n<h2>Publications<\/h2>\n<p>2013 \u00a0 \u00a0 \u00a0 \u00a0 \u00a0 \u00a0\u00a0(Gronemeyer, Sven)\u00a0<em>The Monuments and Inscriptions of Tamarindito, Peten, Guatemala<\/em>. Acta Mesoamericana 25. Verlag Anton Saurwein, Markt Schwaben.<\/p>\n<p>2012\u00a0\u00a0\u00a0\u00a0\u00a0\u00a0\u00a0\u00a0\u00a0\u00a0\u00a0 (Eberl, Markus and Claudia Vela) Patr\u00f3n de Asentamiento y Organizaci\u00f3n Social del Sitio Maya Tamarindito. Manuscript submitted for publication in the conference proceedings of the XXVI Simposio de Investigaciones Arqueol\u00f3gicas en Guatemala. Museo Nacional de Arqueolog\u00eda y Etnolog\u00eda, Guatemala City.<\/p>\n<p>2012\u00a0\u00a0\u00a0\u00a0\u00a0\u00a0\u00a0\u00a0\u00a0\u00a0\u00a0 (Levithol, Sarah) The visibility factor in the choice of plaza placement and construction at the Maya site of Tamarindito, Guatemala. Manuscript submitted for publication in the conference proceedings of the XXVI Simposio de Investigaciones Arqueol\u00f3gicas en Guatemala. Museo Nacional de Arqueolog\u00eda y Etnolog\u00eda, Guatemala City.<\/p>\n<p>2012\u00a0\u00a0\u00a0\u00a0\u00a0\u00a0\u00a0\u00a0\u00a0\u00a0\u00a0 (Gronemeyer, Sven, and Markus Eberl) Recent Archaeological and Epigraphic Investigations in Tamarindito, Pet\u00e9n. In <em>Proceedings of the 1st Cracow Maya Conference: Archaeology and Epigraphy of the Eastern Central Maya Lowlands<\/em>, edited by Christophe Helmke, Jaros\u0142aw \u0179ra\u0142ka and Monika Banach, pp. 63\u201387. Contributions in New World Archaeology, 3. Cracow: Polska Akademia Umiej\u0119tno\u015bci and Uniwersytet Jagiello\u0144ski.<\/p>\n<p>2011\u00a0\u00a0\u00a0\u00a0\u00a0\u00a0\u00a0\u00a0\u00a0\u00a0\u00a0 (Eberl, Markus, and Claudia Vela) Agricultura durante el per\u00edodo cl\u00e1sico en Tamarindito (La Temporada 2011 del Proyecto Arqueol\u00f3gico Tamarindito). Manuscript submitted for publication on July 19 to the Museo Nacional de Arqueolog\u00eda y Etnolog\u00eda de Guatemala.<\/p>\n<p>2011\u00a0\u00a0\u00a0\u00a0\u00a0\u00a0\u00a0\u00a0\u00a0\u00a0\u00a0 (Eberl, Markus, Claudia Vela, and Sven Gronemeyer) Investigaciones recientes del Proyecto Arqueol\u00f3gico Tamarindito: La Temporada 2010. In <em>XXIV Simposio de Investigaciones Arqueol\u00f3gicas en Guatemala, 2010<\/em>, edited by B\u00e1rbara Arroyo, Lorena Paiz Arag\u00f3n, Adriana Linares Palma, Ana Lucia Arroyave, pp. 237\u2013246. Museo Nacional de Antropologia e Historia, Ministerio de Cultura y Deportes, Instituto de Antropolog\u00eda e Historia, Asociaci\u00f3n Tikal, Guatemala.<\/p>\n<p>2010\u00a0\u00a0\u00a0\u00a0\u00a0\u00a0\u00a0\u00a0\u00a0\u00a0\u00a0 (Eberl, Markus, Claudia Vela Gonz\u00e1lez, and Juan Manuel Palomo) Investigaciones recientes del Proyecto Arqueol\u00f3gico Tamarindito: La Temporada 2009. In <em>XXIII Simposio de Investigaciones Arqueol\u00f3gicas en Guatemala, 2009<\/em>, edited by B\u00e1rbara Arroyo, Adriana Linares Palma, and Lorena Paiz Arag\u00f3n, pp. 620\u2013628. Museo Nacional de Arqueolog\u00eda y Etnolog\u00eda, Ministerio de Cultura y Deportes, Instituto de Antropolog\u00eda e Historia, Asociaci\u00f3n Tikal, Guatemala.<\/p>\n<p>&nbsp;<\/p>\n<h2>Field reports<\/h2>\n<p>2012\u00a0\u00a0\u00a0\u00a0\u00a0\u00a0\u00a0\u00a0\u00a0\u00a0\u00a0 (Eberl, Markus, Claudia Vela, Sarah Levithol, Sven Gronemeyer, Andrea D\u00edaz, and Jos\u00e9 Aguilar)<em> Informe Annual del Proyecto Arqueol\u00f3gico Tamarindito. Cuarta Temporada<\/em><em> 2012<\/em>. Field report submitted to the Instituto de Antropolog\u00eda e Historia de Guatemala Direcci\u00f3n General del Patrimonio Cultural y Natural, Ministerio de Cultura y Deportes, Guatemala.<\/p>\n<p>2012\u00a0\u00a0\u00a0\u00a0\u00a0\u00a0\u00a0\u00a0\u00a0\u00a0\u00a0 (Eberl, Markus, Claudia Vela, Laura Vel\u00e1squez, Byron Hern\u00e1ndez, Sarah Levithol and Sven Gronemeyer)<em> Informe Annual del Proyecto Arqueol\u00f3gico Tamarindito. Tercera Temporada<\/em><em> 2011<\/em>. Field report submitted to the Instituto de Antropolog\u00eda e Historia de Guatemala Direcci\u00f3n General del Patrimonio Cultural y Natural, Ministerio de Cultura y Deportes, Guatemala.<\/p>\n<p>2010\u00a0\u00a0\u00a0\u00a0\u00a0\u00a0\u00a0\u00a0\u00a0\u00a0\u00a0 (Eberl, Markus, Claudia Vela de Bellamy, Juan Manuel Palomo, and Sven Gronemeyer) <em>Informe Anual del Proyecto Arqueol\u00f3gico Tamarindito: Segunda Temporada 2010.<\/em> Field report prepared for the Instituto de Antropolog\u00eda e Historia de Guatemala, Guatemala.<\/p>\n<p>2009\u00a0\u00a0\u00a0\u00a0\u00a0\u00a0\u00a0\u00a0\u00a0\u00a0\u00a0 (Eberl, Markus, Claudia Vela Gonz\u00e1lez, Juan Manuel Palomo, Miriam Salas, and Omar Schwendener) <em>Informe Final del Proyecto Arqueol\u00f3gico Tamarindito: Temporada 2009.<\/em> Field report prepared for the Instituto de Antropolog\u00eda e Historia de Guatemala, Guatemala.<\/p>\n<p>&nbsp;<\/p>\n<p>&nbsp;<\/p>\n","protected":false},"excerpt":{"rendered":"<p>Markus Eberl is director of the Tamarindito Archaeological Project (the Guatemalan co-director is Claudia Vela who teaches at the Colegio Evelyn Rogers).\u00a0Tamarindito, the capital of a Classic Maya kingdom, was occupied during Preclassic and Classic times (300 B.C.E.\u2013900 C.E.) and served as the capital of a kingdom from 400\u2013800 C.E. Previous investigations concentrated on Tamarindito\u2019s&#8230;<\/p>\n","protected":false},"author":1819,"featured_media":0,"parent":0,"menu_order":0,"comment_status":"closed","ping_status":"closed","template":"","meta":{"footnotes":""},"tags":[],"class_list":["post-27","page","type-page","status-publish","hentry"],"_links":{"self":[{"href":"https:\/\/my.dev.vanderbilt.edu\/markuseberl\/wp-json\/wp\/v2\/pages\/27","targetHints":{"allow":["GET"]}}],"collection":[{"href":"https:\/\/my.dev.vanderbilt.edu\/markuseberl\/wp-json\/wp\/v2\/pages"}],"about":[{"href":"https:\/\/my.dev.vanderbilt.edu\/markuseberl\/wp-json\/wp\/v2\/types\/page"}],"author":[{"embeddable":true,"href":"https:\/\/my.dev.vanderbilt.edu\/markuseberl\/wp-json\/wp\/v2\/users\/1819"}],"replies":[{"embeddable":true,"href":"https:\/\/my.dev.vanderbilt.edu\/markuseberl\/wp-json\/wp\/v2\/comments?post=27"}],"version-history":[{"count":39,"href":"https:\/\/my.dev.vanderbilt.edu\/markuseberl\/wp-json\/wp\/v2\/pages\/27\/revisions"}],"predecessor-version":[{"id":379,"href":"https:\/\/my.dev.vanderbilt.edu\/markuseberl\/wp-json\/wp\/v2\/pages\/27\/revisions\/379"}],"wp:attachment":[{"href":"https:\/\/my.dev.vanderbilt.edu\/markuseberl\/wp-json\/wp\/v2\/media?parent=27"}],"wp:term":[{"taxonomy":"post_tag","embeddable":true,"href":"https:\/\/my.dev.vanderbilt.edu\/markuseberl\/wp-json\/wp\/v2\/tags?post=27"}],"curies":[{"name":"wp","href":"https:\/\/api.w.org\/{rel}","templated":true}]}}