{"id":979,"date":"2018-05-16T14:06:46","date_gmt":"2018-05-16T19:06:46","guid":{"rendered":"http:\/\/my.dev.vanderbilt.edu\/huacaprieta\/?page_id=979"},"modified":"2018-05-18T13:49:17","modified_gmt":"2018-05-18T18:49:17","slug":"data-tables","status":"publish","type":"page","link":"https:\/\/my.dev.vanderbilt.edu\/huacaprieta\/data-tables\/","title":{"rendered":"Addendum to Faunal and Floral Data from Huaca Prieta and Paredones"},"content":{"rendered":"<p>The following faunal and floral reports, totaling 858 pages of hard data,\u00a0 by\u00a0V\u00edctor F. V\u00e1squez S\u00e1nchez and\u00a0Teresa E. Rosales Tham represent\u00a0\u00a0the detailed analyses they carried out\u00a0between 2007 and 2013 on more than 800,000\u00a0specimens. The analyses include detailed ecological, taxonomic, biometric, MNI, NISP and other data. The faunal and floral chapters in the 2017 book on Huaca Prieta and other sites is a \u00a0detailed interpretative\u00a0synopsis of these data. If downloaded and cited for use by other analysts, both the book chapters and a specifically utilized report and\/or annex should be\u00a0referenced.<strong>\u00a0<\/strong><\/p>\n<p>Lastly, it should be noted that\u00a0there are a few quantitative and\u00a0qualitative differences for some excavated units at sites (e.g., Units 9, 12, 15\/21 at Huaca Prieta and Units 20 and 22 at Paredones), because some analyses on specific floral and faunal data were carried out at the Universidad Cayetano in Lima by the late Dr. Duccio Bonavia and some of his colleagues there between 2009 to 2012. These data were not available to and thus not incorporated into the reports by Victor and Teresa. If any quantitative and qualitative discrepancies are observed between the book chapters and the addenda posted here, data in tables of the book chapters are the most up-to-date.<\/p>\n<p><a href=\"https:\/\/cdn-dev.vanderbilt.edu\/t2-my-dev\/wp-content\/uploads\/sites\/1839\/2018\/05\/INFORME-FINAL-2007.pdf\">Analysis of Animal and Plant Remains &#8211; 2007<\/a><\/p>\n<p><a href=\"https:\/\/cdn-dev.vanderbilt.edu\/t2-my-dev\/wp-content\/uploads\/sites\/1839\/2018\/05\/ANEXO.pdf\">Appendix &#8211; Plant and Animal Remains<\/a><\/p>\n<p><a href=\"https:\/\/cdn-dev.vanderbilt.edu\/t2-my-dev\/wp-content\/uploads\/sites\/1839\/2018\/05\/INFORME-FINAL-HUACA-PRIETA-2008-002.pdf\">Analysis of Animal and Plant Remains &#8211; 2008<\/a><\/p>\n<p><a href=\"https:\/\/cdn-dev.vanderbilt.edu\/t2-my-dev\/wp-content\/uploads\/sites\/1839\/2018\/05\/ANEXOS-HUACA-PRIETA-2008.pdf\">Appendix for Animal and Plant Remains &#8211; 2008<\/a><\/p>\n<p><a href=\"https:\/\/cdn-dev.vanderbilt.edu\/t2-my-dev\/wp-content\/uploads\/sites\/1839\/2018\/05\/INFORME-FINAL-FAUNA-Y-VEGETALES-TEMPORADA-2009-HUACA-PRIETA.pdf\">Analysis of Animal and Plant Remains &#8211; 2009<\/a><\/p>\n<p><a href=\"https:\/\/cdn-dev.vanderbilt.edu\/t2-my-dev\/wp-content\/uploads\/sites\/1839\/2018\/05\/ANEXOS-2009.pdf\">Appendix for Animal and Plant Remains &#8211; 2009<\/a><\/p>\n<p><a href=\"https:\/\/cdn-dev.vanderbilt.edu\/t2-my-dev\/wp-content\/uploads\/sites\/1839\/2018\/05\/RESUMEN-FINAL-HUACA-PRIETA-ACTUALIZADO-03-Enero-2011.pdf\">FINAL SUMMARY &#8211; Animal and Plant Remains<\/a><\/p>\n<p><a href=\"https:\/\/cdn-dev.vanderbilt.edu\/t2-my-dev\/wp-content\/uploads\/sites\/1839\/2018\/05\/ANEXOS-RESUMEN-FINAL-FAUNA-2010.pdf\">Appendix &#8211; Animal, Final Summary, 2010<\/a><\/p>\n<p><a href=\"https:\/\/cdn-dev.vanderbilt.edu\/t2-my-dev\/wp-content\/uploads\/sites\/1839\/2018\/05\/ANEXOS-RESUMEN-FINAL-VEGETALES-FLOTACION-SEMILLAS.pdf\">Appendix &#8211; Macrobotanical Remains, Final Summary<\/a><\/p>\n<p>&nbsp;<\/p>\n","protected":false},"excerpt":{"rendered":"<p>The following faunal and floral reports, totaling 858 pages of hard data,\u00a0 by\u00a0V\u00edctor F. V\u00e1squez S\u00e1nchez and\u00a0Teresa E. Rosales Tham represent\u00a0\u00a0the detailed analyses they carried out\u00a0between 2007 and 2013 on more than 800,000\u00a0specimens. The analyses include detailed ecological, taxonomic, biometric, MNI, NISP and other data. The faunal and floral chapters in the 2017 book on&#8230;<\/p>\n","protected":false},"author":4150,"featured_media":0,"parent":0,"menu_order":45,"comment_status":"closed","ping_status":"closed","template":"","meta":{"footnotes":""},"tags":[],"class_list":["post-979","page","type-page","status-publish","hentry"],"_links":{"self":[{"href":"https:\/\/my.dev.vanderbilt.edu\/huacaprieta\/wp-json\/wp\/v2\/pages\/979","targetHints":{"allow":["GET"]}}],"collection":[{"href":"https:\/\/my.dev.vanderbilt.edu\/huacaprieta\/wp-json\/wp\/v2\/pages"}],"about":[{"href":"https:\/\/my.dev.vanderbilt.edu\/huacaprieta\/wp-json\/wp\/v2\/types\/page"}],"author":[{"embeddable":true,"href":"https:\/\/my.dev.vanderbilt.edu\/huacaprieta\/wp-json\/wp\/v2\/users\/4150"}],"replies":[{"embeddable":true,"href":"https:\/\/my.dev.vanderbilt.edu\/huacaprieta\/wp-json\/wp\/v2\/comments?post=979"}],"version-history":[{"count":8,"href":"https:\/\/my.dev.vanderbilt.edu\/huacaprieta\/wp-json\/wp\/v2\/pages\/979\/revisions"}],"predecessor-version":[{"id":1023,"href":"https:\/\/my.dev.vanderbilt.edu\/huacaprieta\/wp-json\/wp\/v2\/pages\/979\/revisions\/1023"}],"wp:attachment":[{"href":"https:\/\/my.dev.vanderbilt.edu\/huacaprieta\/wp-json\/wp\/v2\/media?parent=979"}],"wp:term":[{"taxonomy":"post_tag","embeddable":true,"href":"https:\/\/my.dev.vanderbilt.edu\/huacaprieta\/wp-json\/wp\/v2\/tags?post=979"}],"curies":[{"name":"wp","href":"https:\/\/api.w.org\/{rel}","templated":true}]}}