{"id":21,"date":"2013-05-02T14:43:27","date_gmt":"2013-05-02T19:43:27","guid":{"rendered":"https:\/\/my.dev.vanderbilt.edu\/heimat\/?page_id=21"},"modified":"2014-08-31T15:16:16","modified_gmt":"2014-08-31T20:16:16","slug":"ihre-links","status":"publish","type":"page","link":"https:\/\/my.dev.vanderbilt.edu\/heimat\/ihre-links\/","title":{"rendered":"Links: Edgar Reitz: &#8220;Heimat. Eine deutsche Chronik&#8221;"},"content":{"rendered":"<h3><strong><span style=\"font-size: small\"><span style=\"line-height: 24px\">Links <em><strong>Heimat. Eine deutsche Chronik <\/strong><strong>(1984) <\/strong><\/em><strong>(Folgen 1-11)<\/strong><\/span><\/span><\/strong><\/h3>\n<ul>\n<li><a title=\"imdb heimat\" href=\"http:\/\/www.imdb.com\/title\/tt0087400\/\" target=\"_blank\">&#8220;Heimat. Eine deutsche Chronik&#8221; (Edgar Reitz, 1984)<\/a><\/li>\n<li><a title=\"Edgar Reitz bio\" href=\"http:\/\/www.heimat123.de\/erb.htm\" target=\"_blank\">Biographie von Edgar Reitz<\/a><\/li>\n<li><a title=\"Heimat Fanpage\" href=\"http:\/\/www.heimat-fanpage.de\/cms\/index.php\/links-ins-web\/42-heimat\" target=\"_blank\">Heimat Fanpage (mit Links)<\/a><\/li>\n<li><a title=\"Heimatfilm\" href=\"http:\/\/en.wikipedia.org\/wiki\/Heimatfilm\" target=\"_blank\">Heimatfilm (genre)<\/a><\/li>\n<\/ul>\n<p style=\"padding-left: 30px\"><strong>Edgar Reitz hat\u00a0mit seiner Serie\u00a0<em>Heimat. Eine deutsche Chronik<\/em> auf die US-Fernsehserie\u00a0<em>Holocaust<\/em> (1978) geantwortet:<\/strong><\/p>\n<ul>\n<li><a title=\"Edit \u201c&quot;Holocaust&quot; (Marvin J. Chomsky, 1978)\u201d\" href=\"http:\/\/www.imdb.com\/title\/tt0077025\/\" target=\"_blank\">&#8220;Holocaust&#8221; (Marvin J. Chomsky, 1978)<\/a>\n<ul>\n<li><a href=\"http:\/\/en.wikipedia.org\/wiki\/Reinhard_Heydrich\" target=\"_blank\">Reinhard Heydrich\u00a0(1904-1942)<\/a><\/li>\n<li><a href=\"http:\/\/en.wikipedia.org\/wiki\/Heinrich_Himmler\" target=\"_blank\">Heinrich Himmler\u00a0(1900-1945)<\/a><\/li>\n<li><a href=\"http:\/\/en.wikipedia.org\/wiki\/Holocaust_(TV_miniseries)\" target=\"_blank\">&#8220;Holocaust&#8221; (TV miniseries, 1978) (wikipedia)<\/a><\/li>\n<li><a href=\"http:\/\/de.wikipedia.org\/wiki\/Holocaust_\u2013_Die_Geschichte_der_Familie_Weiss\" target=\"_blank\">&#8220;Holocaust. Die Geschichte der Familie Weiss&#8221; (wikipedia)<\/a><\/li>\n<li><a href=\"http:\/\/germanhistorydocs.ghi-dc.org\/pdf\/eng\/Chapter14Doc7.pdf\" target=\"_blank\">The Emotional Impact of the Airing of \u201cHolocaust,\u201d an American TV Miniseries, in the Federal Republic (1979)<\/a><\/li>\n<\/ul>\n<\/li>\n<\/ul>\n<p style=\"padding-left: 30px\"><strong>Edgar Reitz:\u00a0<em>Die andere Heimat. Chronik einer Sehnsucht <\/em>(2013)<br \/>\n<\/strong><strong><em>(Premiere 28.9.13 in Simmern)<br \/>\n<\/em><\/strong><strong>Die neue 4. Serie ist gerade in die deutschen Kinos gekommen:<\/strong><\/p>\n<ul>\n<li><a title=\"Berliner Zeitung - Kritik: &quot;Die andere Heimat&quot;\" href=\"http:\/\/www.berliner-zeitung.de\/film\/filmfestival-venedig-deutsche-opfergeschichten,10809184,24154360.html\" target=\"_blank\">&#8220;Die andere Heimat&#8221; (Filmpremiere in Venedig): Kritik<\/a><\/li>\n<li><em><a href=\"http:\/\/www.dradio.de\/dkultur\/sendungen\/kritik\/2266198\/\" target=\"_blank\">Leb wohl, geliebte, gehasste Heimat<\/a><\/em><\/li>\n<li><a href=\"http:\/\/www.rhein-zeitung.de\/region\/lokales\/hunsrueck_artikel,-Vor-der-Premiere-Wie-Die-andere-Heimat-das-Leben-von-Jan-Schneider-beeinflusst-_arid,1044882.html\" target=\"_blank\">Vor der Premiere: Wie &#8220;Die andere Heimat&#8221; das Leben von Jan Schneider beeinflusst<\/a><\/li>\n<li><a href=\"http:\/\/www.rhein-zeitung.de\/region\/lokales\/hunsrueck_artikel,-Heimat-Eine-Geschichte-voller-Reitze-_arid,1044854.html\" target=\"_blank\">&#8220;Heimat&#8221;: Eine Geschichte voller Rei(t)ze<\/a><\/li>\n<li><a href=\"http:\/\/www.rhein-zeitung.de\/region\/lokales\/nahe_artikel,-Weltpremiere-der-anderen-Heimat-in-Simmern-_arid,1044715.html\" target=\"_blank\">Weltpremiere der anderen Heimat in Simmern<\/a><\/li>\n<\/ul>\n<p><strong><span style=\"font-size: 2.4em;font-style: normal\"> <\/span><\/strong><\/p>\n<address><strong><span style=\"font-size: 2.4em;font-style: normal\"> <\/span><\/strong><\/address>\n<h3><strong><em>Heimat. Eine deutsche Chronik <\/em>(1984) (Folgen 1-11)<\/strong><\/h3>\n<p><span style=\"color: #333333\"><strong><em> Heima<\/em><\/strong><strong><em>t <\/em>Folge 1 &#8220;Fernweh&#8221; (1919-28):<\/strong><\/span><\/p>\n<ul style=\"padding-left: 30px\">\n<li><a href=\"http:\/\/en.wikipedia.org\/wiki\/Chemical_weapons_in_World_War_I\" target=\"_blank\">Chemical weapons in World War I (mustard gas: if not fatal, blisters on skin)<\/a><\/li>\n<li><a title=\"Edit \u201cFotos: Fachwerkh\u00e4user\u201d\" href=\"http:\/\/www.fotografie-architektur.de\/stockphoto-galerie-1a-startseite.html\" target=\"_blank\">Fotos: Fachwerkh\u00e4user<\/a><\/li>\n<li><a title=\"Bubikopf\" href=\"http:\/\/de.wikipedia.org\/wiki\/Bubikopf_%28Frisur%29\" target=\"_blank\">Der Bubikopf<\/a><\/li>\n<li><a title=\"Edit \u201cGeschichte zur Folge 1: &quot;Fernweh&quot; \u2013 Der Vertrag von Versailles und die Reparationszahlungen\u201d\" href=\"http:\/\/www.daserste.de\/derkrieg\/kriegsgeschehen_dyn~uid,yvozr9g5xx0xbsr0~cm.asp\" target=\"_blank\">Der Vertrag von Versailles und die Reparationszahlungen<\/a><\/li>\n<li><a title=\"Edit \u201cGeschichte zur Folge 1: &quot;Fernweh&quot; \u2013 Die Rheinische Republik und die Separatisten (1923-24) (Der Vater von Hans ist Separatist)\u201d\" href=\"http:\/\/de.wikipedia.org\/wiki\/Rheinische_Republik\" target=\"_blank\">Die Rheinische Republik und die Separatisten (1923-24) (Der Vater von Hans ist Separatist)<\/a><\/li>\n<li><a title=\"Edit \u201cGeschichte zur Folge 1: &quot;Fernweh&quot; \u2013 Jazz in Deutschland der 20er Jahren\u201d\" href=\"http:\/\/de.wikipedia.org\/wiki\/Jazz_in_Deutschland\" target=\"_blank\">Jazz in 20er Jahren Deutschland<\/a><\/li>\n<li><a title=\"Edit \u201cGeschichte zur Folge 1: &quot;Fernweh&quot; \u2013 Kriegerdenkm\u00e4ler zur Erinnerung an die Gefallenen im Ersten Weltkrieg\u201d\" href=\"http:\/\/de.wikipedia.org\/wiki\/Kriegerdenkmal\" target=\"_blank\">Kriegerdenkm\u00e4ler zur Erinnerung an die Gefallenen im Ersten Weltkrieg<\/a><\/li>\n<li><a title=\"Edit \u201cGeschichte zur Folge 1: &quot;Fernweh&quot; \u2013 W\u00e4hrungsreform 1924 (Eduard zahlt das Motorrad mit wertlosem Geld von 1914)\u201d\" href=\"http:\/\/de.wikipedia.org\/wiki\/W%C3%A4hrungsreformen_in_Deutschland\" target=\"_blank\">W\u00e4hrungsreform 1924 (Eduard zahlt das Motorrad mit wertlosem Geld von 1914)<\/a><\/li>\n<li><a title=\"Burg Baldenau\" href=\"http:\/\/wikimapia.org\/24292265\/Burg-Baldenau\" target=\"_blank\">Burg Baldenau (existiert wirklich im Huns\u00fcck)<\/a><\/li>\n<\/ul>\n<p><strong><em>Heimat <\/em>Folge 2 &#8220;Die Mitte der Welt&#8221; (1929-33):<\/strong><\/p>\n<ul style=\"padding-left: 30px\">\n<li><a href=\"http:\/\/en.wikipedia.org\/wiki\/Schinderhannes\" target=\"_blank\">Schinderhannes<\/a><\/li>\n<li><a title=\"Weltwirtschaftskrise\" href=\"http:\/\/de.wikipedia.org\/wiki\/Weltwirtschaftskrise\" target=\"_blank\">Die Weltwirtschaftskrise 1929<\/a><\/li>\n<li><a title=\"Horst-Wessel-Lied\" href=\"http:\/\/www.youtube.com\/watch?v=IDs0g1oTLhU\" target=\"_blank\">Das Horst-Wessel-Lied<\/a><\/li>\n<li><a title=\"Horst-Wessel-Lied info\" href=\"http:\/\/en.wikipedia.org\/wiki\/Horst-Wessel-Lied\" target=\"_blank\">Das Horst-Wessel-Lied (info)<\/a><\/li>\n<li><a href=\"http:\/\/en.wikipedia.org\/wiki\/Machtergreifung\" target=\"_blank\">Die Machtergreifung Hilters am 30. Jan. 1933<\/a><\/li>\n<li><a title=\"Reichstagsbrand 1933\" href=\"http:\/\/de.wikipedia.org\/wiki\/Reichstagsbrand\" target=\"_blank\">Der Reichstagsbrand<\/a><\/li>\n<li><a title=\"Notstandsgesetze von 1933\" href=\"http:\/\/de.wikipedia.org\/wiki\/Notstandsgesetz\" target=\"_blank\">Die Notstandsgesetze von 1933<\/a><\/li>\n<li><a title=\"Hitlerjugend\" href=\"http:\/\/de.wikipedia.org\/wiki\/Hitlerjugend\" target=\"_blank\">Die Hitlerjugend<\/a><\/li>\n<li><a title=\"Sturmabteilung\" href=\"http:\/\/de.wikipedia.org\/wiki\/Sturmabteilung\" target=\"_blank\">Die Sturmabteilung (SA)<\/a><\/li>\n<li><a title=\"Hitlerputsch\" href=\"http:\/\/www.lpb-bw.de\/hitlerputsch.html\" target=\"_blank\">Der\u00a0Hitlerputsch (8.-9.11.1923)<\/a><\/li>\n<\/ul>\n<p><strong><em>Heimat <\/em>Folge 3: &#8220;Weihnacht wie noch nie&#8221; (1935):<\/strong><\/p>\n<ul style=\"padding-left: 30px\">\n<li><a href=\"http:\/\/de.wikipedia.org\/wiki\/Rhaunen\" target=\"_blank\">Rhaunen (Eduard ist B\u00fcrgermeister dieser Hunsr\u00fccker Stadt)<\/a><\/li>\n<li><a href=\"http:\/\/www.dhm.de\/lemo\/html\/nazi\/innenpolitik\/reichstagsbrand\/\" target=\"_blank\">Der Reichstagsbrand (1933)<\/a><\/li>\n<li><a href=\"http:\/\/de.wikipedia.org\/wiki\/Erm%C3%A4chtigungsgesetz\" target=\"_blank\">Die Notstandsgesetze (1933) (Das\u00a0Erm\u00e4chtigungsgesetz; enabling act)<\/a><\/li>\n<li><a href=\"http:\/\/de.wikipedia.org\/wiki\/N\u00fcrnberger_Gesetze\" target=\"_blank\">Die N\u00fcrnberger Gesetze (1935) (Die N\u00fcrnberger Rassengesetze)<\/a><\/li>\n<li><a href=\"http:\/\/en.wikipedia.org\/wiki\/Wilhelm_Frick\" target=\"_blank\">Wilhelm Frick (1877-1946) (Engl.) (N\u00fcrnberger Gesetze, in N\u00fcrnberg hingerichtet)<\/a><\/li>\n<li><a href=\"http:\/\/en.wikipedia.org\/wiki\/Alfred_Rosenberg\" target=\"_blank\">Alfred Rosenberg (1893-1946) (Engl.) (Rassentheorie, in N\u00fcrnberg hingerichtet)<\/a><\/li>\n<li><a href=\"http:\/\/en.wikipedia.org\/wiki\/Robert_Ley\" target=\"_blank\">Robert Ley (1890-1945) (Engl.) (Deutsche Arbeitsfront, Zwangsarbeit, Selbstmord\u00a0nach Urteil in N\u00fcnberg)<\/a><\/li>\n<li><a href=\"http:\/\/de.wikipedia.org\/wiki\/Rheinlandbesetzung_(1936)\" target=\"_blank\">Die\u00a0Rheinlandbesetzung\u00a0(Remilitarisierung des Rheinlandes) (1936)<\/a><\/li>\n<\/ul>\n<p><strong><em>Heimat<\/em> Folge 4: &#8220;Die Reichsh\u00f6henstra\u00dfe&#8221; (1938):<\/strong><\/p>\n<ul style=\"padding-left: 30px\">\n<li><a href=\"http:\/\/de.wikipedia.org\/wiki\/Hunsr\u00fcckh\u00f6henstra\u00dfe\" target=\"_blank\">Die Hunsr\u00fcckh\u00f6henstra\u00dfe (1938-39)<\/a><\/li>\n<li><a href=\"http:\/\/de.wikipedia.org\/wiki\/Organisation_Todt\" target=\"_blank\"><em>Organisation Todt <\/em>(gegr\u00fcndet   1938, Bautruppe f\u00fcr kriegswichtige Bauprojekte, benutzte Zwangsarbeiter)<\/a><\/li>\n<li><a href=\"http:\/\/de.wikipedia.org\/wiki\/SS-Sonderlager_Hinzert\" target=\"_blank\">SS-Sonderlager Hinzert\u00a0(1939-45)<\/a><\/li>\n<li><a href=\"http:\/\/en.wikipedia.org\/wiki\/N%C3%BCrburgring\" target=\"_blank\">Der\u00a0N\u00fcrburgring (Anfang: 1927-1939)<\/a><\/li>\n<li><a href=\"http:\/\/www.zarahleander.de\/biografie.html\" target=\"_blank\">Zarah Leander (1907-1981)<\/a><\/li>\n<\/ul>\n<p><strong><em>Heimat<\/em> Folge 5: &#8220;Auf und davon und zur\u00fcck&#8221; (1938-1939)<\/strong><\/p>\n<ul style=\"padding-left: 30px\">\n<li><a href=\"http:\/\/en.wikipedia.org\/wiki\/Nazi_propaganda\" target=\"_blank\">Hitler-Propaganda und das Radio<\/a><\/li>\n<li><a href=\"http:\/\/en.wikipedia.org\/wiki\/Hitler_Youth\" target=\"_blank\">Die Hitlerjugend (Engl.)<\/a><\/li>\n<li><a href=\"http:\/\/www.dhm.de\/lemo\/html\/nazi\/organisationen\/jugend\/\" target=\"_blank\">Die Hitlerjugend (1926 gegr\u00fcndet) (Deutsch)<\/a><\/li>\n<li><a href=\"http:\/\/www.youtube.com\/watch?v=OXmlmOyeSug\" target=\"_blank\">Lied: &#8220;Muss i denn&#8221; (&#8220;Muss i&#8217; denn, muss i&#8217; denn<br \/>\nZum St\u00e4dtele hinaus&#8221; &#8211;\u00a0a capella Lied vor Pauls Schiff; beliebt im Krieg)<\/a><\/li>\n<li><a href=\"http:\/\/en.wikipedia.org\/wiki\/Invasion_of_Poland\" target=\"_blank\">German invasion of Poland (1 Sept. 1939)<\/a><\/li>\n<li><a href=\"http:\/\/en.wikipedia.org\/wiki\/Aryan_certificate\" target=\"_blank\">Aryan Certificate (Engl.)<\/a><\/li>\n<li><a href=\"http:\/\/de.wikipedia.org\/wiki\/Ariernachweis\" target=\"_blank\">Ariernachweis (1933-1945: kleiner und gro\u00dfer Nachweis) (Deutsch)<\/a><\/li>\n<li><a href=\"http:\/\/de.wikipedia.org\/wiki\/Joe_%26_Max\" target=\"_blank\"><em>Joe und Max<\/em> (Film: Regie, Steve James, 2002)<\/a><\/li>\n<li><a href=\"http:\/\/www.imdb.com\/title\/tt1361828\/\" target=\"_blank\"><em>Max Schmeling<\/em> (Film: Regie Uwe Boll, 2010)<\/a><\/li>\n<li><a href=\"http:\/\/en.wikipedia.org\/wiki\/Joe_Louis_vs._Max_Schmeling\" target=\"_blank\">Max Schmeling vs. Joe Louis (1936, 1938)<\/a><\/li>\n<\/ul>\n<p><strong><em>Heimat<\/em><\/strong><strong> Folge 6: &#8220;Heimatfront&#8221; (1943)<\/strong><\/p>\n<ul style=\"padding-left: 30px\">\n<li><a href=\"http:\/\/de.wikipedia.org\/wiki\/Deutsches_Eherecht_im_Zweiten_Weltkrieg\" target=\"_blank\">Ferntrauung im Zweiten Weltkrieg (ab 4. Nov. 1939)<\/a><\/li>\n<li><a href=\"http:\/\/de.wikipedia.org\/wiki\/Blindg\u00e4nger\" target=\"_blank\">Blindg\u00e4nger<\/a><\/li>\n<li><a href=\"http:\/\/www.theguardian.com\/world\/2013\/apr\/03\/second-world-war-bomb-berlin\" target=\"_blank\">Bombenentsch\u00e4rfung (bomb disposal) in Berlin 2013<\/a><\/li>\n<li><a href=\"http:\/\/en.wikipedia.org\/wiki\/Wasserkuppe\" target=\"_blank\">Wasserkuppe R\u00f6hn (high plateau in R\u00f6hn mountains for gliders: Segelflieger)\u00a0(Englisch)<\/a><\/li>\n<li><a href=\"http:\/\/en.wikipedia.org\/wiki\/Focke-Wulf_Fw_190\" target=\"_blank\">Focke-Wulf Fw 190\u00a0(fighter plane: Ernst)<\/a><\/li>\n<li><a href=\"http:\/\/en.wikipedia.org\/wiki\/Rudolf_Hess\" target=\"_blank\">Rudolf Hess (1894-1987)<\/a><\/li>\n<li><a href=\"http:\/\/en.wikipedia.org\/wiki\/Helmut_Zacharias\" target=\"_blank\">Helmut Zacharias (1920-2002) (spielt Geige bei Lucis Fest, 23 Jahre alt, wurde weltber\u00fchmt)<\/a><\/li>\n<li><a href=\"http:\/\/www.youtube.com\/watch?v=yZPEadDfHfw\" target=\"_blank\">&#8220;When the White Lilacs Bloom Again&#8221; (Helmut Zacharias, Geige, 1956)<\/a><\/li>\n<li><a href=\"http:\/\/www.youtube.com\/watch?v=PGylhtcmomk\" target=\"_blank\">Lied:\u00a0&#8220;Jawohl meine Herren&#8221; (Martha und Maria singen das Lied von Heinz R\u00fchmann und Hans Albers aus dem Film &#8220;Der Mann, der Sherlock Holmes war&#8221; (1937)<\/a><\/li>\n<\/ul>\n<p><strong><em>Heimat<\/em><\/strong><strong> Folge 7: &#8220;Soldaten und Liebe&#8221; (1944)<\/strong><\/p>\n<ul style=\"padding-left: 30px\">\n<li><a href=\"http:\/\/de.wikipedia.org\/wiki\/Streckenw\u00e4rter\" target=\"_blank\">Streckenl\u00e4ufer (Streckeng\u00e4nger, Streckenw\u00e4rter) (m): railway track inspector, gandy dancer\u00a0(den Beruf gibt es nicht mehr) <\/a><\/li>\n<li><a href=\"http:\/\/en.wikipedia.org\/wiki\/8.8_cm_Flak_18\/36\/37\/41\" target=\"_blank\">8.8 cm Flak 18\/36\/37\/41<\/a><\/li>\n<li><a href=\"http:\/\/en.wikipedia.org\/wiki\/Babelsberg_Studio\" target=\"_blank\">Filmstudio\u00a0Babelsberg<\/a><\/li>\n<li><a href=\"http:\/\/en.wikipedia.org\/wiki\/Die_Deutsche_Wochenschau\" target=\"_blank\">Die Wochenschau<\/a><\/li>\n<li><a href=\"http:\/\/www.youtube.com\/watch?v=p8D126NPTrU\" target=\"_blank\">Zarah Leander: &#8220;Davon geht die Welt nicht unter&#8221; (aus dem Film &#8220;Die gro\u00dfe Liebe&#8221; 1942)<\/a><\/li>\n<li><a href=\"http:\/\/www.imdb.com\/title\/tt0034815\/\" target=\"_blank\">&#8220;Die gro\u00dfe Liebe&#8221; (Rolf Hansen,\u00a01942)\u00a0(Film mit Zarah Leander: imdb)<\/a><\/li>\n<li><a href=\"http:\/\/en.wikipedia.org\/wiki\/Ilse_Werner\" target=\"_blank\">Ilse Werner (Schauspielerin, spricht im Radio, als Otto, Pieritz, Specht, zuh\u00f6ren) <\/a><\/li>\n<li><a href=\"http:\/\/www.youtube.com\/watch?v=C2EDPUo2hCc\" target=\"_blank\">Ilse Werner: &#8220;Sing ein Lied &#8211; wenn du mal traurig bist&#8221;\u00a0(1941)<\/a><\/li>\n<li><a href=\"http:\/\/de.wikipedia.org\/wiki\/R\u00e4der_m\u00fcssen_rollen_f\u00fcr_den_Sieg!\" target=\"_blank\">Propagandistischen Werbekampagne:\u00a0&#8220;R\u00e4der m\u00fcssen rollen f\u00fcr den Sieg&#8221; (1942)<\/a><\/li>\n<\/ul>\n<p><strong> <\/strong><strong><em>Heimat<\/em><\/strong><strong> Folge 8: &#8220;Der Amerikaner&#8221; (1945-1947)<\/strong><strong> <\/strong><\/p>\n<ul style=\"padding-left: 30px\">\n<li><a href=\"http:\/\/en.wikipedia.org\/wiki\/Studebaker-Packard_Corporation\" target=\"_blank\">Studebaker-Packard (Detroit) Autos nach dem Krieg (Was f\u00e4hrt Paul?)<\/a><\/li>\n<li><a href=\"http:\/\/www.bonhams.com\/auctions\/18185\/lot\/184\/\" target=\"_blank\">Packard 1937-38 Goddess of Speed hood ornament (auf Pauls Auto)<\/a><\/li>\n<li><a href=\"http:\/\/en.wikipedia.org\/wiki\/Packard\" target=\"_blank\">Packard (Detroit, USA: Luxusauto)<\/a><\/li>\n<li><a href=\"http:\/\/de.wikipedia.org\/wiki\/Holzgas\" target=\"_blank\">Holzgas\u00a0(Ernsts Auto wurde mit Holzgas betrieben)<\/a><\/li>\n<li><a href=\"http:\/\/en.wikipedia.org\/wiki\/Wood_gas\" target=\"_blank\">wood gas (Engl., weniger Fotos)<\/a><\/li>\n<li><a href=\"http:\/\/www.bahnalltag.de\/20er-40er-fahrzeuge\/20er-40er-fahrz.html\" target=\"_blank\">Behelfslieferwagen (Ernsts Auto)<\/a><\/li>\n<li><a href=\"http:\/\/en.wikipedia.org\/wiki\/Messerschmitt_Bf_109\" target=\"_blank\">Messerschmitt Bf 109 (Flugzeug)<\/a><\/li>\n<li><a href=\"http:\/\/www.youtube.com\/watch?v=AvJICMbjFsI\" target=\"_blank\">Ilse Werner: &#8220;Das wird ein Fr\u00fchling ohne Ende&#8221; (Lied) (1942)<\/a><\/li>\n<li><a href=\"http:\/\/en.wikipedia.org\/wiki\/Marshall_Plan\" target=\"_blank\">The Marshall Plan (1948)<\/a><\/li>\n<li><a href=\"http:\/\/www.naturkraftwerke.com\/de\/Lebensmittel\/Kaffees\/Gerstenkaffee\/Demeter\/300g\" target=\"_blank\">Gerstenkaffee<\/a><\/li>\n<li><a href=\"http:\/\/www.youtube.com\/watch?v=X6Vvq6_q-ug\" target=\"_blank\">&#8220;Ob blond oder braun, ich liebe alle Frau&#8217;n&#8221; (Glasisch singt dieses Lied) (1935)<\/a><\/li>\n<li><a href=\"http:\/\/de.wikipedia.org\/wiki\/Hans_S\u00f6hnker\" target=\"_blank\">Hans S\u00f6hnker (Bild in Kl\u00e4rchens Fotoalbum) (deutscher Filmstar seit 1933)<\/a><\/li>\n<li><a href=\"http:\/\/www.tlr-cameras.com\/German\/Ikoflex.html\" target=\"_blank\">Ikoflex Kamera\u00a0(die versteckte Kamera Eduards)<\/a><\/li>\n<li><a href=\"http:\/\/de.wikipedia.org\/wiki\/Deutsches_Eck\" target=\"_blank\">Das Deutsche Eck<\/a><\/li>\n<li><a href=\"http:\/\/de.wikipedia.org\/wiki\/Liste_sowjetischer_Kriegsgefangenenlager_des_Zweiten_Weltkriegs\" target=\"_blank\">Gefangenschaftslager Odessa (in der heutigen Ukraine und Moldawien) (hier war Anton Gefangener; er ist zu Fu\u00df nach Hause gelaufen)<\/a><\/li>\n<li><a href=\"http:\/\/en.wikipedia.org\/wiki\/Berom\u00fcnster\" target=\"_blank\">Berom\u00fcnster, Schweiz (Anton auf dem Weg nach Hause) (Martha fragt, ist es in Tirol?)<\/a><\/li>\n<li><a href=\"http:\/\/de.wikipedia.org\/wiki\/W\u00e4hrungsreform_1948_(Westdeutschland)\" target=\"_blank\">1948: W\u00e4hrungsreform in Deutschland<\/a><\/li>\n<\/ul>\n<p><strong><em>Heimat<\/em><\/strong><strong> Folge 9: &#8220;Herm\u00e4nnchen&#8221; (1955-1956)<\/strong><\/p>\n<ul style=\"padding-left: 30px\">\n<li><a href=\"http:\/\/de.wikipedia.org\/wiki\/Kalter_Krieg\" target=\"_blank\">Der Kalte Krieg (1947-1980er Jahre)<\/a><\/li>\n<li><a href=\"http:\/\/www.heilpaedagogik-info.de\/kinder\/fingerspiele\/zwerge-wichtel\/29-himpelchen-und-pimpelchen.html\" target=\"_blank\">Himpelchen und Pimpelchen<\/a><\/li>\n<li><a href=\"http:\/\/www.sikorsky.com\/Index\" target=\"_blank\">Sikorsky Hubschrauber<\/a><\/li>\n<li><a href=\"http:\/\/en.wikipedia.org\/wiki\/Sikorsky_Aircraft\" target=\"_blank\">Sikorsky Aircraft Corporation<\/a><\/li>\n<li><a href=\"http:\/\/en.wikipedia.org\/wiki\/Traben-Trarbach\" target=\"_blank\">Trarbach (Ernsts Schwiegervater ist Eigent\u00fcmer der\u00a0S\u00e4gewerke Trarbach)<\/a><\/li>\n<li><a href=\"http:\/\/de.wikipedia.org\/wiki\/B\u00fcgelmaschine\" target=\"_blank\">die Mangelmaschine<\/a><\/li>\n<li><a href=\"http:\/\/en.wikipedia.org\/wiki\/Hermann_Hesse\" target=\"_blank\">Hermann Hesse (1877-1962)<\/a><\/li>\n<li><a href=\"http:\/\/de.wikipedia.org\/wiki\/Curzio_Malaparte\" target=\"_blank\">Curzio<em> <\/em>Malaparte (1898-1957): &#8220;Die Haut&#8221;<\/a><\/li>\n<li><a href=\"http:\/\/en.wikipedia.org\/wiki\/Paul_Verlaine\" target=\"_blank\">Paul Verlaine (1844-1896)<\/a><\/li>\n<li><a href=\"http:\/\/en.wikipedia.org\/wiki\/K\u00f6nigswinter\" target=\"_blank\">K\u00f6nigswinter (Stadt)<\/a><\/li>\n<li><a href=\"http:\/\/en.wikipedia.org\/wiki\/Boppard\" target=\"_blank\">Boppard (Stadt)<\/a><\/li>\n<li><a href=\"http:\/\/de.wikipedia.org\/wiki\/Schiefer\" target=\"_blank\">Schiefer\u00a0(Baumaterial aus einer Grube oder einem Bergwerk)<\/a><\/li>\n<li><a href=\"http:\/\/de.wikipedia.org\/wiki\/Masse_Mensch\" target=\"_blank\">Ernst Toller:\u00a0<em>Masse Mensch<\/em> (St\u00fcck, 1919)<\/a><\/li>\n<\/ul>\n<p><strong><em>Heimat Folge 10: &#8220;Die stolzen Jahre&#8221; <\/em>(1967-1969)<\/strong><\/p>\n<ul>\n<li><a href=\"http:\/\/en.wikipedia.org\/wiki\/Flanders\" target=\"_blank\">Flanders<\/a><\/li>\n<li><a href=\"http:\/\/en.wikipedia.org\/wiki\/Ural_Mountains\" target=\"_blank\">Ural (Gebirge)<\/a><\/li>\n<li><a href=\"http:\/\/www.stern.de\/wissen\/technik\/40-jahre-farbfernsehen-bunte-revolution-auf-knopfdruck-596122.html\" target=\"_blank\">Farbfernsehen in Deutschland (Vizekanzler Willy Brandt dr\u00fcckt auf den Knopf): August 1967<\/a><\/li>\n<li><a href=\"http:\/\/en.wikipedia.org\/wiki\/Baden-Baden\" target=\"_blank\">Baden-Baden<\/a><\/li>\n<li><a href=\"http:\/\/en.wikipedia.org\/wiki\/S\u00fcdwestrundfunk\" target=\"_blank\">Der S\u00fcdwestfunk\u00a0(Baden-Baden)<\/a><\/li>\n<li><a href=\"http:\/\/de.wikipedia.org\/wiki\/Tuchelstecker\" target=\"_blank\">Stecker bei der Radioaufnahme: Kleintuchel und Gro\u00dftuchel<\/a><\/li>\n<li><a href=\"http:\/\/germanhistorydocs.ghi-dc.org\/map.cfm?map_id=2195\" target=\"_blank\">Warum ein Spray mit einem Originalgeruch von \u00a01865?<\/a><\/li>\n<li><a href=\"http:\/\/en.wikipedia.org\/wiki\/Flensburg\" target=\"_blank\">Flensburg (im n\u00f6rdlichsten Teil von Schleswig-Holstein)<\/a><\/li>\n<li><a href=\"http:\/\/en.wikipedia.org\/wiki\/Garmisch-Partenkirchen\" target=\"_blank\">Garmisch-Partenkirchen (im s\u00fcdlichsten Teil von Bayern)<\/a><\/li>\n<li><a href=\"http:\/\/en.wikipedia.org\/wiki\/John_Cage\" target=\"_blank\">John Cage (1912-1992)<\/a><\/li>\n<li><a href=\"http:\/\/www.doebra.de\/priv\/Schlehenwein\/Schlehe.htm\" target=\"_blank\">Schlehenwein (sloe wine, type of wild plum, blackthorn)<\/a><\/li>\n<li><a href=\"http:\/\/en.wikipedia.org\/wiki\/Prunus_spinosa\" target=\"_blank\"><em>prunus spinosa<\/em> (blackthorn) (English)<\/a><\/li>\n<li><a href=\"http:\/\/de.wikipedia.org\/wiki\/Leichenfledderei\" target=\"_blank\">Du Leichenfledderer! (Anton zu Ernst)<\/a><\/li>\n<li><a href=\"http:\/\/en.wikipedia.org\/wiki\/Olivier_Messiaen\" target=\"_blank\">Olivier Messaien (1908-92) (Componist, hat Vogelgesang integriert)<\/a><\/li>\n<li><a href=\"http:\/\/www.youtube.com\/watch?v=zYpBHc8px_U\" target=\"_blank\">Oliver Messaien: &#8220;Quartet for the End of Time&#8221;\u00a0violin, cello, clarinet, piano (1940\u201341)\u00a0(youtube)<\/a><\/li>\n<li><a href=\"http:\/\/en.wikipedia.org\/wiki\/Quatuor_pour_la_fin_du_temps\" target=\"_blank\">Oliver Messaien: &#8220;Quartet for the End of Time&#8221; (wikipedia&#8221;)<\/a><\/li>\n<li><a href=\"http:\/\/en.wikipedia.org\/wiki\/Wolfgang_Fortner\" target=\"_blank\">Wolfgang Fortner (1907-1987)<\/a><\/li>\n<\/ul>\n<p><strong><em>Heimat Folge 11: &#8220;Das Fest der Lebenden und der Toten&#8221; <\/em>(1982)<\/strong><\/p>\n<ul>\n<li><a href=\"http:\/\/www.google.com\/imgres?imgurl=http:\/\/upload.wikimedia.org\/wikipedia\/commons\/0\/07\/Bungsberg-wegweisender-stein.jpg&amp;imgrefurl=http:\/\/commons.wikimedia.org\/wiki\/File:Bungsberg-wegweisender-stein.jpg&amp;h=1944&amp;w=2592&amp;sz=2015&amp;tbnid=gJd-7j-PncldPM:&amp;tbnh=101&amp;tbnw=134&amp;zoom=1&amp;usg=__BPFySN5Ayxxb72k1plQD0FeKzso=&amp;docid=6070C_0UP8PckM&amp;sa=X&amp;ei=DDmLUovQBsXN2wXd24CQCg&amp;ved=0CDAQ9QEwAQ\" target=\"_blank\">Wegweiserstein<\/a><\/li>\n<li><a href=\"http:\/\/de.wikipedia.org\/wiki\/Schieferhaus\" target=\"_blank\">Schieferfachwerkhaus<\/a><\/li>\n<li><a href=\"http:\/\/de.wikipedia.org\/wiki\/Rheinisches_Schiefergebirge\" target=\"_blank\">Rheinisches Schiefergebirge<\/a><\/li>\n<li><a href=\"http:\/\/www.sos-kinderdorf.de\" target=\"_blank\">SOS-Kinderdorf<\/a><\/li>\n<li><a href=\"http:\/\/de.wikipedia.org\/wiki\/Hunsr%C3%BCckisch\" target=\"_blank\">Geheischnis\u00a0(Hunsr\u00fccker-Dialekt)<\/a><\/li>\n<li><a href=\"http:\/\/www.daunen-federn.de\/top-bettwaesche-garnituren-c-200.html?osCsid=gh8lcnspdpn8o6vg56tg129a92\" target=\"_blank\">Zudecke\/Federbett<\/a><\/li>\n<li><a href=\"http:\/\/en.wikipedia.org\/wiki\/Sensorineural_hearing_loss\" target=\"_blank\">H\u00f6rsturz<\/a><\/li>\n<li><a href=\"http:\/\/www.hunsruecker.de\/hunsruec.html\" target=\"_blank\">der Hunsr\u00fcck<\/a><\/li>\n<li><a href=\"http:\/\/www.google.com\/imgres?sa=X&amp;rls=en&amp;noj=1&amp;biw=1530&amp;bih=1080&amp;tbm=isch&amp;tbnid=9H5_82jG5jsEcM:&amp;imgrefurl=http:\/\/www.vg-herrstein.de\/vg_herrstein\/Tourismus%2520%26%2520Freizeit\/Tourismus\/Anreise%2520nach%2520Herrstein\/Herrstein%2520im%2520Hunsr%25C3%25BCck\/&amp;docid=STa6wR941Dc5uM&amp;imgurl=http:\/\/www.vg-herrstein.de\/vg_herrstein\/Tourismus%252520%2526%252520Freizeit\/Tourismus\/Anreise%252520nach%252520Herrstein\/Herrstein%252520im%252520Hunsr%2525C3%2525BCck\/hunsrueck_grundkarte_1.jpg&amp;w=555&amp;h=521&amp;ei=pE-tUrKJIaKq2wW7y4DQCQ&amp;zoom=1\" target=\"_blank\">noch eine Karte vom Hunsr\u00fcck (mit den vier Fl\u00fcssen)<\/a><\/li>\n<li><a href=\"http:\/\/en.wikipedia.org\/wiki\/Frankfurt\u2013Hahn_Airport\" target=\"_blank\">Frankfurt-Hahn Airport (20 km von Simmern)<\/a><\/li>\n<\/ul>\n<p><strong><br \/>\n<\/strong><\/p>\n<p style=\"padding-left: 30px\">&nbsp;<\/p>\n<p style=\"padding-left: 30px\"><strong><br \/>\n<\/strong><\/p>\n","protected":false},"excerpt":{"rendered":"<p>Links Heimat. Eine deutsche Chronik (1984) (Folgen 1-11) &#8220;Heimat. Eine deutsche Chronik&#8221; (Edgar Reitz, 1984) Biographie von Edgar Reitz Heimat Fanpage (mit Links) Heimatfilm (genre) Edgar Reitz hat\u00a0mit seiner Serie\u00a0Heimat. Eine deutsche Chronik auf die US-Fernsehserie\u00a0Holocaust (1978) geantwortet: &#8220;Holocaust&#8221; (Marvin &hellip; <a href=\"https:\/\/my.dev.vanderbilt.edu\/heimat\/ihre-links\/\">Continue reading <span class=\"meta-nav\">&rarr;<\/span><\/a><\/p>\n","protected":false},"author":1595,"featured_media":0,"parent":0,"menu_order":0,"comment_status":"closed","ping_status":"closed","template":"","meta":{"footnotes":""},"class_list":["post-21","page","type-page","status-publish","hentry"],"_links":{"self":[{"href":"https:\/\/my.dev.vanderbilt.edu\/heimat\/wp-json\/wp\/v2\/pages\/21","targetHints":{"allow":["GET"]}}],"collection":[{"href":"https:\/\/my.dev.vanderbilt.edu\/heimat\/wp-json\/wp\/v2\/pages"}],"about":[{"href":"https:\/\/my.dev.vanderbilt.edu\/heimat\/wp-json\/wp\/v2\/types\/page"}],"author":[{"embeddable":true,"href":"https:\/\/my.dev.vanderbilt.edu\/heimat\/wp-json\/wp\/v2\/users\/1595"}],"replies":[{"embeddable":true,"href":"https:\/\/my.dev.vanderbilt.edu\/heimat\/wp-json\/wp\/v2\/comments?post=21"}],"version-history":[{"count":214,"href":"https:\/\/my.dev.vanderbilt.edu\/heimat\/wp-json\/wp\/v2\/pages\/21\/revisions"}],"predecessor-version":[{"id":23,"href":"https:\/\/my.dev.vanderbilt.edu\/heimat\/wp-json\/wp\/v2\/pages\/21\/revisions\/23"}],"wp:attachment":[{"href":"https:\/\/my.dev.vanderbilt.edu\/heimat\/wp-json\/wp\/v2\/media?parent=21"}],"curies":[{"name":"wp","href":"https:\/\/api.w.org\/{rel}","templated":true}]}}