{"id":25,"date":"2017-08-18T16:25:34","date_gmt":"2017-08-18T16:25:34","guid":{"rendered":"https:\/\/my.dev.vanderbilt.edu\/fruehlingsfest2018\/?page_id=25"},"modified":"2022-02-03T14:32:31","modified_gmt":"2022-02-03T20:32:31","slug":"history","status":"publish","type":"page","link":"https:\/\/my.dev.vanderbilt.edu\/fruehlingsfest\/history\/","title":{"rendered":"History"},"content":{"rendered":"<h3>The History of Fr\u00fchlingsfest<\/h3>\n<p>Fr\u00fchlingsfest has been held annually (with a few interruptions) since 1972, and over 10,000 students have attended.<\/p>\n<h4>Past Fr\u00fclhlingsfest Sites<\/h4>\n<p>The first Fest was held in 1972 at MTSU, organized by the legendary Ortrun Gilbert. In recent years, it has been hosted by Sewanee, UT Chattanooga, UT Knoxville, Mount Juliet High School, and since 2017, Vanderbilt.<\/p>\n<p>&nbsp;<\/p>\n","protected":false},"excerpt":{"rendered":"<p>The History of Fr\u00fchlingsfest Fr\u00fchlingsfest has been held annually (with a few interruptions) since 1972, and over 10,000 students have attended. Past Fr\u00fclhlingsfest Sites The first Fest was held in 1972 at MTSU, organized by the legendary Ortrun Gilbert. In recent years, it has been hosted by Sewanee, UT Chattanooga, UT Knoxville, Mount Juliet High&#8230;<\/p>\n","protected":false},"author":2095,"featured_media":0,"parent":0,"menu_order":2,"comment_status":"closed","ping_status":"closed","template":"","meta":{"footnotes":""},"tags":[],"class_list":["post-25","page","type-page","status-publish","hentry"],"_links":{"self":[{"href":"https:\/\/my.dev.vanderbilt.edu\/fruehlingsfest\/wp-json\/wp\/v2\/pages\/25","targetHints":{"allow":["GET"]}}],"collection":[{"href":"https:\/\/my.dev.vanderbilt.edu\/fruehlingsfest\/wp-json\/wp\/v2\/pages"}],"about":[{"href":"https:\/\/my.dev.vanderbilt.edu\/fruehlingsfest\/wp-json\/wp\/v2\/types\/page"}],"author":[{"embeddable":true,"href":"https:\/\/my.dev.vanderbilt.edu\/fruehlingsfest\/wp-json\/wp\/v2\/users\/2095"}],"replies":[{"embeddable":true,"href":"https:\/\/my.dev.vanderbilt.edu\/fruehlingsfest\/wp-json\/wp\/v2\/comments?post=25"}],"version-history":[{"count":3,"href":"https:\/\/my.dev.vanderbilt.edu\/fruehlingsfest\/wp-json\/wp\/v2\/pages\/25\/revisions"}],"predecessor-version":[{"id":294,"href":"https:\/\/my.dev.vanderbilt.edu\/fruehlingsfest\/wp-json\/wp\/v2\/pages\/25\/revisions\/294"}],"wp:attachment":[{"href":"https:\/\/my.dev.vanderbilt.edu\/fruehlingsfest\/wp-json\/wp\/v2\/media?parent=25"}],"wp:term":[{"taxonomy":"post_tag","embeddable":true,"href":"https:\/\/my.dev.vanderbilt.edu\/fruehlingsfest\/wp-json\/wp\/v2\/tags?post=25"}],"curies":[{"name":"wp","href":"https:\/\/api.w.org\/{rel}","templated":true}]}}