{"id":6,"date":"2013-10-18T16:52:58","date_gmt":"2013-10-18T16:52:58","guid":{"rendered":"https:\/\/my.dev.vanderbilt.edu\/conversationsconversas\/publications\/"},"modified":"2014-05-30T13:12:05","modified_gmt":"2014-05-30T18:12:05","slug":"publications","status":"publish","type":"page","link":"https:\/\/my.dev.vanderbilt.edu\/conversationsconversas\/publications\/","title":{"rendered":"Featured News"},"content":{"rendered":"<p>&nbsp;<\/p>\n<table>\n<tbody>\n<tr>\n<td style=\"width: 160px;\">\n<p><div style=\"width: 226px\" class=\"wp-caption aligncenter\"><a href=\"http:\/\/www.vanderbilt.edu\/curbcenter\/?page_id=2139\"><img loading=\"lazy\" decoding=\"async\" src=\"https:\/\/cdn-dev.vanderbilt.edu\/t2-my-dev\/wp-content\/uploads\/sites\/1141\/2013\/10\/Aa.jpg\" alt=\"\" width=\"216\" height=\"181\" \/><\/a><p class=\"wp-caption-text\">Ashley Larson, &quot;Conversations\/Conversas&quot; Program Coordinator, M.A. student at the Center for Latin American Studies<\/p><\/div><\/td>\n<td>&nbsp;<\/p>\n<p>The Curb Center: Idea Blog<\/p>\n<p><strong><a href=\"http:\/\/www.vanderbilt.edu\/curbcenter\/?page_id=2139\">&#8220;Ashley Larson talks &#8216;Conversations\/Conversas,&#8217; the Vanderbilt Art Department &amp; University of S\u00e3o Paulo collaboration&#8221;<\/a><\/strong><\/p>\n<p>Posted by <a href=\"http:\/\/www.vanderbilt.edu\/curbcenter\/?page_id=2998\">Heather Rippetoe<\/a> on<br \/>\nWednesday, December 18, 2013<strong><br \/>\n<\/strong><\/td>\n<\/tr>\n<tr>\n<td>\n<p><div style=\"width: 272px\" class=\"wp-caption aligncenter\"><a href=\"http:\/\/www.nashvillescene.com\/countrylife\/archives\/2013\/11\/04\/see-ana-maria-tavares-deviating-utopias-at-the-frist\"><img loading=\"lazy\" decoding=\"async\" src=\"http:\/\/news.vanderbilt.edu\/Ana_Maria_Tavares.jpg\" alt=\"\" width=\"262\" height=\"147\" \/><\/a><p class=\"wp-caption-text\">&quot;Deviating Utopias&quot; by Ana Maria Tavares (image courtesy Frist Center for the Visual Arts)<\/p><\/div><\/td>\n<td>&nbsp;<\/p>\n<p>Nashville Scene: Critics&#8217; Picks<\/p>\n<p><strong><a href=\"http:\/\/www.nashvillescene.com\/countrylife\/archives\/2013\/11\/04\/see-ana-maria-tavares-deviating-utopias-at-the-frist\">&#8220;See Ana Maria Tavares&#8217;\u00a0<em>Deviating Utopias <\/em>at the Frist&#8221;<\/a><\/strong><\/p>\n<p>Posted by <a href=\"http:\/\/www.nashvillescene.com\/nashville\/Profile?oid=2410199\">Laura Hutson<\/a> on<br \/>\nMonday, November 4, 2013<\/p>\n<p>&nbsp;<\/td>\n<\/tr>\n<tr>\n<td>\n<p><div id=\"attachment_101\" style=\"width: 188px\" class=\"wp-caption aligncenter\"><a href=\"http:\/\/www3.eca.usp.br\/noticias\/mario-ramiro-realiza-interven-o-art-stica-nos-estados-unidos\"><img loading=\"lazy\" decoding=\"async\" aria-describedby=\"caption-attachment-101\" class=\"size-medium wp-image-101 \" src=\"https:\/\/cdn-dev.vanderbilt.edu\/t2-my-dev\/wp-content\/uploads\/sites\/1141\/2013\/10\/Boom-Box-Bikes-poster-21-198x300.jpg\" alt=\"\" width=\"178\" height=\"270\" srcset=\"https:\/\/cdn-dev.vanderbilt.edu\/t2-my-dev\/wp-content\/uploads\/sites\/1141\/2013\/10\/Boom-Box-Bikes-poster-21-198x300.jpg 198w, https:\/\/cdn-dev.vanderbilt.edu\/t2-my-dev\/wp-content\/uploads\/sites\/1141\/2013\/10\/Boom-Box-Bikes-poster-21-429x650.jpg 429w, https:\/\/cdn-dev.vanderbilt.edu\/t2-my-dev\/wp-content\/uploads\/sites\/1141\/2013\/10\/Boom-Box-Bikes-poster-21.jpg 1057w\" sizes=\"auto, (max-width: 178px) 100vw, 178px\" \/><\/a><p id=\"caption-attachment-101\" class=\"wp-caption-text\">&quot;Boom Box Bikes&quot; (designed by Mark Hosford)<\/p><\/div><\/td>\n<td>&nbsp;<\/p>\n<p>School of Communication and Arts, University of S\u00e3o Paulo: News<\/p>\n<p><a href=\"http:\/\/www3.eca.usp.br\/noticias\/mario-ramiro-realiza-interven-o-art-stica-nos-estados-unidos\"><strong>&#8220;Mario Ramiro realiza interven\u00e7\u00e3o art\u00edstica nos Estados Unidos&#8221;<\/strong><\/a><\/p>\n<p>Posted by Victor Francisco Ferreira on October, 14, 2013<\/p>\n<p>&nbsp;<\/td>\n<\/tr>\n<tr>\n<td>\n<p><div style=\"width: 274px\" class=\"wp-caption aligncenter\"><a href=\"http:\/\/news.vanderbilt.edu\/2013\/10\/art-brazil-exchange\/\"><img loading=\"lazy\" decoding=\"async\" src=\"http:\/\/news.vanderbilt.edu\/Fabric_projection_Pavlovic.jpg\" alt=\"\" width=\"264\" height=\"178\" \/><\/a><p class=\"wp-caption-text\">\u201cIconography of Spectacle\u201d (photographic installation) by Vesna Pavlovi\u0107<\/p><\/div><\/td>\n<td>&nbsp;<\/p>\n<p><span style=\"font-size: 13px; line-height: 19px;\">Vanderbilt University: MyVU<\/span><\/p>\n<p><strong><a href=\"http:\/\/news.vanderbilt.edu\/2013\/10\/art-brazil-exchange\/\">&#8220;Department of Art initiative promotes artistic exchange with Brazil&#8221;<\/a><\/strong><\/p>\n<p>Written by Ashley Larson, posted on<br \/>\nFriday, October 11, 2013<\/p>\n<p>&nbsp;<\/td>\n<\/tr>\n<tr>\n<td>\n<p style=\"text-align: center;\">&nbsp;<\/p>\n<p><div style=\"width: 258px\" class=\"wp-caption aligncenter\"><a href=\"http:\/\/fristcenter.org\/learn\/multimedia\/artists-perspective-ana-maria-tavares-deviating-utopias\"><img loading=\"lazy\" decoding=\"async\" class=\"     \" src=\"http:\/\/frist.toursphere.com\/project-assets\/830\/img\/a1b54d4f09b8eb3230c1b77cb1b3dce2adbd3a52b5aefc6d684584dc.jpg.1000x666_q85.jpg\" alt=\"\" width=\"248\" height=\"167\" \/><\/a><p class=\"wp-caption-text\">Ana Maria Tavares<\/p><\/div><\/td>\n<td>&nbsp;<\/p>\n<p>The FRIST: Multimedia<\/p>\n<p><a href=\"http:\/\/fristcenter.org\/learn\/multimedia\/artists-perspective-ana-maria-tavares-deviating-utopias\"><strong>&#8220;Artist&#8217;s Perspective: Ana Maria Tavares: Deviating Utopias&#8221;<\/strong><\/a><\/p>\n<p>Video of lecture presented on<br \/>\nOctober 11, 2013<\/td>\n<\/tr>\n<tr>\n<td><\/td>\n<td><\/td>\n<\/tr>\n<tr>\n<td>\n<p><div style=\"width: 275px\" class=\"wp-caption aligncenter\"><a href=\"http:\/\/news.vanderbilt.edu\/2012\/08\/celebrate-brazil-week\/\"><img loading=\"lazy\" decoding=\"async\" src=\"http:\/\/news.vanderbilt.edu\/brazil-flag-boca-fi.jpg\" alt=\"\" width=\"265\" height=\"135\" \/><\/a><p class=\"wp-caption-text\">Brazil Week Events 2012<\/p><\/div><\/td>\n<td>&nbsp;<\/p>\n<p>Vanderbilt News<\/p>\n<p><strong><a href=\"http:\/\/news.vanderbilt.edu\/2012\/08\/celebrate-brazil-week\/\">&#8220;Celebrate Brazil Week with music, movies and futebol&#8221;<\/a><\/strong><\/p>\n<p>Posted\u00a0by\u00a0<a title=\"Posts by Ann Marie Deer Owens\" rel=\"author\" href=\"http:\/\/news.vanderbilt.edu\/author\/annmarieowens\/\">Ann Marie Deer Owens<\/a> on<br \/>\nFriday, August 31, 2012<\/td>\n<\/tr>\n<\/tbody>\n<\/table>\n<p>&nbsp;<\/p>\n","protected":false},"excerpt":{"rendered":"<p>&nbsp; &nbsp; The Curb Center: Idea Blog &#8220;Ashley Larson talks &#8216;Conversations\/Conversas,&#8217; the Vanderbilt Art Department &amp; University of S\u00e3o Paulo collaboration&#8221; Posted by Heather Rippetoe on Wednesday, December 18, 2013 &nbsp; Nashville Scene: Critics&#8217; Picks &#8220;See Ana Maria Tavares&#8217;\u00a0Deviating Utopias at the Frist&#8221; Posted by Laura Hutson on Monday, November 4, 2013 &nbsp; &nbsp; School&#8230;<\/p>\n","protected":false},"author":2337,"featured_media":0,"parent":0,"menu_order":5,"comment_status":"open","ping_status":"open","template":"","meta":{"footnotes":""},"tags":[],"class_list":["post-6","page","type-page","status-publish","hentry"],"_links":{"self":[{"href":"https:\/\/my.dev.vanderbilt.edu\/conversationsconversas\/wp-json\/wp\/v2\/pages\/6","targetHints":{"allow":["GET"]}}],"collection":[{"href":"https:\/\/my.dev.vanderbilt.edu\/conversationsconversas\/wp-json\/wp\/v2\/pages"}],"about":[{"href":"https:\/\/my.dev.vanderbilt.edu\/conversationsconversas\/wp-json\/wp\/v2\/types\/page"}],"author":[{"embeddable":true,"href":"https:\/\/my.dev.vanderbilt.edu\/conversationsconversas\/wp-json\/wp\/v2\/users\/2337"}],"replies":[{"embeddable":true,"href":"https:\/\/my.dev.vanderbilt.edu\/conversationsconversas\/wp-json\/wp\/v2\/comments?post=6"}],"version-history":[{"count":25,"href":"https:\/\/my.dev.vanderbilt.edu\/conversationsconversas\/wp-json\/wp\/v2\/pages\/6\/revisions"}],"predecessor-version":[{"id":97,"href":"https:\/\/my.dev.vanderbilt.edu\/conversationsconversas\/wp-json\/wp\/v2\/pages\/6\/revisions\/97"}],"wp:attachment":[{"href":"https:\/\/my.dev.vanderbilt.edu\/conversationsconversas\/wp-json\/wp\/v2\/media?parent=6"}],"wp:term":[{"taxonomy":"post_tag","embeddable":true,"href":"https:\/\/my.dev.vanderbilt.edu\/conversationsconversas\/wp-json\/wp\/v2\/tags?post=6"}],"curies":[{"name":"wp","href":"https:\/\/api.w.org\/{rel}","templated":true}]}}