{"id":26,"date":"2013-10-18T13:15:49","date_gmt":"2013-10-18T18:15:49","guid":{"rendered":"https:\/\/my.dev.vanderbilt.edu\/conversationsconversas\/?page_id=26"},"modified":"2013-12-20T14:36:07","modified_gmt":"2013-12-20T19:36:07","slug":"mario-ramiro","status":"publish","type":"page","link":"https:\/\/my.dev.vanderbilt.edu\/conversationsconversas\/cv\/mario-ramiro\/","title":{"rendered":"Mario Ramiro"},"content":{"rendered":"<h2>Bio<\/h2>\n<div style=\"width: 140px\" class=\"wp-caption alignleft\"><img loading=\"lazy\" decoding=\"async\" src=\"http:\/\/www.cap.eca.usp.br\/marioramiro_arquivos\/Ramiro.jpg\" alt=\"\" width=\"130\" height=\"173\" \/><p class=\"wp-caption-text\">Mario Ramiro<\/p><\/div>\n<p>Mario Ramiro is a multimedia artist and professor. He was part of the 3N\u00d3S3 urban invention group and participated in the art and technology movement of the 80s. His production unites urban inventions, telecommunication networks, sculpture, environmental installations, photography, and artistic soundtracks. He earned a masters degree in photography and new media from the Kunsthochschule f\u00fcr Medien K\u00f6ln (Academy of Media Arts in Cologne), Germany, and holds a doctorate in visual arts from the University of S\u00e3o Paulo. Currently he is professor of the Departamento de Artes Pl\u00e1sticas (Dept. of Visual Arts) and chair of the graduate program in visual arts at the Escola de Comunica\u00e7\u00f5es e Artes at the University of S\u00e3o Paulo (USP).<\/p>\n<h2>Contact Information<\/h2>\n<p>Email:\u00a0<a href=\"mailto:ramiro@comum.com\">ramiro@comum.com<\/a><br \/>\nPhone: +55 11.3091.4096 Ext. 22<br \/>\nAddress:<br \/>\n&nbsp;&nbsp;&nbsp;&nbsp;&nbsp;Escola de Comunica\u00e7\u00f5es e Artes<br \/>\n&nbsp;&nbsp;&nbsp;&nbsp;&nbsp;Universidade de S\u00e3o Paulo<br \/>\n&nbsp;&nbsp;&nbsp;&nbsp;&nbsp;Av. Prof. L\u00facio Martins Rodrigues, 443<br \/>\n&nbsp;&nbsp;&nbsp;&nbsp;&nbsp;Cidade Universit\u00e1ria<br \/>\n&nbsp;&nbsp;&nbsp;&nbsp;&nbsp;05508-900\u00a0 S\u00e3o Paulo\u00a0 SP<br \/>\n&nbsp;&nbsp;&nbsp;&nbsp;&nbsp;Brasil<\/p>\n<h2>Website<\/h2>\n<p><a href=\"http:\/\/www.pos.eca.usp.br\/index.php?q=en\/node\/4344\">Visit Mario Ramiro&#8217;s website<\/a>.<\/p>\n<h2>CV<\/h2>\n<p><a href=\"http:\/\/lattes.cnpq.br\/8752834572712717\">Curriculum Lattes<\/a><\/p>\n<p>&nbsp;<\/p>\n","protected":false},"excerpt":{"rendered":"<p>Bio Mario Ramiro is a multimedia artist and professor. He was part of the 3N\u00d3S3 urban invention group and participated in the art and technology movement of the 80s. His production unites urban inventions, telecommunication networks, sculpture, environmental installations, photography, and artistic soundtracks. He earned a masters degree in photography and new media from the&#8230;<\/p>\n","protected":false},"author":2337,"featured_media":0,"parent":5,"menu_order":5,"comment_status":"closed","ping_status":"closed","template":"","meta":{"footnotes":""},"tags":[],"class_list":["post-26","page","type-page","status-publish","hentry"],"_links":{"self":[{"href":"https:\/\/my.dev.vanderbilt.edu\/conversationsconversas\/wp-json\/wp\/v2\/pages\/26","targetHints":{"allow":["GET"]}}],"collection":[{"href":"https:\/\/my.dev.vanderbilt.edu\/conversationsconversas\/wp-json\/wp\/v2\/pages"}],"about":[{"href":"https:\/\/my.dev.vanderbilt.edu\/conversationsconversas\/wp-json\/wp\/v2\/types\/page"}],"author":[{"embeddable":true,"href":"https:\/\/my.dev.vanderbilt.edu\/conversationsconversas\/wp-json\/wp\/v2\/users\/2337"}],"replies":[{"embeddable":true,"href":"https:\/\/my.dev.vanderbilt.edu\/conversationsconversas\/wp-json\/wp\/v2\/comments?post=26"}],"version-history":[{"count":6,"href":"https:\/\/my.dev.vanderbilt.edu\/conversationsconversas\/wp-json\/wp\/v2\/pages\/26\/revisions"}],"predecessor-version":[{"id":152,"href":"https:\/\/my.dev.vanderbilt.edu\/conversationsconversas\/wp-json\/wp\/v2\/pages\/26\/revisions\/152"}],"up":[{"embeddable":true,"href":"https:\/\/my.dev.vanderbilt.edu\/conversationsconversas\/wp-json\/wp\/v2\/pages\/5"}],"wp:attachment":[{"href":"https:\/\/my.dev.vanderbilt.edu\/conversationsconversas\/wp-json\/wp\/v2\/media?parent=26"}],"wp:term":[{"taxonomy":"post_tag","embeddable":true,"href":"https:\/\/my.dev.vanderbilt.edu\/conversationsconversas\/wp-json\/wp\/v2\/tags?post=26"}],"curies":[{"name":"wp","href":"https:\/\/api.w.org\/{rel}","templated":true}]}}