{"id":6,"date":"2017-07-17T23:14:06","date_gmt":"2017-07-17T23:14:06","guid":{"rendered":"https:\/\/my.dev.vanderbilt.edu\/caldwellgroup\/publications\/"},"modified":"2025-01-23T11:57:45","modified_gmt":"2025-01-23T16:57:45","slug":"publications","status":"publish","type":"page","link":"https:\/\/my.dev.vanderbilt.edu\/caldwellgroup\/publications\/","title":{"rendered":"Publications"},"content":{"rendered":"<p><strong>2024<\/strong><\/p>\n<p>A. J. Cleri, M. He, M. J. Tolchin, C. Gubbin, E. Lang, K. Hattar, S. De Liberato, J. D. Caldwell, J-P. Maria, \u201cLaterally Modulating Carrier Concentration by Ion Irradiation in CdO Thin Films for Mid-IR Plasmonics.\u201d Advanced Optical Materials, published online, 2401009 (2024).<br \/>\n<a href=\"https:\/\/doi.org\/10.1002\/adom.202401009\">https:\/\/doi.org\/10.1002\/adom.202401009<\/a><\/p>\n<p>E. R. Hoglund, H. A. Walker, Md. K. Hussain, D.-L. Bao, H. Ni, A. Mamun, J. Baxter, J. D. Caldwell, A. Khan, S. T. Pantelides, P. E. Hopkins, J. A. Hachtel, \u201cNon-equivalent Atomic Vibrations at Interfaces in a Polar Superlattice.\u201d Advanced Materials 36, 2402925 (2024).<\/p>\n<p>C. Su, E. Janzen, M. He, C. Li, A. Zettl, J. D. Caldwell, J. H. Edgar, I. Aharonovich, \u201cFundamentals and emerging optical applications of hexagonal boron nitride: a tutorial.\u201d Advanced Optics 16, 229-346 (2024).<br \/>\n<a href=\"https:\/\/doi.org\/10.1364\/AOP.502922\">https:\/\/doi.org\/10.1364\/AOP.502922<\/a><\/p>\n<p>R. Niemann, N. S. Mueller, S. Wasserroth, G. Lu, M. Wolf, J. D. Caldwell, A. Paarmann, \u201cSpectroscopic and Interferometric Sum-Frequency Imaging of Strongly Coupled Phonon Polaritons in SiC Metasurfaces.\u201d Advanced Materials 36, 2312507 (2024).<\/p>\n<p>K. Diaz-Granados, R. Price, J. R. McBride, D. Moffett, G. M. Kavich, J. D. Caldwell, \u201cIdentification of Surface Coatings on Central African Wooden Sculptures Using Nano-FTIR Spectroscopy.\u201d ACS Photonics, (2024).<br \/>\n<a href=\"https:\/\/doi.org\/10.1021\/acsphotonics.4c00320\">https:\/\/doi.org\/10.1021\/acsphotonics.4c00320<\/a><\/p>\n<p>N.R. Sahoo, B. Kumar, S.S. J. Prasath, S. Dixit, R. Kumar, A. Bapat, P. Sharma, J. D. Caldwell, A. Kumar, \u201cPolaritons in Photonic Hypercrystals of van der Waals Materials.\u201d Advanced Functional Materials 34, 2316863 (2024).<\/p>\n<p>J. \u00c1lvarez-Cuervo, M. Obst, S. Dixi, G. Carini, A. I. F. Tresguerres-Mata, C. Lanza, E. Ter\u00e1n-Garc\u00eda, G. \u00c1lvarez-P\u00e9rez, L.F. \u00c1lvarez-Tomillo, K. Diaz-Granados, R. Kowalski, A. S. Senerath, N. S. Mueller, L. Herrer, J.M. De Teresa, S. Wasserroth, J. M. Klopf, T. Beechem, M. Wolf, L.M. Eng, T.G. Folland, A. Tarazaga Mart\u00edn-Luengo, J. Mart\u00edn-S\u00e1nchez, S.C. Kehr, A.Y. Nikitin, J.D. Caldwell, P. Alonso-Gonz\u00e1lez1, A. Paarmann, \u201cUnidirectional Ray Polaritons in Twisted Asymmetric Stacks.\u201d Nature Communications 15, 9042 (2024).<br \/>\n<a href=\"https:\/\/doi.org\/10.1038\/s41467-024-52750-3\">https:\/\/doi.org\/10.1038\/s41467-024-52750-3<\/a><\/p>\n<p>D. Li, Z. Pan, J.D. Caldwell, \u201cPhonon Polariton-mediated Heat Conduction &#8211; Perspectives from Recent Progress.\u201d Journal of Materials Research, published online (2024).<br \/>\n<a href=\"https:\/\/doi.org\/10.1557\/s43578-024-01470-x\">https:\/\/doi.org\/10.1557\/s43578-024-01470-x<\/a><\/p>\n<p>K. S. Diaz-Granados, L. J. Bergemann, M. Ballard, G. A. Newsome, G. M. Kavich,<br \/>\nJ. D. Caldwell, T. P. Cleland, \u201cInvestigation of Natural Dyes and Taxonomic Identification of Fibers Used in Chancay Textiles by Vibrational Spectroscopy and Mass Spectrometry.\u201d Journal of Proteome Research, Accepted 2024.<br \/>\n<a href=\"https:\/\/doi.org\/10.1021\/acs.jproteome.4c00809\">https:\/\/doi.org\/10.1021\/acs.jproteome.4c00809<\/a><\/p>\n<p>S. G. Criswell, N. A. Mahadik, J. C. Gallagher, J. Barnett, L. Kim, M. Ghorbani, B. Kamaliya, N. D. Bassim, T. Tauber, J. D. Caldwell, \u201cNanoscale Infrared Spectroscopic Characterization of Extended Defects in 4H-Silicon Carbide.\u201d <em>Nano Letters<\/em> <strong>24<\/strong>, 114-121 (2024).<\/p>\n<p>H. Wang, A. Kumar, S. Dai, X. Lin, Z. Jacob, S-H. Oh, V. Menon, E. Narimanov, Y. D. Kim, J-P. Wang, P. Avouris, L. M. Moreno, J. D. Caldwell, T. Low, \u201cPlanar hyperbolic polaritons in 2D van der Waals materials.\u201d <em>Nature Communications<\/em> <strong>15<\/strong>, 69 (2024).<\/p>\n<p>S. Yang, M. He, C. Hong, J. Norlander, J-P. Maria, J. D. Caldwell, J. C. Ndukaife, \u201cSingle-peak and narrow-band mid-infrared thermal emitters driven by mirror-coupled plasmonic quasi-BIC metasurfaces.\u201d <em>Optica<\/em> <strong>11<\/strong>, 305-314 (2024).<\/p>\n<p>A. I. F. Tresguerres-Mata, C. Lanza, J. Taboada-Gutierrez, J. R. Matson, G. Alvarez-Perez, M. Isobe, A. T. Martin-Luengo, J. Duan, S. Partel, M. Velez, J. Martin-Sanchez, A. Y. Nikitin, J. D. Caldwell, P. Alonso-Gonzalez, \u201cObservation of naturally canalized phonon polaritons in LiV<sub>2<\/sub>O<sub>5 <\/sub>thin layers.\u201d <em>Nature Communications<\/em> <strong>15<\/strong>, 2696 (2024).<\/p>\n<p>A. Senarath, S. Islam, A. Sengupta, M. W. McCurdy. T. Anderson, A. Jacobs, R. Kaplar, D. R. Ball, E. X. Zhang, S. T. Pantelides, R. A. Reed, M. A. Ebrish, D. M. Fleetwood, J. D. Caldwell, R. D. Schrimpf, \u201cSingle Event Burnout in Homojunction GaN PiN Diodes with Hybird Edge Termination Design.\u201d <em>Applied Physics Letters <\/em><strong>124<\/strong>, 132101 (2024).<\/p>\n<p><strong>2023<\/strong><\/p>\n<p>G. Hu, W. Ma, D. Hu, J. Wu, C. Zheng, K. Liu, X. Zhang, X. Ni, J. Chhen, Q. Dai, J. D. Caldwell, A. Paarmann, A. Al\u00f9, P. Li, C-W. Qiu, \u201cReal-space nanoimaging of hyperbolic shear polaritons in a monoclinic crystal.\u201d <em>Nature Nanotechnology<\/em> <strong>18<\/strong>, 64\u201370 (2023).<\/p>\n<p>M. He, J. R. Nolen, J. Nordlander, A. Cleri, G. Lu, T. Arnaud, N. S. McIlwaine, K. Diaz-Granados, E. Janzen, T. G. Folland, J. H. Edgar, J-P. Maria, J. D. Caldwell, &#8220;Coupled Tamm Phonon and Plasmon Polaritons for Designer Planar Multiresonance Absorbers.&#8221; <em>Advanced Materials<\/em> <strong>35 <\/strong>(20), 2209909 (2023).<\/p>\n<p>M. He, J. R. Matson, M. Yu, A. Cleri, S. S. Sunku, E. Janzen, S. Mastel, T. G. Folland, J. H. Edgar, D. N. Basov, J-P. Maria, S. Law, J. D. Caldwell, \u201cPolariton design and modulation via van der Waals\/doped semiconductor heterostructures.\u201d <em>Nature communications<\/em> <strong>14<\/strong> (1), 7965 (2023).<\/p>\n<p>A. Giri, S. G. Walton, J. Tomko, N. Bhatt, M. J. Johnson, D. R. Boris, G. Lu, J. D. Caldwell, O. V. Prezhdo, P. E. Hopkins, &#8220;Ultrafast and Nanoscale Energy Transduction Mechanisms and Coupled Thermal Transport across Interfaces.&#8221; <em>ACS nano<\/em> <strong>17<\/strong> (15), 14253-14282 (2023).<\/p>\n<p>K. Diaz-Granados, W. Ma, G. Lu, J. Matson, P. Li, J. D. Caldwell, &#8220;Tailored thermal emission in bulk calcite through optic axis reorientation.&#8221; <em>Nanophotonics<\/em> <strong>12<\/strong> (14), 2929-2936 (2023).<\/p>\n<p>G. Lu, Z. Pan, C. R. Gubbin, R. A. Kowalski, S. De Liberato, D. Li, J. D. Caldwell, &#8220;Launching and manipulation of higher\u2010order in\u2010plane hyperbolic phonon polaritons in low\u2010dimensional heterostructures.&#8221; <em>Advanced Materials<\/em> <strong>35<\/strong> 2300301 (2023).<\/p>\n<p>A. A. Shults, G. Lu, J. D. Caldwell, J. E. Macdonald, \u201cRole of carboxylates in the phase termination of metal sulfide nanoparticles,\u201d <em>Nanoscale Horizons<\/em> <strong>8<\/strong>, 1386-1394 (2023). &#8211; <span lang=\"EN-GB\"><b>2024\u00a0<a href=\"https:\/\/pubs.rsc.org\/en\/Journals\/ArticleCollectionLanding?themeId=0CF91B10-9695-4C56-997C-5AFF1AF95CA4&amp;journalName=\"><i>Nanoscale Horizons<\/i>\u00a0HOT article<\/a><\/b>.<\/span><\/p>\n<p>W. Huang, T. G. Folland, F. Sun, Z. Zhang, N. Xu, Q. Xing, J. Jiang, J. D. Caldwell, H. Yan, S. Deng, \u201cIn-plane hyperbolic polariton tuners in terahertz and long-wave infrared regimes,\u201d <em>Nature Communications<\/em> <strong>14<\/strong>, 2716 (2023).<\/p>\n<p>J. Matson, S. Wasserroth, X. Ni, M. Obst, K. Diaz-Granados, G. Carini, E. M. Renzi, E. Galiffi, T. G. Folland, L. M. Eng, J. M. Klopf, S. Mastel, S, Armster, V. Gambin, M. Wolf, S. C. Kehr, A. Al\u00f9, A. Paarmann, J. D. Caldwell, \u201cControlling the propagation asymmetry of hyperbolic shear polaritons in beta-gallium oxide,\u201d <em>Nature Communications<\/em> <strong>14<\/strong>, 5240 (2023).<\/p>\n<p>A. J. Cleri, J. R. Nolen, K. G. Wirth, M. He, E. L. Runnerstrom, K. P. Kelley, J. Nordlander, T. Taubner, T. G. Folland, J-P. Maria, J. D. Caldwell, \u201cTunable, Homoepitaxial Hyperbolic Metamaterials Enabled by High Mobility CdO,\u201d <em>Advnaces Optical Materials<\/em> <strong>11<\/strong>, 2202137 (2023).<\/p>\n<p>J. Liang, K. Ma, X. Zhao, G. Lu, J. Riffle, C. M. Andrei, C. Dong, T. Furkan, S. Rajabpour, R. R. Prabhakar, J. A. Robinson, V. Magdaleno, Jr., Q. T. Trinh, J. W. Ager, M. Salmeron, S. Aloni, J. D. Caldwell, S. Hollen, H. A. Bechtel, N. D. Bassim, M. P. Sherburne, Z. Y. Al Balushi, &#8220;Elucidating the Mechanism of Large Phosphate Molecule Intercalation Through Graphene-Substrate Heterointerfaces.&#8221; <em>ACS Applied Materials &amp; Interfaces<\/em> <strong>15 <\/strong>(40), 47649-47660 (2023).<\/p>\n<p>Z. Pan, G. Lu, X. Li, J. R. McBride, R. Juneja, M. Long, L. Lindsay, J. D. Caldwell, D. Li, &#8220;Remarkable heat conduction mediated by non-equilibrium phonon polaritons.&#8221; <em>Nature<\/em> <strong>623<\/strong>, 307-312 (2023).<\/p>\n<p>M. He, L. Hoogendoorn, S. Dixit, Z. Pan, G. Lu, K. Diaz-Granados, D. Li, J. D. Caldwell, &#8220;Guided Polaritons along the Forbidden Direction in MoO3 with Geometrical Confinement.&#8221; <em>Nano Letters<\/em>, <strong>23<\/strong> (11), 5035-5041 (2023).<\/p>\n<p>J. R. Matson, Md N. Alam, G. Varnavides, P. Sohr, S. Knight, V. Darakchieva, M. Stokey, M. Schubert, A. Said, T. Beechem, P. Narang, S. Law, J, D. Caldwell, \u201cThe Role of Optical Phonon Confinement in The Infrared Dielectric Response of III-V Superlattices.\u201d <em>Advanced Materials<\/em> <strong>36<\/strong>, 2305106 (2023).<\/p>\n<div><\/div>\n<div><strong>2022<\/strong><\/div>\n<p><span class=\"author\">Kowalski, R. A.<\/span>,\u00a0<span class=\"author\">Nolen, J. R.<\/span>,\u00a0<span class=\"author\">Varnavides, G.<\/span>,\u00a0<span class=\"author\">Silva, S. M.<\/span>,\u00a0<span class=\"author\">Allen, J. E.<\/span>,\u00a0<span class=\"author\">Ciccarino, C. J.<\/span>,\u00a0<span class=\"author\">Juraschek, D. M.<\/span>,\u00a0<span class=\"author\">Law, S.<\/span>,\u00a0<span class=\"author\">Narang, P.<\/span>,\u00a0<span class=\"author\">Caldwell, J. D.<\/span>,\u00a0<span class=\"articleTitle\">Mid- to Far-Infrared Anisotropic Dielectric Function of HfS<sub>2<\/sub>\u00a0and HfSe<sub>2<\/sub><\/span>.\u00a0<i>Adv. Optical Mater<\/i>\u00a0(<span class=\"pubYear\">2022).<\/span><\/p>\n<p>S. Yang, M. He, C. Hong, J. D. Caldwell,\u00a0 J. C. Ndukaife. \u201cEngineering Electromagnetic Field Distribution and Resonance Quality Factor Using Slotted Quasi-BIC Metasurfaces\u201d,\u00a0 Nano Letters\u00a0(2022).<\/p>\n<p>H. Zheng, M. He, Y. Zhou, I. I. Kravchenko, J. D. Caldwell, J. G. Valentine. \u201cCompound Meta-Optics for Complete and Loss-Less Field Control\u201d, ACS nano\u00a0(2022).<br \/>\nM. He, T.G. Folland, P. Alonso-Gonzalez, S. De Liberato, A. Paarmann, J.D. Caldwell, \u201cExploiting Reductions in Material Symmetry and Hybridization for Infrared Nanophotonics\u201d, ACS Photonics (2022).<\/p>\n<p>N. Passler, X. Ni, G. Hu, J.R. Matson, G. Carini, M. Wolf, M. Schubert, A. Alu, J.D. Caldwell, T.G. Folland, A. Paarmann, \u201cHyperbolic Shear Polaritons in Low-Symmetry Crystals\u201d, Nature, 602, pages595\u2013600 (2022).<\/p>\n<p>E.R. Hoglund, D.-L. Bao, A. O\u2019Hara, J.A. Hachtel, Z.T. Piontkowski, J.R. Matson, A.K. Yadav, R.C. Haisimaier, R. Engel-Herbert, J.F. Ihlefeld, J. Ravichandran, R. Ramesh, J.D. Caldwell, T.E. Beechem, S.T. Pantelides, P.E. Hopkins, J.M. Howe, \u201cNanoscale Phonon Spectroscopy Reveals Emergent Interface Vibrational Structure of Superlattices\u201d, Nature, (2021).<\/p>\n<p><strong>2021<\/strong><\/p>\n<p>G. Lu, C.R. Gubbin, J.R. Nolen, T.G. Folland, K. Diaz-Granados, I.I. Kravchenko, J. Spencer, M.J. Tadjer, O.J. Glembocki, S. De Liberato, J.D. Caldwell, \u201cCollective Phonon-Polaritonic Modes in SiC Subarrays\u201d ACS Nano, doi.org\/10\/1021\/acsnano.1c08557 (2021).<\/p>\n<p>M. He, J.R. Nolen, J. Nordlander, A. Cleri, N.S. McIlwaine, Y. Tang, G. Lu, T.G. Folland, B.A. Landman, J.P. Maria, J.D. Caldwell, \u201cDeterministic Inverse Design of Lithography-Free, Wavelength-Selective Tamm Plasmon Thermal Emitters\u201d, Nature Materials, 20 1663-1669 (2021).<\/p>\n<p>G. Pavlidis, J.J. Schwartz, J.R. Matson, T.G. Folland, S. Liu, J.H. Edgar, J.D. Caldwell, A. Centrone, \u201cExperimental Confirmation of Hyperbolic Phonon Polaritons Long-Lifetimes in Monoisotopic (10B) Hexagonal Boron Nitride at Room Temperature\u201d, APL Materials, 9, 091109 (2021).<\/p>\n<p>M. He, G.R.S. Iyer, S. Aarav, S.S. Sunku, A.J. Giles, T.G. Folland, N. Sharac, X. Sun, J.R. Matson, S. Liu, J.H. Edgar, J.W. Fleischer, D.N. Basov, J.D. Caldwell, \u201cUltra-high-resolution, Label-free Hyperlens Imaging in the Mid-IR\u201d Nano Letters, 21(19), 7921-7928 (2021).<\/p>\n<p>P. Rufangura, I. Khodasevych, A. Agrawal, M. Bosi, T.G. Folland, J.D. Caldwell, F. Iacopi, \u201cEnhanced Absorption with Graphene-Coated Silicon Carbide Nanowires for Mid-Infrared Nanophotonics\u201d, Nanomaterials 11(9), 2339 (2021).<\/p>\n<p>G.X. Ni, A.S. McLeod, Z. Sun, J.R. Matson, C.F.B. Lo, D.A. Rhodes, F.L. Ruta, S.L. Moore, R.A. Vitalone, R. Cusco, L. Artus, L. Xiong, C.R. Dean, J.C. Hone, A.J. Mills, M.M. Fogler, J.H. Edgar, J.D. Caldwell, D.N. Basov, \u201cLong-lived Phonon Polaritons in Hyperbolic Materials\u201d Nano Letters, 21, 5767-5773 (2021).<\/p>\n<p>M. He, L. Lindsay, T.G. Folland, T.E. Beechem, J.R. Matson, K. Watanabe, A. Zavalin, A. Ueda, W.E. Collins, T. Taniguchi, J.D. Caldwell, \u201cPhonon Engineering of Boron Nitride via Isotopic Enrichment\u201d Journal of Materials Research, 36, 4394-4403 (2021).<\/p>\n<p>G. Lu, M. Tadjer, J.D. Caldwell, T.G. Folland, \u201cSpatial and spectral engineering of superstructure grating thermal emitters\u201d APL, 118, 141102 (2021).<\/p>\n<p>W.C. Huang, F.S. Sun, Z.B. Zheng, T.G. Folland, X.X. Chen, H.Z. Liao, N.S. Xu, J.D. Caldwell, H.J. Chen, S.Z. Deng, \u201cvan der Waals phonon polariton microstructures for configurable infrared electromagnetic field localizations\u201d Adv. Sci., 8(13), 2004872 (2021).<\/p>\n<p>G. Lu, C.R. Gubbin, J.R. Nolen, T.G. Folland, M.J. Tadjer, S. De Liberato, J.D. Caldwell, \u201cEngineering the Spectral and Spatial Dispersion of Thermal Emission through Polariton-Phonon Strong Coupling\u201d, Nano Letters, 21, 1831-1838 (2021).<\/p>\n<p>M. He, S.I. Halimi, T.G. Folland, S.S. Sunku, S. Liu, J.H. Edgar, D.N Basov, S.M. Weiss, J.D. Caldwell, \u201cGuided Mid-IR and Near-IR Light within a Hybrid Hyperbolic-Material\/Silicon Waveguide Heterostructure\u201d, Advanced Materials, 33(11) 2004305 (2021).<\/p>\n<p>A. Cleri, J. Tomko, K. Quiambao-Tomko, M.V. Imperatore, Y. Zhu, J.R. Nolen, J. Nordlander, J.D. Caldwell, Z. Mao, N.C. Giebink, K.P. Kelley, E. Runnerstrom, P. Hopkins, J.P. Maria, \u201cMid-wave to Near-IR Epsilon-Near-Zero Plasmon Modes in In-doped CdO\u201d, Phys. Rev. Mat., 5 035202 (2021).<\/p>\n<p>A. Livingood, J.R. Nolen, T.G. Folland, L. Potechin, S. Criswell, J.P. Maria, C. Shelton, E. Sachet, J.D. Caldwell, \u201cFilterless Non-Dispersive Infrared Sensing using Cadmium Oxide Narrowband Infrared Emitting Metamaterials (NIREMs)\u201d, ACS Photonics, 8, 472-480 (2021).<\/p>\n<p>D. Yoo, F. de Leon-Perez, I.-H. Lee, D.A. Mohr, M. Pelton, J.D. Caldwell, L. Martin-Moreno, S.-H. Oh, \u201cUltrastrong plasmon-phonon coupling via epsilon-near-zero nanocavities\u201d, Nature Photonics, 15, 125-130 (2021).<\/p>\n<p>J.A. Tomko, E.L. Runnerstrom, Y.-S. Wang, J.R. Nolen, D.H. Olson, K.P. Kelley, A. Cleri, J. Nordlander, J.D. Caldwell, O.V. Prezhdo, J.P. Maria, P.E. Hopkins, \u201cLong-lived modulation of plasmonic absorption by ballistic thermal injection\u201d, Nature Nano, 16, 47-51 (2021).<\/p>\n<p><strong>2020<\/strong><\/p>\n<p>Fali, S. Gamage, M. Howard, T.G. Folland, T. Tiwald, K. Bolotin, J.D. Caldwell, Y. Abate, \u201cNanoscale Spectroscopy of Dielectric Properties of Mica\u201d, ACS Photonics, in press (2020).<\/p>\n<p><a href=\"https:\/\/www.nature.com\/articles\/s41566-020-00731-5\">D. Yoo, F. de Leon-Perez, I.-H. Lee, D.A. Mohr, M. Pelton, J.D. Caldwell, L. Martin-Moreno, S.-H. Oh, \u201cUltrastrong plasmon-phonon coupling via epsilon-near-zero nanocavities\u201d, Nature Photonics, https:\/\/doi.org\/10.1038\/s41566-020-00731-5 (2020).<\/a><\/p>\n<p><a href=\"https:\/\/www.nature.com\/articles\/s41565-020-00794-z\">J. A. Tomko, E.L. Runnerstrom, Y.-S. Wang, J.R. Nolen, D.H. Olson, K.P. Kelley, A. Cleri, J. Nordlander, J.D. Caldwell, O.V. Prezhdo, J.P. Maria, P.E. Hopkins, \u201cLong-lived modulation of plasmonic absorption by ballistic thermal injection\u201d, Nature Nano, https:\/\/doi.org\/10.1038\/s41565-020-00794-z (2020).<\/a><\/p>\n<p><a href=\"https:\/\/www.nature.com\/articles\/s41467-020-17424-w\">S.A<\/a><a href=\"https:\/\/www.nature.com\/articles\/s41467-020-19499-x\">. Dereshgi, T.G. Folland, A. Murthy, X. Song, I. Tanriover, V.P. Dravid, J.D. Caldwell, K. Aydin, \u201cLithography-free, planar IR polarization filters and converters via biaxial phonons in a-MoO<sub>3<\/sub> flakes integrated into Fabry-Perot cavities\u201d, Nat. Comm. 11(1) 1-9 (2020).<\/a><\/p>\n<p>I.<a href=\"https:\/\/www.nature.com\/articles\/s41467-020-17424-w\">H. Lee, M. He, X. Zhang, Y. Luo, S. Liu, J.H. Edgar, K. Wang, Ph. Avouris, T. Low, J.D. Caldwell, S.H. Oh, \u201cImage Polaritons in Boron Nitride for Extreme Polariton Confinement with Low Losses\u201d, Nature Comm, 11, 3649 (2020).<\/a><\/p>\n<p><a href=\"https:\/\/iopscience.iop.org\/article\/10.1088\/2515-7639\/ab9d10\/meta\">P. Rufangura, T.G. Folland, A. Agrawal, J. Caldwell, F. Iacopi, \u201cTowards Low-Loss on-chip nanophotonics with graphene and silicon carbide: a review\u201d J. Phys Mater., 3, 032005 (2020).<\/a><\/p>\n<p><a href=\"https:\/\/www.degruyter.com\/view\/journals\/nanoph\/9\/6\/article-p1457.xml\">G. Ramer, M. Tuteja, J.R. Matson, M. Davanco, T.G. Folland, A. Kretinin, T. Taniguchi, K. Watanabe, K.S. Novoselov, J.D. Caldwell, A. Centrone, \u201cHigh-Q dark hyperbolic phonon-polaritons in hexagonal boron nitride nanostructures\u201d, Nanophotonics, 9(6), 1457 (2020).<\/a><\/p>\n<p><a href=\"https:\/\/pubs.acs.org\/doi\/full\/10.1021\/acsomega.0c00600\">G. Lu, J.R. Nolen, T.G. Folland, M. Tadjer, D.G. Walker, J.D. Caldwell, \u201cNarrowband Polaritonic Thermal Emitters Driven by Waste-Heat\u201d ACS Omega\u00a05(19), 10900-10908, DOI: 10.1021\/acsomega.0c00600 (2020). \u2013 <strong>Supplemental Cover May 2020 Edition ACS Omega<\/strong><\/a><\/p>\n<p><a href=\"https:\/\/onlinelibrary.wiley.com\/doi\/full\/10.1002\/adma.201908176\">Alvarez-Perez, T.G. Folland, I. Errea, J. Taboada-Gutierrez, J. Duan, J. Martin-Sanchez, A.I.F. Tresguerres-Mata, J.R. Matson, A. Bylinkin, M. He, W. Ma, Q. Bao, J.D. Caldwell, A.Y. Nikitin, P. Alonso-Gonzalez, \u201cInfrared Permittivity of the biaxial van der Waals semiconductor \u03b1-MoO<sub>3<\/sub> from near- and far-field correlative studies\u201d, Advanced Materials, 32, 1908176 doi.org\/10.1002\/adma.201908176 (2020). \u2013 <strong>Back Cover July 2020 Edition Advanced Material<\/strong><\/a><\/p>\n<p><a href=\"https:\/\/journals.aps.org\/prmaterials\/abstract\/10.1103\/PhysRevMaterials.4.025202\">J.R. Nolen, E.L. Runnerstrom, K.P. Kelley, T.S. Luk, T.G. Folland, J.P. Maria, J.D. Caldwell, \u201cUltraviolet to Far-Infrared Optical Properties of n-doped Cadmium Oxide Thin Films\u201d, Physical Review Materials, 4, 025202 (2020).<\/a><\/p>\n<p><a href=\"https:\/\/pubs.acs.org\/doi\/10.1021\/acsphotonics.0c00071\">T.G. Folland, G. Lu, A. Bruncz, J.R. Nolen, M. Tadjer, J.D. Caldwell, \u201cVibrational Coupling to Epsilon-Near-Zero Waveguide Modes\u201d ACS Photonics, 7(3) 614-621 (2020).<\/a><\/p>\n<p><a href=\"https:\/\/pubs.acs.org\/doi\/abs\/10.1021\/acsphotonics.9b01578\">A. Dunkelberger, D. Ratchford, A.B. Grafton, V.M. Breslin, E.S. Ryland, D.S. Katzer, K.P. Fears, R. J. Weiblen, I. Vurgaftman, A.J. Giles, C.T. Ellis, J.G. Tischler, J.D. Caldwell, J.C. Owrutsky, \u201cUltrafast Active Tuning of the Berreman Mode\u201d, ACS Photonics., 7(1), 279-287 (2020).<\/a><\/p>\n<p><a href=\"https:\/\/doi.org\/10.1002\/adfm.201907357\">B. Hauer, C.E. Marvinney, M. Lewin, N. Mahadik, J. Hite, N.D. Bassim, A.J. Giles, R.E. Stahlbush, J.D. Caldwell, T. Taubner, \u201cExploiting phonon-resonant near-field interactions for the nanoscale investigation of extended defects\u201d, Adv. Func. Materials, 30, 1907357\u00a0(2020).<\/a><\/p>\n<p><a href=\"https:\/\/onlinelibrary.wiley.com\/action\/showCitFormats?doi=10.1002%2Fadom.201901470\">A. Howes, J.R. Nolen, J.D. Caldwell and J. Valentine: Near-Unity and Narrowband Thermal Emissivity in Balanced Dielectric Metasurfaces. Advanced Optical Materials 8, 1901470 (2020).<\/a><\/p>\n<p><a href=\"https:\/\/my.dev.vanderbilt.edu\/caldwellgroup\/publications\/2010-2019\/\"><strong>2010 &#8211; 2019<\/strong><\/a><\/p>\n<p><a href=\"https:\/\/my.dev.vanderbilt.edu\/caldwellgroup\/publications\/2007-2\/\"><strong>2003 &#8211; 2009<\/strong><\/a><\/p>\n<p>&nbsp;<\/p>\n<p>&nbsp;<\/p>\n","protected":false},"excerpt":{"rendered":"<p>2024 A. J. Cleri, M. He, M. J. Tolchin, C. Gubbin, E. Lang, K. Hattar, S. De Liberato, J. D. Caldwell, J-P. Maria, \u201cLaterally Modulating Carrier Concentration by Ion Irradiation in CdO Thin Films for Mid-IR Plasmonics.\u201d Advanced Optical Materials, published online, 2401009 (2024). https:\/\/doi.org\/10.1002\/adom.202401009 E. R. Hoglund, H. A. Walker, Md. K. Hussain, D.-L&#8230;.<\/p>\n","protected":false},"author":6832,"featured_media":0,"parent":0,"menu_order":0,"comment_status":"closed","ping_status":"closed","template":"","meta":{"footnotes":""},"tags":[],"class_list":["post-6","page","type-page","status-publish","hentry"],"_links":{"self":[{"href":"https:\/\/my.dev.vanderbilt.edu\/caldwellgroup\/wp-json\/wp\/v2\/pages\/6","targetHints":{"allow":["GET"]}}],"collection":[{"href":"https:\/\/my.dev.vanderbilt.edu\/caldwellgroup\/wp-json\/wp\/v2\/pages"}],"about":[{"href":"https:\/\/my.dev.vanderbilt.edu\/caldwellgroup\/wp-json\/wp\/v2\/types\/page"}],"author":[{"embeddable":true,"href":"https:\/\/my.dev.vanderbilt.edu\/caldwellgroup\/wp-json\/wp\/v2\/users\/6832"}],"replies":[{"embeddable":true,"href":"https:\/\/my.dev.vanderbilt.edu\/caldwellgroup\/wp-json\/wp\/v2\/comments?post=6"}],"version-history":[{"count":49,"href":"https:\/\/my.dev.vanderbilt.edu\/caldwellgroup\/wp-json\/wp\/v2\/pages\/6\/revisions"}],"predecessor-version":[{"id":1052,"href":"https:\/\/my.dev.vanderbilt.edu\/caldwellgroup\/wp-json\/wp\/v2\/pages\/6\/revisions\/1052"}],"wp:attachment":[{"href":"https:\/\/my.dev.vanderbilt.edu\/caldwellgroup\/wp-json\/wp\/v2\/media?parent=6"}],"wp:term":[{"taxonomy":"post_tag","embeddable":true,"href":"https:\/\/my.dev.vanderbilt.edu\/caldwellgroup\/wp-json\/wp\/v2\/tags?post=6"}],"curies":[{"name":"wp","href":"https:\/\/api.w.org\/{rel}","templated":true}]}}