{"id":3,"date":"2015-09-14T21:39:04","date_gmt":"2015-09-14T21:39:04","guid":{"rendered":"https:\/\/my.dev.vanderbilt.edu\/abbybroughton\/homepage\/"},"modified":"2019-04-15T16:28:02","modified_gmt":"2019-04-15T21:28:02","slug":"homepage","status":"publish","type":"page","link":"https:\/\/my.dev.vanderbilt.edu\/abbybroughton\/","title":{"rendered":"Home"},"content":{"rendered":"<p><span style=\"font-size: 13px\"><a href=\"https:\/\/cdn-dev.vanderbilt.edu\/t2-my-dev\/wp-content\/uploads\/sites\/1883\/2015\/09\/FRIT-Headshots-FRIT-headshots-00341.jpg\"><img loading=\"lazy\" decoding=\"async\" class=\"alignleft size-medium wp-image-15\" src=\"https:\/\/cdn-dev.vanderbilt.edu\/t2-my-dev\/wp-content\/uploads\/sites\/1883\/2015\/09\/FRIT-Headshots-FRIT-headshots-00341-199x300.jpg\" alt=\"\" width=\"199\" height=\"300\" srcset=\"https:\/\/cdn-dev.vanderbilt.edu\/t2-my-dev\/wp-content\/uploads\/sites\/1883\/2015\/09\/FRIT-Headshots-FRIT-headshots-00341-199x300.jpg 199w, https:\/\/cdn-dev.vanderbilt.edu\/t2-my-dev\/wp-content\/uploads\/sites\/1883\/2015\/09\/FRIT-Headshots-FRIT-headshots-00341-431x650.jpg 431w, https:\/\/cdn-dev.vanderbilt.edu\/t2-my-dev\/wp-content\/uploads\/sites\/1883\/2015\/09\/FRIT-Headshots-FRIT-headshots-00341.jpg 1594w\" sizes=\"auto, (max-width: 199px) 100vw, 199px\" \/><\/a><\/span>Abby R. Broughton is a Ph.D.\u00a0candidate\u00a0in French and Second Language Studies at Vanderbilt University in Nashville, Tennessee. She received her M.A. in French Language and Literature from the University of Maryland, College Park in 2015 after successfully defending a thesis\u00a0entitled \u201cL\u2019esth\u00e9tique de l\u2019abject: go\u00fbt et d\u00e9go\u00fbt dans <em>La Mort propagande<\/em> d\u2019Herv\u00e9 Guibert.\u201d She received her B.A. from North Carolina\u2019s Elon University in 2011 with majors in French and International Studies. Following graduation, she moved to Montpellier, France, where she taught English in preschool and elementary schools throughout the Languedoc region as part of the Teaching Assistant Program in France (TAPIF).<\/p>\n<p>Abby&#8217;s dissertation research on social reading seeks to address issues of collaborative cultural interpretation in the intermediate and advanced French classroom. Additional\u00a0academic pursuits\u00a0include\u00a0the intersection of text and image, the pedagogy of theater, and the digital humanities.<\/p>\n<p>Abby is the co-author of <a href=\"http:\/\/colonyincrisis.lib.umd.edu\/\">A Colony in Crisis<\/a>, an interactive primary source reader featuring selected pamphlets surrounding the grain shortage of 1789 in colonial Saint-Domingue.<\/p>\n","protected":false},"excerpt":{"rendered":"<p>Abby R. Broughton is a Ph.D.\u00a0candidate\u00a0in French and Second Language Studies at Vanderbilt University in Nashville, Tennessee. She received her M.A. in French Language and Literature from the University of Maryland, College Park in 2015 after successfully defending a thesis\u00a0entitled \u201cL\u2019esth\u00e9tique de l\u2019abject: go\u00fbt et d\u00e9go\u00fbt dans La Mort propagande d\u2019Herv\u00e9 Guibert.\u201d She received her&#8230;<\/p>\n","protected":false},"author":4550,"featured_media":0,"parent":0,"menu_order":0,"comment_status":"open","ping_status":"open","template":"","meta":{"footnotes":""},"tags":[],"class_list":["post-3","page","type-page","status-publish","hentry"],"_links":{"self":[{"href":"https:\/\/my.dev.vanderbilt.edu\/abbybroughton\/wp-json\/wp\/v2\/pages\/3","targetHints":{"allow":["GET"]}}],"collection":[{"href":"https:\/\/my.dev.vanderbilt.edu\/abbybroughton\/wp-json\/wp\/v2\/pages"}],"about":[{"href":"https:\/\/my.dev.vanderbilt.edu\/abbybroughton\/wp-json\/wp\/v2\/types\/page"}],"author":[{"embeddable":true,"href":"https:\/\/my.dev.vanderbilt.edu\/abbybroughton\/wp-json\/wp\/v2\/users\/4550"}],"replies":[{"embeddable":true,"href":"https:\/\/my.dev.vanderbilt.edu\/abbybroughton\/wp-json\/wp\/v2\/comments?post=3"}],"version-history":[{"count":12,"href":"https:\/\/my.dev.vanderbilt.edu\/abbybroughton\/wp-json\/wp\/v2\/pages\/3\/revisions"}],"predecessor-version":[{"id":113,"href":"https:\/\/my.dev.vanderbilt.edu\/abbybroughton\/wp-json\/wp\/v2\/pages\/3\/revisions\/113"}],"wp:attachment":[{"href":"https:\/\/my.dev.vanderbilt.edu\/abbybroughton\/wp-json\/wp\/v2\/media?parent=3"}],"wp:term":[{"taxonomy":"post_tag","embeddable":true,"href":"https:\/\/my.dev.vanderbilt.edu\/abbybroughton\/wp-json\/wp\/v2\/tags?post=3"}],"curies":[{"name":"wp","href":"https:\/\/api.w.org\/{rel}","templated":true}]}}